{"id":628,"date":"2025-07-04T13:57:58","date_gmt":"2025-07-04T18:57:58","guid":{"rendered":"https:\/\/marketingads.com.co\/ups\/?post_type=product&#038;p=628"},"modified":"2025-12-15T17:07:42","modified_gmt":"2025-12-15T17:07:42","slug":"ups-vme-3kva-2-7kw-ta-online-bifasica","status":"publish","type":"product","link":"https:\/\/marketingads.co\/ups\/producto\/ups-vme-3kva-2-7kw-ta-online-bifasica\/","title":{"rendered":"Ups VME 3kVA\/2.7kW TA Online Bif\u00e1sica"},"content":{"rendered":"<p>Nuestro equipo Ups VME 3kVA\/2.7kW TA Online Bif\u00e1sica, con marca registrada a nivel mundial, ofrece confianza, protecci\u00f3n y respaldo, dise\u00f1ado tanto para el hogar como para el comercio, proporcionando una protecci\u00f3n \u00f3ptima a la industria, cl\u00ednicas y hospitales.<\/p>\n<p>Estos equipos destacan por sus caracter\u00edsticas avanzadas que combinan la mejor tecnolog\u00eda y prestaciones en un solo dispositivo, garantizando un rendimiento excepcional en cualquier situaci\u00f3n.<\/p>\n<h4><b>Caracter\u00edsticas principales de la Ups VME 3kVA\/2.7kW TA Online Bif\u00e1sica:<\/b><\/h4>\n<ol>\n<li><span style=\"font-weight: 400;\">Transformador galv\u00e1nico de Aislamiento Real.<\/span><\/li>\n<li>Potencia Real: 3KW \u2013 pf 0.9.<\/li>\n<li>Potencia Real: 2.7KW.<\/li>\n<li>Factor de Potencia de salida: 0.9.<\/li>\n<li>Voltaje de salida configurable: Bif\u00e1sica entre las dos fases 220\/240VAC; Monof\u00e1sica 110vac-110vac con respecto a Neutro.<\/li>\n<li>Pantalla: Lcd con men\u00fa interactivo.<\/li>\n<li>Bypass electr\u00f3nico configurable.<\/li>\n<li>La tecnolog\u00eda DSP garantiza un alto rendimiento.<\/li>\n<li>Correcci\u00f3n Activa del Factor de potencia.<\/li>\n<li>Modo convertidor de frecuencia 50Hz\/60Hz.<\/li>\n<li>Operaci\u00f3n en modo ECO para ahorro de energ\u00eda (ECO).<\/li>\n<li>Funci\u00f3n de apagado de emergencia (EPO).<\/li>\n<li>Comunicaciones m\u00faltiples SNMP + USB + RS-232.<\/li>\n<li>Tarjeta de red <a href=\"https:\/\/es.wikipedia.org\/wiki\/Protocolo_simple_de_administraci%C3%B3n_de_red\">SNMP<\/a> Opcional.<\/li>\n<\/ol>\n<h4><span style=\"font-weight: 400;\">Topolog\u00eda con tecnolog\u00eda de doble conversi\u00f3n (ONLINE)<\/span><b>. <\/b><span style=\"font-weight: 400;\">Salida de onda sinusoidal pura.<\/span><\/h4>\n<p><span style=\"font-weight: 400;\">Control digital DSP de avanzada tecnolog\u00eda. Ahorro de energ\u00eda, ya que tiene un factor de potencia de entrada de hasta 0, 99. Amplio rango de voltaje de entrada desde 150VAC hasta 300VAC al 50% de carga. Amplio rango de frecuencia de entrada desde 47Hz hasta 63 Hz. Cero (0) ms de transferencia entre la L\u00ednea y las Bater\u00edas, con esta tecnolog\u00eda se garantiza la seguridad y la confiabilidad a la carga (Equipos conectados a la UPS) El modo ECO opcional, reduce el Consumo de energ\u00eda del UPS. Bajo ruido (por debajo de 50 dB), no afectar\u00e1 su vida diaria.<\/span><\/p>\n<h3>Aplicaciones en Diversos Sectores, Esta potente soluci\u00f3n encuentra su lugar en diversas industrias y negocios, como:<\/h3>\n<ul>\n<li>\ud83d\udcde <strong>Call Centers:<\/strong> Mant\u00e9n las comunicaciones ininterrumpidas y los datos protegidos durante cortes de energ\u00eda.<\/li>\n<li>\ud83d\udda5\ufe0f <strong>Servidores:<\/strong> Protege tus servidores y equipos de red para evitar p\u00e9rdidas de datos y tiempos de inactividad.<\/li>\n<li>\ud83c\udfe5 <strong>Sector M\u00e9dico:<\/strong> Asegura el funcionamiento continuo de equipos m\u00e9dicos y odontol\u00f3gicos cr\u00edticos para la atenci\u00f3n de pacientes.<\/li>\n<li>\ud83c\udfed <strong>Industria:<\/strong> Protege tus equipos industriales sensibles y evita da\u00f1os costosos debido a interrupciones de energ\u00eda.<\/li>\n<li>\ud83d\udc65 <strong>Empresas Medianas y Peque\u00f1as:<\/strong> Brinda tranquilidad a tu negocio sin importar su tama\u00f1o, asegurando la continuidad de operaciones esenciales.<\/li>\n<\/ul>\n<h4><strong>Recuerda que tambi\u00e9n contamos con el servicio de venta de equipos a nivel nacional:<\/strong><\/h4>\n<p>Venta <a href=\"https:\/\/upscomunicaciones.com\/categoria-producto\/ups-online\/?swcfpc=1\">UPS<\/a> tipo torre, venta UPS interactiva, venta de UPS tipo rack, venta UPS Smart APC, venta UPS modular, venta UPS escalable, venta UPS online, UPS paralelo, UPS hibrida, UPS solar, Inversor Solar, UPS en serie, UPS contingencia, bater\u00edas secas, tarjetas de control SNMP, inversores y <a href=\"https:\/\/es.wikipedia.org\/wiki\/Panel_solar\">paneles solares<\/a>.<\/p>\n","protected":false},"excerpt":{"rendered":"<p>La UPS cuenta con un transformador galv\u00e1nico de aislamiento real y una potencia real de 3KW con un factor de potencia de salida de 0.9. Permite configurar el voltaje de salida en bif\u00e1sica entre 220\/240VAC y monof\u00e1sica entre 110VAC con respecto a neutro. Tiene una pantalla LCD con men\u00fa interactivo y un bypass electr\u00f3nico configurable. La tecnolog\u00eda DSP garantiza un alto rendimiento y ofrece correcci\u00f3n activa del factor de potencia. Adem\u00e1s, cuenta con modo convertidor de frecuencia 50Hz\/60Hz, operaci\u00f3n en modo ECO para ahorro de energ\u00eda y funci\u00f3n de apagado de emergencia (EPO)<\/p>\n","protected":false},"featured_media":665,"template":"","meta":[],"product_brand":[131],"product_cat":[121,154],"product_tag":[132],"class_list":{"0":"post-628","1":"product","2":"type-product","3":"status-publish","4":"has-post-thumbnail","6":"product_brand-vme","7":"product_cat-ups-online","8":"product_cat-ups-vme-ups-online","9":"product_tag-vme","11":"first","12":"instock","13":"shipping-taxable","14":"product-type-simple"},"aioseo_notices":[],"_links":{"self":[{"href":"https:\/\/marketingads.co\/ups\/wp-json\/wp\/v2\/product\/628","targetHints":{"allow":["GET"]}}],"collection":[{"href":"https:\/\/marketingads.co\/ups\/wp-json\/wp\/v2\/product"}],"about":[{"href":"https:\/\/marketingads.co\/ups\/wp-json\/wp\/v2\/types\/product"}],"wp:featuredmedia":[{"embeddable":true,"href":"https:\/\/marketingads.co\/ups\/wp-json\/wp\/v2\/media\/665"}],"wp:attachment":[{"href":"https:\/\/marketingads.co\/ups\/wp-json\/wp\/v2\/media?parent=628"}],"wp:term":[{"taxonomy":"product_brand","embeddable":true,"href":"https:\/\/marketingads.co\/ups\/wp-json\/wp\/v2\/product_brand?post=628"},{"taxonomy":"product_cat","embeddable":true,"href":"https:\/\/marketingads.co\/ups\/wp-json\/wp\/v2\/product_cat?post=628"},{"taxonomy":"product_tag","embeddable":true,"href":"https:\/\/marketingads.co\/ups\/wp-json\/wp\/v2\/product_tag?post=628"}],"curies":[{"name":"wp","href":"https:\/\/api.w.org\/{rel}","templated":true}]}}