{"id":630,"date":"2025-07-04T13:58:01","date_gmt":"2025-07-04T18:58:01","guid":{"rendered":"https:\/\/marketingads.com.co\/ups\/?post_type=product&#038;p=630"},"modified":"2025-12-16T18:39:40","modified_gmt":"2025-12-16T18:39:40","slug":"ups-vme-2kva-online-rack","status":"publish","type":"product","link":"https:\/\/marketingads.co\/ups\/producto\/ups-vme-2kva-online-rack\/","title":{"rendered":"Ups VME 2kVA Online Rack"},"content":{"rendered":"<p>la Ups VME 2kVA Online Rack cuenta con bater\u00edas originales de alta duraci\u00f3n, con Display Lcd multiparametros, con bater\u00edas internas gama alta que soportan temperaturas elevadas y mayores descargas.<br \/>\nTecnolog\u00eda de doble conversi\u00f3n (ONLINE). Salida de onda sinusoidal pura.<\/p>\n<h4><b>Caracter\u00edsticas principalesde la Ups VME 2kVA Online Rack:<\/b><\/h4>\n<ol>\n<li><span style=\"font-weight: 400;\">Potencia aparente: 1KVA.<\/span><\/li>\n<li>Potencia Real: 1.8 KW.<\/li>\n<li>Factor de Potencia de salida: 0.9.<\/li>\n<li>Voltaje de salida configurable: 110 &#8211; 115 \u2013 120 \u2013 127VAC.<\/li>\n<li>Pantalla: Lcd con men\u00fa interactivo.<\/li>\n<li>Bypass electr\u00f3nico configurable.<\/li>\n<li>La tecnolog\u00eda DSP garantiza un alto rendimiento.<\/li>\n<li>Correcci\u00f3n Activa del Factor de potencia.<\/li>\n<li>Modo convertidor de frecuencia 50Hz\/60Hz.<\/li>\n<li>Operaci\u00f3n en modo ECO para ahorro de energ\u00eda (ECO).<\/li>\n<li>Funci\u00f3n de apagado de emergencia (EPO).<\/li>\n<li>Comunicaciones m\u00faltiples <a href=\"https:\/\/es.wikipedia.org\/wiki\/Protocolo_simple_de_administraci%C3%B3n_de_red\">SNMP<\/a> + USB + RS-232.<\/li>\n<li>Tarjeta de red SNMP: Opcional.<\/li>\n<\/ol>\n<h4><span style=\"font-weight: 400;\">Topolog\u00eda con tecnolog\u00eda de doble conversi\u00f3n (ONLINE)<\/span><b>. <\/b><span style=\"font-weight: 400;\">Salida de onda sinusoidal pura.<\/span><\/h4>\n<p><span style=\"font-weight: 400;\">Control digital DSP de avanzada tecnolog\u00eda. Ahorro de energ\u00eda, ya que tiene un factor de potencia de entrada de hasta 0, 99. Amplio rango de voltaje de entrada desde 55VAC hasta 150VAC. Amplio rango de frecuencia de entrada desde 40Hz hasta 70 Hz. Cero (0) ms de transferencia entre la L\u00ednea y las Bater\u00edas, con esta tecnolog\u00eda se garantiza la seguridad y la confiabilidad a la carga (Equipos conectados a la UPS) El modo ECO opcional, reduce el Consumo de energ\u00eda del UPS. Bajo ruido (por debajo de 50 dB), no afectar\u00e1 su vida diaria.<\/span><\/p>\n<h4>Aplicaciones en Diversos Sectores, Esta potente soluci\u00f3n encuentra su lugar en diversas industrias y negocios, como:<\/h4>\n<ul>\n<li>\ud83d\udcde <strong>Call Centers:<\/strong> Mant\u00e9n las comunicaciones ininterrumpidas y los datos protegidos durante cortes de energ\u00eda.<\/li>\n<li>\ud83d\udda5\ufe0f <strong>Servidores:<\/strong> Protege tus servidores y equipos de red para evitar p\u00e9rdidas de datos y tiempos de inactividad.<\/li>\n<li>\ud83c\udfe5 <strong>Sector M\u00e9dico:<\/strong> Asegura el funcionamiento continuo de equipos m\u00e9dicos y odontol\u00f3gicos cr\u00edticos para la atenci\u00f3n de pacientes.<\/li>\n<li>\ud83c\udfed <strong>Industria:<\/strong> Protege tus equipos industriales sensibles y evita da\u00f1os costosos debido a interrupciones de energ\u00eda.<\/li>\n<li>\ud83d\udc65 <strong>Empresas Medianas y Peque\u00f1as:<\/strong> Brinda tranquilidad a tu negocio sin importar su tama\u00f1o, asegurando la continuidad de operaciones esenciales.<\/li>\n<\/ul>\n<h4><strong>Recuerda que tambi\u00e9n contamos con el servicio de venta de equipos a nivel nacional:<\/strong><\/h4>\n<p>Venta <a href=\"https:\/\/upscomunicaciones.com\/categoria-producto\/ups-online\/?swcfpc=1\">UPS<\/a> tipo torre, venta UPS interactiva, venta de UPS tipo rack, venta UPS Smart APC, venta UPS modular, venta UPS escalable, venta UPS online, UPS paralelo, UPS hibrida, UPS solar, Inversor Solar, UPS en serie, UPS contingencia, bater\u00edas secas, tarjetas de control SNMP, inversores y <a href=\"https:\/\/es.wikipedia.org\/wiki\/Panel_solar\">paneles solares<\/a>.<\/p>\n","protected":false},"excerpt":{"rendered":"<p>La UPS se puede utilizar en modo torre o en modo rack, lo que permite ahorrar espacio. Viene en tres opciones de potencia aparente: 1KVA, 2KVA y 3KVA, con potencias reales de 900W, 1.8KW y 2.7KW respectivamente. Cuenta con un factor de potencia de salida de 0.9 y un amplio rango de entrada para adaptarse a diferentes condiciones. Permite configurar el voltaje de salida en 100-110-115-120-127VAC y tiene una pantalla LCD con men\u00fa interactivo. Adem\u00e1s, incluye un bypass electr\u00f3nico configurable y tecnolog\u00eda DSP para garantizar un alto rendimiento y correcci\u00f3n activa del factor de potencia.<\/p>\n","protected":false},"featured_media":670,"template":"","meta":[],"product_brand":[131],"product_cat":[121,154],"product_tag":[132],"class_list":{"0":"post-630","1":"product","2":"type-product","3":"status-publish","4":"has-post-thumbnail","6":"product_brand-vme","7":"product_cat-ups-online","8":"product_cat-ups-vme-ups-online","9":"product_tag-vme","11":"first","12":"instock","13":"shipping-taxable","14":"product-type-simple"},"aioseo_notices":[],"_links":{"self":[{"href":"https:\/\/marketingads.co\/ups\/wp-json\/wp\/v2\/product\/630","targetHints":{"allow":["GET"]}}],"collection":[{"href":"https:\/\/marketingads.co\/ups\/wp-json\/wp\/v2\/product"}],"about":[{"href":"https:\/\/marketingads.co\/ups\/wp-json\/wp\/v2\/types\/product"}],"wp:featuredmedia":[{"embeddable":true,"href":"https:\/\/marketingads.co\/ups\/wp-json\/wp\/v2\/media\/670"}],"wp:attachment":[{"href":"https:\/\/marketingads.co\/ups\/wp-json\/wp\/v2\/media?parent=630"}],"wp:term":[{"taxonomy":"product_brand","embeddable":true,"href":"https:\/\/marketingads.co\/ups\/wp-json\/wp\/v2\/product_brand?post=630"},{"taxonomy":"product_cat","embeddable":true,"href":"https:\/\/marketingads.co\/ups\/wp-json\/wp\/v2\/product_cat?post=630"},{"taxonomy":"product_tag","embeddable":true,"href":"https:\/\/marketingads.co\/ups\/wp-json\/wp\/v2\/product_tag?post=630"}],"curies":[{"name":"wp","href":"https:\/\/api.w.org\/{rel}","templated":true}]}}