{"id":635,"date":"2025-07-04T13:58:08","date_gmt":"2025-07-04T18:58:08","guid":{"rendered":"https:\/\/marketingads.com.co\/ups\/?post_type=product&#038;p=635"},"modified":"2025-12-16T18:15:50","modified_gmt":"2025-12-16T18:15:50","slug":"ups-vme-10kva-online-bifasica-torre","status":"publish","type":"product","link":"https:\/\/marketingads.co\/ups\/producto\/ups-vme-10kva-online-bifasica-torre\/","title":{"rendered":"Ups VME 10kVA Online Bif\u00e1sica Torre"},"content":{"rendered":"<p>Nuestro equipo Ups VME 10kVA Online Bif\u00e1sica Torre, con marca registrada a nivel mundial, ofrece confianza, protecci\u00f3n y respaldo, dise\u00f1ado tanto para el hogar como para el comercio, proporcionando una protecci\u00f3n \u00f3ptima a la industria, cl\u00ednicas y hospitales.<\/p>\n<p>Estos equipos destacan por sus caracter\u00edsticas avanzadas que combinan la mejor tecnolog\u00eda y prestaciones en un solo dispositivo, garantizando un rendimiento excepcional en cualquier situaci\u00f3n.<\/p>\n<h4><b>Caracter\u00edsticas principales de la Ups VME 10kVA Online Bif\u00e1sica Torre:<\/b><\/h4>\n<ol>\n<li><span style=\"font-weight: 400;\">Transformador galv\u00e1nico de Aislamiento Real.<\/span><\/li>\n<li>Potencia real: 10KW.<\/li>\n<li>Potencia aparente: 10KVA.<\/li>\n<li>Amplio rango de entrada 150VAC a 300VAC.<\/li>\n<li>Voltaje de salida configurable: Bif\u00e1sica entre las dos fases 200\/ 220\/240VAC; Monof\u00e1sica 110vac-110vac con respecto a Neutro.<\/li>\n<li>Pantalla: Lcd con men\u00fa interactivo.<\/li>\n<li>Bypass electr\u00f3nico configurable.<\/li>\n<li>Bypass para mantenimiento manual (Llave Selectora).<\/li>\n<li>La tecnolog\u00eda DSP garantiza un alto rendimiento.<\/li>\n<li>Correcci\u00f3n Activa del Factor de potencia en todas las fases.<\/li>\n<li>Modo convertidor de frecuencia 50Hz\/60Hz.<\/li>\n<li>Operaci\u00f3n en modo ECO para ahorro de energ\u00eda (ECO).<\/li>\n<li>Funci\u00f3n de apagado de emergencia (EPO).<\/li>\n<li>Tiempo de transferencia de red a bater\u00edas: cero.<\/li>\n<li>Comunicaciones m\u00faltiples SNMP + USB + RS-232.<\/li>\n<li>Tarjeta de red<a href=\"https:\/\/es.wikipedia.org\/wiki\/Protocolo_simple_de_administraci%C3%B3n_de_red\"> SNMP<\/a> Opcional.<\/li>\n<\/ol>\n<h4>Aplicaciones en Diversos Sectores, Esta potente soluci\u00f3n encuentra su lugar en diversas industrias y negocios, como:<\/h4>\n<ul>\n<li>\ud83d\udcde <strong>Call Centers:<\/strong> Mant\u00e9n las comunicaciones ininterrumpidas y los datos protegidos durante cortes de energ\u00eda.<\/li>\n<li>\ud83d\udda5\ufe0f <strong>Servidores:<\/strong> Protege tus servidores y equipos de red para evitar p\u00e9rdidas de datos y tiempos de inactividad.<\/li>\n<li>\ud83c\udfe5 <strong>Sector M\u00e9dico:<\/strong> Asegura el funcionamiento continuo de equipos m\u00e9dicos y odontol\u00f3gicos cr\u00edticos para la atenci\u00f3n de pacientes.<\/li>\n<li>\ud83c\udfed <strong>Industria:<\/strong> Protege tus equipos industriales sensibles y evita da\u00f1os costosos debido a interrupciones de energ\u00eda.<\/li>\n<li>\ud83d\udc65 <strong>Empresas Medianas y Peque\u00f1as:<\/strong> Brinda tranquilidad a tu negocio sin importar su tama\u00f1o, asegurando la continuidad de operaciones esenciales.<\/li>\n<\/ul>\n<h4><strong>Recuerda que tambi\u00e9n contamos con el servicio de venta de equipos a nivel nacional:<\/strong><\/h4>\n<p>Venta <a href=\"https:\/\/upscomunicaciones.com\/categoria-producto\/ups-online\/?swcfpc=1\">UPS<\/a> tipo torre, venta UPS interactiva, venta de UPS tipo rack, venta UPS Smart APC, venta UPS modular, venta UPS escalable, venta UPS online, UPS paralelo, UPS hibrida, UPS solar, Inversor Solar, UPS en serie, UPS contingencia, bater\u00edas secas, tarjetas de control SNMP, inversores y <a href=\"https:\/\/es.wikipedia.org\/wiki\/Panel_solar\">paneles solares<\/a>.<\/p>\n","protected":false},"excerpt":{"rendered":"<p>Tiene una potencia real de 10KW y una potencia aparente de 10KVA, permite un amplio rango de entrada de 150VAC a 300VAC y configurar el voltaje de salida en bif\u00e1sica o monof\u00e1sica. Incluye una pantalla LCD con men\u00fa interactivo, bypass electr\u00f3nico configurable y funci\u00f3n de apagado de emergencia (EPO). La tecnolog\u00eda DSP garantiza un alto rendimiento y correcci\u00f3n activa del factor de potencia en todas las fases. Ofrece modo convertidor de frecuencia 50Hz\/60Hz y operaci\u00f3n en modo ECO para ahorrar energ\u00eda. Dispone de comunicaciones m\u00faltiples a trav\u00e9s de SNMP, USB y RS-232, y se puede agregar una tarjeta de red SNMP opcional para mayor funcionalidad.<\/p>\n","protected":false},"featured_media":682,"template":"","meta":[],"product_brand":[131],"product_cat":[121,154],"product_tag":[132],"class_list":{"0":"post-635","1":"product","2":"type-product","3":"status-publish","4":"has-post-thumbnail","6":"product_brand-vme","7":"product_cat-ups-online","8":"product_cat-ups-vme-ups-online","9":"product_tag-vme","11":"first","12":"instock","13":"shipping-taxable","14":"product-type-simple"},"aioseo_notices":[],"_links":{"self":[{"href":"https:\/\/marketingads.co\/ups\/wp-json\/wp\/v2\/product\/635","targetHints":{"allow":["GET"]}}],"collection":[{"href":"https:\/\/marketingads.co\/ups\/wp-json\/wp\/v2\/product"}],"about":[{"href":"https:\/\/marketingads.co\/ups\/wp-json\/wp\/v2\/types\/product"}],"wp:featuredmedia":[{"embeddable":true,"href":"https:\/\/marketingads.co\/ups\/wp-json\/wp\/v2\/media\/682"}],"wp:attachment":[{"href":"https:\/\/marketingads.co\/ups\/wp-json\/wp\/v2\/media?parent=635"}],"wp:term":[{"taxonomy":"product_brand","embeddable":true,"href":"https:\/\/marketingads.co\/ups\/wp-json\/wp\/v2\/product_brand?post=635"},{"taxonomy":"product_cat","embeddable":true,"href":"https:\/\/marketingads.co\/ups\/wp-json\/wp\/v2\/product_cat?post=635"},{"taxonomy":"product_tag","embeddable":true,"href":"https:\/\/marketingads.co\/ups\/wp-json\/wp\/v2\/product_tag?post=635"}],"curies":[{"name":"wp","href":"https:\/\/api.w.org\/{rel}","templated":true}]}}