{"id":636,"date":"2025-07-04T13:58:09","date_gmt":"2025-07-04T18:58:09","guid":{"rendered":"https:\/\/marketingads.com.co\/ups\/?post_type=product&#038;p=636"},"modified":"2025-12-16T12:34:21","modified_gmt":"2025-12-16T17:34:21","slug":"ups-vme-15kva-online-trifasica-torre","status":"publish","type":"product","link":"https:\/\/marketingads.co\/ups\/producto\/ups-vme-15kva-online-trifasica-torre\/","title":{"rendered":"Ups VME 15kVA Online Trif\u00e1sica Torre"},"content":{"rendered":"<p>Nuestro equipo Ups VME 15kVA Online Trif\u00e1sica Torre, con marca registrada a nivel mundial, ofrece confianza, protecci\u00f3n y respaldo, dise\u00f1ado tanto para el hogar como para el comercio, proporcionando una protecci\u00f3n \u00f3ptima a la industria, cl\u00ednicas y hospitales.<\/p>\n<p>Estos equipos destacan por sus caracter\u00edsticas avanzadas que combinan la mejor tecnolog\u00eda y prestaciones en un solo dispositivo, garantizando un rendimiento excepcional en cualquier situaci\u00f3n.<\/p>\n<h4><b>Caracter\u00edsticas principales Ups VME 15kVA Online Trif\u00e1sica Torre:<\/b><\/h4>\n<ol>\n<li>Potencia real: 15KW.<\/li>\n<li>Potencia aparente: 15KVA.<\/li>\n<li>Factor de Potencia de salida: 1.0.<\/li>\n<li>Amplio rango de entrada 150VAC a 300VAC.<\/li>\n<li>Voltaje de salida configurable: Bif\u00e1sica entre las dos fases 208\/ 220\/240VAC; Monof\u00e1sica 120vac-120vac con respecto a Neutro.<\/li>\n<li>Pantalla: Lcd con men\u00fa interactivo.<\/li>\n<li>Bypass electr\u00f3nico configurable.<\/li>\n<li>Bypass para mantenimiento manual (Llave Selectora).<\/li>\n<li>La tecnolog\u00eda DSP garantiza un alto rendimiento.<\/li>\n<li>Correcci\u00f3n Activa del Factor de potencia en todas las fases.<\/li>\n<li>Modo convertidor de frecuencia 50Hz\/60Hz.<\/li>\n<li>Operaci\u00f3n en modo ECO para ahorro de energ\u00eda (ECO).<\/li>\n<li>Funci\u00f3n de apagado de emergencia (EPO).<\/li>\n<li>Tiempo de transferencia de red a bater\u00edas: cero.<\/li>\n<li>Comunicaciones m\u00faltiples SNMP + USB + RS-232.<\/li>\n<li>Tarjeta de red SNMP Opcional.<\/li>\n<li><a href=\"https:\/\/es.wikipedia.org\/wiki\/Bater%C3%ADa_AGM\">baterias<\/a> 12V \/9 Ah.<\/li>\n<\/ol>\n<h4>Aplicaciones en Diversos Sectores, Esta potente soluci\u00f3n encuentra su lugar en diversas industrias y negocios, como:<\/h4>\n<ul>\n<li>\ud83d\udcde <strong>Call Centers:<\/strong> Mant\u00e9n las comunicaciones ininterrumpidas y los datos protegidos durante cortes de energ\u00eda.<\/li>\n<li>\ud83d\udda5\ufe0f <strong>Servidores:<\/strong> Protege tus servidores y equipos de red para evitar p\u00e9rdidas de datos y tiempos de inactividad.<\/li>\n<li>\ud83c\udfe5 <strong>Sector M\u00e9dico:<\/strong> Asegura el funcionamiento continuo de equipos m\u00e9dicos y odontol\u00f3gicos cr\u00edticos para la atenci\u00f3n de pacientes.<\/li>\n<li>\ud83c\udfed <strong>Industria:<\/strong> Protege tus equipos industriales sensibles y evita da\u00f1os costosos debido a interrupciones de energ\u00eda.<\/li>\n<li>\ud83d\udc65 <strong>Empresas Medianas y Peque\u00f1as:<\/strong> Brinda tranquilidad a tu negocio sin importar su tama\u00f1o, asegurando la continuidad de operaciones esenciales.<\/li>\n<\/ul>\n<h4><strong>Recuerda que tambi\u00e9n contamos con el servicio de venta de equipos a nivel nacional:<\/strong><\/h4>\n<p>Venta <a href=\"https:\/\/upscomunicaciones.com\/categoria-producto\/ups-online\/?swcfpc=1\">UPS<\/a> tipo torre, venta UPS interactiva, venta de UPS tipo rack, venta UPS Smart APC, venta UPS modular, venta UPS escalable, venta UPS online, UPS paralelo, UPS hibrida, UPS solar, Inversor Solar, UPS en serie, UPS contingencia, bater\u00edas secas, tarjetas de control SNMP, inversores y <a href=\"https:\/\/es.wikipedia.org\/wiki\/Panel_solar\">paneles solares<\/a>.<\/p>\n","protected":false},"excerpt":{"rendered":"<p>Potencia real de 15KW y aparente de 15KVA, con factor de potencia de salida de 1.0. Amplio rango de entrada de 150VAC a 300VAC y voltaje configurable para adaptarse a tus necesidades. \u00a1Operaci\u00f3n en modo ECO para ahorrar energ\u00eda! \u00a1Mantente conectado con comunicaciones SNMP + USB + RS-232! \u00a1Incluye bater\u00edas 12V\/9Ah para mayor confiabilidad.<\/p>\n","protected":false},"featured_media":685,"template":"","meta":[],"product_brand":[131],"product_cat":[121,154],"product_tag":[132],"class_list":{"0":"post-636","1":"product","2":"type-product","3":"status-publish","4":"has-post-thumbnail","6":"product_brand-vme","7":"product_cat-ups-online","8":"product_cat-ups-vme-ups-online","9":"product_tag-vme","11":"first","12":"instock","13":"shipping-taxable","14":"product-type-simple"},"aioseo_notices":[],"_links":{"self":[{"href":"https:\/\/marketingads.co\/ups\/wp-json\/wp\/v2\/product\/636","targetHints":{"allow":["GET"]}}],"collection":[{"href":"https:\/\/marketingads.co\/ups\/wp-json\/wp\/v2\/product"}],"about":[{"href":"https:\/\/marketingads.co\/ups\/wp-json\/wp\/v2\/types\/product"}],"wp:featuredmedia":[{"embeddable":true,"href":"https:\/\/marketingads.co\/ups\/wp-json\/wp\/v2\/media\/685"}],"wp:attachment":[{"href":"https:\/\/marketingads.co\/ups\/wp-json\/wp\/v2\/media?parent=636"}],"wp:term":[{"taxonomy":"product_brand","embeddable":true,"href":"https:\/\/marketingads.co\/ups\/wp-json\/wp\/v2\/product_brand?post=636"},{"taxonomy":"product_cat","embeddable":true,"href":"https:\/\/marketingads.co\/ups\/wp-json\/wp\/v2\/product_cat?post=636"},{"taxonomy":"product_tag","embeddable":true,"href":"https:\/\/marketingads.co\/ups\/wp-json\/wp\/v2\/product_tag?post=636"}],"curies":[{"name":"wp","href":"https:\/\/api.w.org\/{rel}","templated":true}]}}