{"id":639,"date":"2025-07-04T13:58:13","date_gmt":"2025-07-04T18:58:13","guid":{"rendered":"https:\/\/marketingads.com.co\/ups\/?post_type=product&#038;p=639"},"modified":"2025-12-12T21:05:36","modified_gmt":"2025-12-12T21:05:36","slug":"ups-vme-10kva-online-trifasica-torrejal","status":"publish","type":"product","link":"https:\/\/marketingads.co\/ups\/producto\/ups-vme-10kva-online-trifasica-torrejal\/","title":{"rendered":"Ups VME 10kVA Online Trif\u00e1sica Torrejal"},"content":{"rendered":"<p>Nuestra Ups VME 10kVA Online Trif\u00e1sica Torrejal cuenta con alta eficiencia de hasta 93% y un alto PF de entrada mayor a 0.99. Ofrece arranque en fr\u00edo de la bater\u00eda opcional y se puede usar en paralelo hasta con 8 unidades para mayor potencia. Su interfaz de operaci\u00f3n amigable y pantalla LCD de alta resoluci\u00f3n facilitan su uso.<\/p>\n<h4><strong>Caracter\u00edsticas principales Ups VME 10kVA Online Trif\u00e1sica Torrejal:<\/strong><\/h4>\n<ol>\n<li><span style=\"font-weight: 400;\">Alta eficiencia, hasta 93%<\/span><\/li>\n<li>Entrada alta PF \uff1e 0.99<\/li>\n<li>Arranque en fr\u00edo de la bater\u00eda (opcional)<\/li>\n<li>Paralelo hasta 8 unidades.<\/li>\n<li>Interfaz de operaci\u00f3n amigable, pantalla LCD de alta resoluci\u00f3n<\/li>\n<li>Gesti\u00f3n de la bater\u00eda con control de carga inteligente, en gran medida para extender la vida de la bater\u00eda.<\/li>\n<li>Corriente de entrada THDi \uff1c 4% Muti-protecci\u00f3n, protecci\u00f3n contra sobretemperatura con 8 sensores, sobrecarga, bater\u00eda bajo voltaje, fallas del ventilador, cortocircuito, Cuatro (4) disyuntores, que brindan protecci\u00f3n total cuando existe falla.<\/li>\n<li>Comunicaciones m\u00faltiples <a href=\"https:\/\/es.wikipedia.org\/wiki\/Protocolo_simple_de_administraci%C3%B3n_de_red\">SNMP<\/a> + USB + RS-232<\/li>\n<li>4 breakers de protecci\u00f3n de alimentaci\u00f3n que proporcionan protecci\u00f3n completa ante fallas<\/li>\n<li>Pantalla LCD de alta resoluci\u00f3n<\/li>\n<li>Voltaje de salida configurable: Bif\u00e1sica entre las dos fases 208\/220\/240VAC; Monof\u00e1sica 120vac-120vac con respecto a Neutro<\/li>\n<\/ol>\n<p><span style=\"font-weight: 400;\">La Ups VME (VIS MOTRIX ENERGY)\u00a0 aplica tecnolog\u00eda avanzada que aumenta el rendimiento y la confiabilidad. Est\u00e1 dise\u00f1ada con dos dsp de alta velocidad con completados. El control digital garantiza una alta calidad de la fuente de alimentaci\u00f3n, alto factor de potencia de entrada y baja distorsi\u00f3n de corriente de entrada.<\/span><\/p>\n<p><span style=\"font-weight: 400;\">Es una UPS Online tipo Torre que se fabrican de 6KVA Hasta 30KVA con voltajes de (200v \/ 208v \/ 220v\/240v)<\/span><\/p>\n<h4>Aplicaciones en Diversos Sectores, Esta potente soluci\u00f3n encuentra su lugar en diversas industrias y negocios, como:<\/h4>\n<ul>\n<li>\ud83d\udcde <strong>Call Centers:<\/strong> Mant\u00e9n las comunicaciones ininterrumpidas y los datos protegidos durante cortes de energ\u00eda.<\/li>\n<li>\ud83d\udda5\ufe0f <strong>Servidores:<\/strong> Protege tus servidores y equipos de red para evitar p\u00e9rdidas de datos y tiempos de inactividad.<\/li>\n<li>\ud83c\udfe5 <strong>Sector M\u00e9dico:<\/strong> Asegura el funcionamiento continuo de equipos m\u00e9dicos y odontol\u00f3gicos cr\u00edticos para la atenci\u00f3n de pacientes.<\/li>\n<li>\ud83c\udfed <strong>Industria:<\/strong> Protege tus equipos industriales sensibles y evita da\u00f1os costosos debido a interrupciones de energ\u00eda.<\/li>\n<li>\ud83d\udc65 <strong>Empresas Medianas y Peque\u00f1as:<\/strong> Brinda tranquilidad a tu negocio sin importar su tama\u00f1o, asegurando la continuidad de operaciones esenciales.<\/li>\n<\/ul>\n<h4><strong>Recuerda que tambi\u00e9n contamos con el servicio de venta de equipos a nivel nacional:<\/strong><\/h4>\n<p>Venta <a href=\"https:\/\/upscomunicaciones.com\/categoria-producto\/ups-online\/?swcfpc=1\">UPS<\/a> tipo torre, venta UPS interactiva, venta de UPS tipo rack, venta UPS Smart APC, venta UPS modular, venta UPS escalable, venta UPS online, UPS paralelo, UPS hibrida, UPS solar, Inversor Solar, UPS en serie, UPS contingencia, bater\u00edas secas, tarjetas de control SNMP, inversores y <a href=\"https:\/\/es.wikipedia.org\/wiki\/Panel_solar\">paneles solares<\/a>.<\/p>\n","protected":false},"excerpt":{"rendered":"<p>La gesti\u00f3n inteligente de la bater\u00eda extiende su vida \u00fatil y la protecci\u00f3n multi-nivel incluye 8 sensores para proteger contra sobretemperatura, sobrecarga, bater\u00eda baja, fallas del ventilador y cortocircuitos. Adem\u00e1s, cuenta con 4 breakers de protecci\u00f3n de alimentaci\u00f3n para una seguridad completa.<\/p>\n<p>El voltaje de salida es configurable, permitiendo bif\u00e1sica entre dos fases 208\/220\/240VAC y monof\u00e1sica 120VAC-120VAC con respecto a Neutro. \u00a1Una UPS vers\u00e1til y fiable para cualquier entorno<\/p>\n","protected":false},"featured_media":689,"template":"","meta":[],"product_brand":[131],"product_cat":[121,154],"product_tag":[132],"class_list":{"0":"post-639","1":"product","2":"type-product","3":"status-publish","4":"has-post-thumbnail","6":"product_brand-vme","7":"product_cat-ups-online","8":"product_cat-ups-vme-ups-online","9":"product_tag-vme","11":"first","12":"instock","13":"shipping-taxable","14":"product-type-simple"},"aioseo_notices":[],"_links":{"self":[{"href":"https:\/\/marketingads.co\/ups\/wp-json\/wp\/v2\/product\/639","targetHints":{"allow":["GET"]}}],"collection":[{"href":"https:\/\/marketingads.co\/ups\/wp-json\/wp\/v2\/product"}],"about":[{"href":"https:\/\/marketingads.co\/ups\/wp-json\/wp\/v2\/types\/product"}],"wp:featuredmedia":[{"embeddable":true,"href":"https:\/\/marketingads.co\/ups\/wp-json\/wp\/v2\/media\/689"}],"wp:attachment":[{"href":"https:\/\/marketingads.co\/ups\/wp-json\/wp\/v2\/media?parent=639"}],"wp:term":[{"taxonomy":"product_brand","embeddable":true,"href":"https:\/\/marketingads.co\/ups\/wp-json\/wp\/v2\/product_brand?post=639"},{"taxonomy":"product_cat","embeddable":true,"href":"https:\/\/marketingads.co\/ups\/wp-json\/wp\/v2\/product_cat?post=639"},{"taxonomy":"product_tag","embeddable":true,"href":"https:\/\/marketingads.co\/ups\/wp-json\/wp\/v2\/product_tag?post=639"}],"curies":[{"name":"wp","href":"https:\/\/api.w.org\/{rel}","templated":true}]}}