{"id":642,"date":"2025-07-04T13:58:18","date_gmt":"2025-07-04T18:58:18","guid":{"rendered":"https:\/\/marketingads.com.co\/ups\/?post_type=product&#038;p=642"},"modified":"2025-12-12T20:35:33","modified_gmt":"2025-12-12T20:35:33","slug":"ups-vme-30kva-online-trifasica-torrejal","status":"publish","type":"product","link":"https:\/\/marketingads.co\/ups\/producto\/ups-vme-30kva-online-trifasica-torrejal\/","title":{"rendered":"Ups VME 30kVA Online Trif\u00e1sica Torrejal"},"content":{"rendered":"<p>Las Ups VME 30kVA Online Trif\u00e1sica Torrejal de la serie JAL33 integran una tecnolog\u00eda avanzada que aumenta el rendimiento y la fiabilidad: dos DSP de alta velocidad con control digital completo para asegurar una alta calidad de alimentaci\u00f3n, un alto factor de potencia de entrada y una baja distorsi\u00f3n de la corriente de entrada. Ideales para usos en ISP (proveedor de servicios de Internet), datacenter, sala de inform\u00e1tica,centro de servicios, instrumentos de precisi\u00f3n, equipos inteligentes.<\/p>\n<h4><b>Caracter\u00edsticas principales Ups VME 30kVA Online Trif\u00e1sica Torrejal:<\/b><\/h4>\n<ul>\n<li style=\"font-weight: 400;\"><span style=\"font-weight: 400;\">Alta eficiencia, hasta 93%<\/span><\/li>\n<li style=\"font-weight: 400;\"><span style=\"font-weight: 400;\">Entrada alta PF <\/span><span style=\"font-weight: 400;\">\uff1e<\/span><span style=\"font-weight: 400;\"> 0.99<\/span><\/li>\n<li style=\"font-weight: 400;\"><span style=\"font-weight: 400;\">Arranque en fr\u00edo de la bater\u00eda (opcional)<\/span><\/li>\n<li style=\"font-weight: 400;\"><span style=\"font-weight: 400;\">Paralelo hasta 8 unidades.<\/span><\/li>\n<li style=\"font-weight: 400;\"><span style=\"font-weight: 400;\">Interfaz de operaci\u00f3n amigable, pantalla LCD de alta resoluci\u00f3n<\/span><\/li>\n<li style=\"font-weight: 400;\"><span style=\"font-weight: 400;\">Gesti\u00f3n de la bater\u00eda con control de carga inteligente, en gran medida para extender la vida de la bater\u00eda.<\/span><\/li>\n<li style=\"font-weight: 400;\"><span style=\"font-weight: 400;\">Corriente de entrada THDi <\/span><span style=\"font-weight: 400;\">\uff1c<\/span><span style=\"font-weight: 400;\"> 4% Muti-protecci\u00f3n, protecci\u00f3n contra sobre temperatura con 8 sensores, sobrecarga, bater\u00eda bajo voltaje, fallas del ventilador, cortocircuito, Cuatro (4) disyuntores, que brindan protecci\u00f3n total cuando existe falla.<\/span><\/li>\n<li>Tarjeta de control<a href=\"https:\/\/es.wikipedia.org\/wiki\/Protocolo_simple_de_administraci%C3%B3n_de_red\"> SNMP<\/a> (opcional).<\/li>\n<\/ul>\n<p><span style=\"font-weight: 400;\">La Ups VME (VIS MOTRIX ENERGY) de la serie jal33 aplica tecnolog\u00eda avanzada que aumenta el rendimiento y la confiabilidad. Est\u00e1 dise\u00f1ada con dos dsp de alta velocidad con completados. El control digital garantiza una alta calidad de la fuente de alimentaci\u00f3n, alto factor de potencia de entrada y baja distorsi\u00f3n de corriente de entrada.<\/span><\/p>\n<p><span style=\"font-weight: 400;\">Es una UPS Online tipo Torre que se fabrican de 6KVA Hasta 30KVA con voltajes de (200v \/ 208v \/ 220v\/240v)<\/span><\/p>\n<h4>Aplicaciones en Diversos Sectores, Esta potente soluci\u00f3n encuentra su lugar en diversas industrias y negocios, como:<\/h4>\n<ul>\n<li>\ud83d\udcde <strong>Call Centers:<\/strong> Mant\u00e9n las comunicaciones ininterrumpidas y los datos protegidos durante cortes de energ\u00eda.<\/li>\n<li>\ud83d\udda5\ufe0f <strong>Servidores:<\/strong> Protege tus servidores y equipos de red para evitar p\u00e9rdidas de datos y tiempos de inactividad.<\/li>\n<li>\ud83c\udfe5 <strong>Sector M\u00e9dico:<\/strong> Asegura el funcionamiento continuo de equipos m\u00e9dicos y odontol\u00f3gicos cr\u00edticos para la atenci\u00f3n de pacientes.<\/li>\n<li>\ud83c\udfed <strong>Industria:<\/strong> Protege tus equipos industriales sensibles y evita da\u00f1os costosos debido a interrupciones de energ\u00eda.<\/li>\n<li>\ud83d\udc65 <strong>Empresas Medianas y Peque\u00f1as:<\/strong> Brinda tranquilidad a tu negocio sin importar su tama\u00f1o, asegurando la continuidad de operaciones esenciales.<\/li>\n<\/ul>\n<h4><strong>Recuerda que tambi\u00e9n contamos con el servicio de venta de equipos a nivel nacional:<\/strong><\/h4>\n<p>Venta <a href=\"https:\/\/upscomunicaciones.com\/categoria-producto\/ups-online\/?swcfpc=1\">UPS<\/a> tipo torre, venta UPS interactiva, venta de UPS tipo rack, venta UPS Smart APC, venta UPS modular, venta UPS escalable, venta UPS online, UPS paralelo, UPS hibrida, UPS solar, Inversor Solar, UPS en serie, UPS contingencia, bater\u00edas secas, tarjetas de control SNMP, inversores y <a href=\"https:\/\/es.wikipedia.org\/wiki\/Panel_solar\">paneles solares<\/a>.<\/p>\n<p>&nbsp;<\/p>\n","protected":false},"excerpt":{"rendered":"<ol>\n<li><span style=\"font-weight: 400;\">Alta eficiencia, hasta 93% <\/span><\/li>\n<li>Entrada alta PF \uff1e 0.99<\/li>\n<li>Arranque en fr\u00edo de la bater\u00eda (opcional)<\/li>\n<li>Paralelo hasta 8 unidades.<\/li>\n<li>Interfaz de operaci\u00f3n amigable, pantalla LCD de alta resoluci\u00f3n<\/li>\n<li>Gesti\u00f3n de la bater\u00eda con control de carga inteligente, en gran medida para extender la vida de la bater\u00eda.<\/li>\n<li>Corriente de entrada THDi \uff1c 4% Muti-protecci\u00f3n, protecci\u00f3n contra sobre temperatura con 8 sensores, sobrecarga, bater\u00eda bajo voltaje, fallas del ventilador, cortocircuito, Cuatro (4) disyuntores, que brindan protecci\u00f3n total cuando existe falla.<\/li>\n<\/ol>\n","protected":false},"featured_media":692,"template":"","meta":[],"product_brand":[131],"product_cat":[121,154],"product_tag":[132],"class_list":{"0":"post-642","1":"product","2":"type-product","3":"status-publish","4":"has-post-thumbnail","6":"product_brand-vme","7":"product_cat-ups-online","8":"product_cat-ups-vme-ups-online","9":"product_tag-vme","11":"first","12":"instock","13":"shipping-taxable","14":"product-type-simple"},"aioseo_notices":[],"_links":{"self":[{"href":"https:\/\/marketingads.co\/ups\/wp-json\/wp\/v2\/product\/642","targetHints":{"allow":["GET"]}}],"collection":[{"href":"https:\/\/marketingads.co\/ups\/wp-json\/wp\/v2\/product"}],"about":[{"href":"https:\/\/marketingads.co\/ups\/wp-json\/wp\/v2\/types\/product"}],"wp:featuredmedia":[{"embeddable":true,"href":"https:\/\/marketingads.co\/ups\/wp-json\/wp\/v2\/media\/692"}],"wp:attachment":[{"href":"https:\/\/marketingads.co\/ups\/wp-json\/wp\/v2\/media?parent=642"}],"wp:term":[{"taxonomy":"product_brand","embeddable":true,"href":"https:\/\/marketingads.co\/ups\/wp-json\/wp\/v2\/product_brand?post=642"},{"taxonomy":"product_cat","embeddable":true,"href":"https:\/\/marketingads.co\/ups\/wp-json\/wp\/v2\/product_cat?post=642"},{"taxonomy":"product_tag","embeddable":true,"href":"https:\/\/marketingads.co\/ups\/wp-json\/wp\/v2\/product_tag?post=642"}],"curies":[{"name":"wp","href":"https:\/\/api.w.org\/{rel}","templated":true}]}}