{"id":644,"date":"2025-07-04T13:58:22","date_gmt":"2025-07-04T18:58:22","guid":{"rendered":"https:\/\/marketingads.com.co\/ups\/?post_type=product&#038;p=644"},"modified":"2025-12-12T20:16:18","modified_gmt":"2025-12-12T20:16:18","slug":"ups-vme-15kva-online-trifasica-torre-epi","status":"publish","type":"product","link":"https:\/\/marketingads.co\/ups\/producto\/ups-vme-15kva-online-trifasica-torre-epi\/","title":{"rendered":"Ups VME 15KVA Online Trif\u00e1sica Torre epi"},"content":{"rendered":"<p>La Ups VME 15KVA Online Trif\u00e1sica Torre epi de alta frecuencia es un sistema avanzado de protecci\u00f3n el\u00e9ctrica que utiliza doble conversi\u00f3n y control por DSP. Con un factor de potencia de 1.0 y eficiencia de hasta el 97%, ofrece un rendimiento \u00f3ptimo. Su modo ECO ajusta la velocidad seg\u00fan la carga conectada, ahorrando energ\u00eda. La configuraci\u00f3n flexible de bater\u00edas se adapta a las necesidades espec\u00edficas, y su tecnolog\u00eda de alta frecuencia permite un auto censado de frecuencia para un funcionamiento \u00f3ptimo. Su rango de entrada es amplio, de 121V a 277V, y cuenta con encendido y apagado autom\u00e1tico para mayor comodidad. Adem\u00e1s, su dise\u00f1o compacto interno y display t\u00e1ctil de 5&#8243; facilitan su uso.<\/p>\n<h4><b>Caracter\u00edsticas principales Ups VME 15KVA Online Trif\u00e1sica Torre epi:<\/b><\/h4>\n<ol>\n<li><span style=\"font-weight: 400;\">UPS de alta frecuencia con sistema doble conversi\u00f3n y control por DSP. <\/span><\/li>\n<li>Factor de potencia 1.0, entrada dual, eficiencia de hasta el 97%.<\/li>\n<li>Modo ECO con control de velocidad de acuerdo a la carga conectada.<\/li>\n<li>Configuraci\u00f3n flexible de<a href=\"https:\/\/upscomunicaciones.com\/categoria-producto\/baterias-para-ups\/\"> bater\u00edas<\/a> 14\/16\/18\/20 unidades seg\u00fan necesidad.<\/li>\n<li>Factor de potencia 1.0.<\/li>\n<li>Tecnolog\u00eda de alta frecuencia.<\/li>\n<li>Auto censado de frecuencia.<\/li>\n<li>Rango de entrada 121V-277V.<\/li>\n<li>Encendido y apagado autom\u00e1tico.<\/li>\n<li>Dise\u00f1o compacto interno.<\/li>\n<li>Display t\u00e1ctil de 5\u2033.<\/li>\n<li>Transferencia cero.<\/li>\n<li>Tiempo reducido de carga de bater\u00edas.<\/li>\n<li>Apagado de emergencia EPO.<\/li>\n<li>Bypass de mantenimiento est\u00e1ndar.<\/li>\n<li>Puertos de comunicaci\u00f3n RS232, USB.<\/li>\n<\/ol>\n<p><span style=\"font-weight: 400;\">La serie <\/span><b>UPS VME 15KVA\/15KW POTENCIA REAL (epi)<\/b><span style=\"font-weight: 400;\">,<\/span><span style=\"font-weight: 400;\">\u00a0 ofrece la combinaci\u00f3n perfecta de confiabilidad, rendimiento y rentabilidad, equipadas con sistema de doble conversi\u00f3n en l\u00ednea y triple DSP de alta velocidad con control digital; ofrecen a la carga una mejor calidad de energ\u00eda, alto factor de potencia a la entrada y salida, su funci\u00f3n inteligente de auto diagn\u00f3stico permite obtener informaci\u00f3n completa del estado y funcionamiento del equipo, advirtiendo posibles fallas con un alto grado de anticipaci\u00f3n.<\/span><\/p>\n<h4>Aplicaciones en Diversos Sectores, Esta potente soluci\u00f3n encuentra su lugar en diversas industrias y negocios, como:<\/h4>\n<ul>\n<li>\ud83d\udcde <strong>Call Centers:<\/strong> Mant\u00e9n las comunicaciones ininterrumpidas y los datos protegidos durante cortes de energ\u00eda.<\/li>\n<li>\ud83d\udda5\ufe0f <strong>Servidores:<\/strong> Protege tus servidores y equipos de red para evitar p\u00e9rdidas de datos y tiempos de inactividad.<\/li>\n<li>\ud83c\udfe5 <strong>Sector M\u00e9dico:<\/strong> Asegura el funcionamiento continuo de equipos m\u00e9dicos y odontol\u00f3gicos cr\u00edticos para la atenci\u00f3n de pacientes.<\/li>\n<li>\ud83c\udfed <strong>Industria:<\/strong> Protege tus equipos industriales sensibles y evita da\u00f1os costosos debido a interrupciones de energ\u00eda.<\/li>\n<li>\ud83d\udc65 <strong>Empresas Medianas y Peque\u00f1as:<\/strong> Brinda tranquilidad a tu negocio sin importar su tama\u00f1o, asegurando la continuidad de operaciones esenciales.<\/li>\n<\/ul>\n<h4><strong>Recuerda que tambi\u00e9n contamos con el servicio de venta de equipos a nivel nacional:<\/strong><\/h4>\n<p>Venta <a href=\"https:\/\/upscomunicaciones.com\/categoria-producto\/ups-online\/\">UPS<\/a> tipo torre, venta UPS interactiva, venta de UPS tipo rack, venta UPS Smart APC, venta UPS modular, venta UPS escalable, venta UPS online, UPS paralelo, UPS hibrida, UPS solar, Inversor Solar, UPS en serie, UPS contingencia, bater\u00edas secas, tarjetas de control SNMP, inversores y <a href=\"https:\/\/es.wikipedia.org\/wiki\/Panel_solar\">paneles solares<\/a>.<\/p>\n","protected":false},"excerpt":{"rendered":"<ol>\n<li><span style=\"font-weight: 400;\">Factor de potencia 1.0, entrada dual, eficiencia de hasta el 97%.<\/span><\/li>\n<li>Modo ECO con control de velocidad de acuerdo a la carga conectada.<\/li>\n<li>Factor de potencia 1.0<\/li>\n<li>Auto censado de frecuencia<\/li>\n<li>Rango de entrada 121V-277V<\/li>\n<li>Tiempo reducido de carga de bater\u00edas<\/li>\n<li>Apagado de emergencia EPO<\/li>\n<li>Bypass de mantenimiento est\u00e1ndar<\/li>\n<li>Puertos de comunicaci\u00f3n RS232, USB<\/li>\n<\/ol>\n","protected":false},"featured_media":694,"template":"","meta":[],"product_brand":[131],"product_cat":[121,154],"product_tag":[132],"class_list":{"0":"post-644","1":"product","2":"type-product","3":"status-publish","4":"has-post-thumbnail","6":"product_brand-vme","7":"product_cat-ups-online","8":"product_cat-ups-vme-ups-online","9":"product_tag-vme","11":"first","12":"instock","13":"shipping-taxable","14":"product-type-simple"},"aioseo_notices":[],"_links":{"self":[{"href":"https:\/\/marketingads.co\/ups\/wp-json\/wp\/v2\/product\/644","targetHints":{"allow":["GET"]}}],"collection":[{"href":"https:\/\/marketingads.co\/ups\/wp-json\/wp\/v2\/product"}],"about":[{"href":"https:\/\/marketingads.co\/ups\/wp-json\/wp\/v2\/types\/product"}],"wp:featuredmedia":[{"embeddable":true,"href":"https:\/\/marketingads.co\/ups\/wp-json\/wp\/v2\/media\/694"}],"wp:attachment":[{"href":"https:\/\/marketingads.co\/ups\/wp-json\/wp\/v2\/media?parent=644"}],"wp:term":[{"taxonomy":"product_brand","embeddable":true,"href":"https:\/\/marketingads.co\/ups\/wp-json\/wp\/v2\/product_brand?post=644"},{"taxonomy":"product_cat","embeddable":true,"href":"https:\/\/marketingads.co\/ups\/wp-json\/wp\/v2\/product_cat?post=644"},{"taxonomy":"product_tag","embeddable":true,"href":"https:\/\/marketingads.co\/ups\/wp-json\/wp\/v2\/product_tag?post=644"}],"curies":[{"name":"wp","href":"https:\/\/api.w.org\/{rel}","templated":true}]}}