{"id":645,"date":"2025-07-04T13:58:23","date_gmt":"2025-07-04T18:58:23","guid":{"rendered":"https:\/\/marketingads.com.co\/ups\/?post_type=product&#038;p=645"},"modified":"2025-12-12T20:20:33","modified_gmt":"2025-12-12T20:20:33","slug":"ups-vme-20kva-60kva-online-trifasica-eain","status":"publish","type":"product","link":"https:\/\/marketingads.co\/ups\/producto\/ups-vme-20kva-60kva-online-trifasica-eain\/","title":{"rendered":"Ups VME 20KVA-60KVA Online Trifasica EAIN"},"content":{"rendered":"<p>La serie Ups VME 20KVA-60KVA Online Trifasica EAIN ofrece una soluci\u00f3n confiable y eficiente en protecci\u00f3n el\u00e9ctrica. Con alto factor de potencia de entrada y salida, tecnolog\u00eda de alta frecuencia, y un banco de bater\u00eda interno, garantiza un rendimiento \u00f3ptimo. Su rango de entrada amplio, de 121V a 277V, permite adaptarse a diversas condiciones el\u00e9ctricas.<\/p>\n<h4><b>Caracter\u00edsticas principales de la Ups VME 20KVA-60KVA Online Trifasica EAIN:<\/b><\/h4>\n<ul>\n<li><span style=\"font-weight: 400;\">Alto factor de potencia de entrada 0.99 y salida de 1.0<\/span><\/li>\n<li><span style=\"font-weight: 400;\">Tecnolog\u00eda de alta frecuencia<\/span><\/li>\n<li><span style=\"font-weight: 400;\">Banco de bater\u00eda interno<\/span><\/li>\n<li><span style=\"font-weight: 400;\">Auto censado de frecuencia<\/span><\/li>\n<li><span style=\"font-weight: 400;\">Rango de entrada 121V-277V<\/span><\/li>\n<li><span style=\"font-weight: 400;\">Encendido y apagado autom\u00e1tico<\/span><\/li>\n<li><span style=\"font-weight: 400;\">Dise\u00f1o compacto interno<\/span><\/li>\n<li><span style=\"font-weight: 400;\">Display t\u00e1ctil de 5\u2033<\/span><\/li>\n<li><span style=\"font-weight: 400;\">Transferencia cero<\/span><\/li>\n<li><span style=\"font-weight: 400;\">Tiempo reducido de carga de <a href=\"https:\/\/upscomunicaciones.com\/categoria-producto\/baterias-secas\/?swcfpc=1\">bater\u00edas<\/a><\/span><\/li>\n<li><span style=\"font-weight: 400;\">Apagado de emergencia EPO<\/span><\/li>\n<li><span style=\"font-weight: 400;\">Bypass de mantenimiento est\u00e1ndar<\/span><\/li>\n<li><span style=\"font-weight: 400;\">Puertos de comunicaci\u00f3n RS232, USB<\/span><\/li>\n<li><span style=\"font-weight: 400;\">Transformador de aislamiento interno (Opcional)<\/span><\/li>\n<li><span style=\"font-weight: 400;\">Certificaci\u00f3n RETIE \/ CE<\/span><\/li>\n<\/ul>\n<p><span style=\"font-weight: 400;\">La serie <\/span><b>UPS VME 20KW-60KW POTENCIA REAL (EAIN)<\/b><span style=\"font-weight: 400;\">,<\/span><span style=\"font-weight: 400;\">\u00a0 ofrece la combinaci\u00f3n perfecta de confiabilidad, rendimiento y rentabilidad, equipadas con sistema de doble conversi\u00f3n en l\u00ednea y triple DSP de alta velocidad con control digital; ofrecen a la carga una mejor calidad de energ\u00eda, alto factor de potencia a la entrada y salida, su funci\u00f3n inteligente de auto diagn\u00f3stico permite obtener informaci\u00f3n completa del estado y funcionamiento del equipo, advirtiendo posibles fallas con un alto grado de anticipaci\u00f3n.<\/span><\/p>\n<p><span style=\"font-weight: 400;\">Soporta hasta 6 unidades en paralelo (Opcional), gracias a su tecnolog\u00eda de control digital de circulaci\u00f3n de corriente, garantizando la fiabilidad y capacidad del sistema. Su tama\u00f1o compacto y acceso frontal facilita la instalaci\u00f3n, transporte y mantenimiento incluso en lugares de dif\u00edcil acceso y con espacio reducido, como centros de datos y salas de cirug\u00eda.<\/span><\/p>\n<h4>Aplicaciones en Diversos Sectores, Esta potente soluci\u00f3n encuentra su lugar en diversas industrias y negocios, como:<\/h4>\n<ul>\n<li>\ud83d\udcde <strong>Call Centers:<\/strong> Mant\u00e9n las comunicaciones ininterrumpidas y los datos protegidos durante cortes de energ\u00eda.<\/li>\n<li>\ud83d\udda5\ufe0f <strong>Servidores:<\/strong> Protege tus servidores y equipos de red para evitar p\u00e9rdidas de datos y tiempos de inactividad.<\/li>\n<li>\ud83c\udfe5 <strong>Sector M\u00e9dico:<\/strong> Asegura el funcionamiento continuo de equipos m\u00e9dicos y odontol\u00f3gicos cr\u00edticos para la atenci\u00f3n de pacientes.<\/li>\n<li>\ud83c\udfed <strong>Industria:<\/strong> Protege tus equipos industriales sensibles y evita da\u00f1os costosos debido a interrupciones de energ\u00eda.<\/li>\n<li>\ud83d\udc65 <strong>Empresas Medianas y Peque\u00f1as:<\/strong> Brinda tranquilidad a tu negocio sin importar su tama\u00f1o, asegurando la continuidad de operaciones esenciales.<\/li>\n<\/ul>\n<h4><strong>Recuerda que tambi\u00e9n contamos con el servicio de venta de equipos a nivel nacional:<\/strong><\/h4>\n<p>Venta <a href=\"https:\/\/upscomunicaciones.com\/categoria-producto\/ups-online\/?swcfpc=1\">UPS<\/a> tipo torre, venta UPS interactiva, venta de UPS tipo rack, venta UPS Smart APC, venta UPS modular, venta UPS escalable, venta UPS online, UPS paralelo, UPS hibrida, UPS solar, Inversor Solar, UPS en serie, UPS contingencia, bater\u00edas secas, tarjetas de control SNMP, inversores y <a href=\"https:\/\/es.wikipedia.org\/wiki\/Panel_solar\">paneles solares<\/a>.<\/p>\n<p>&nbsp;<\/p>\n","protected":false},"excerpt":{"rendered":"<p>El dise\u00f1o compacto interno, display t\u00e1ctil de 5&#8243;, transferencia cero y apagado de emergencia EPO ofrecen comodidad y seguridad. Adem\u00e1s, cuenta con puertos de comunicaci\u00f3n RS232 y USB para una gesti\u00f3n avanzada. Opcionalmente, ofrece transformador de aislamiento interno y soporta hasta 6 unidades en paralelo para mayor escalabilidad. Su funci\u00f3n de auto diagn\u00f3stico alerta sobre posibles fallas, brindando una protecci\u00f3n completa y anticipada. La serie es ideal para aplicaciones cr\u00edticas como centros de datos y salas de cirug\u00eda, donde se requiere fiabilidad y rendimiento en espacios reducidos. Con certificaci\u00f3n RETIE \/ CE, garantiza su calidad y seguridad en el funcionamiento.<\/p>\n","protected":false},"featured_media":695,"template":"","meta":[],"product_brand":[131],"product_cat":[121,154],"product_tag":[132],"class_list":{"0":"post-645","1":"product","2":"type-product","3":"status-publish","4":"has-post-thumbnail","6":"product_brand-vme","7":"product_cat-ups-online","8":"product_cat-ups-vme-ups-online","9":"product_tag-vme","11":"first","12":"instock","13":"shipping-taxable","14":"product-type-simple"},"aioseo_notices":[],"_links":{"self":[{"href":"https:\/\/marketingads.co\/ups\/wp-json\/wp\/v2\/product\/645","targetHints":{"allow":["GET"]}}],"collection":[{"href":"https:\/\/marketingads.co\/ups\/wp-json\/wp\/v2\/product"}],"about":[{"href":"https:\/\/marketingads.co\/ups\/wp-json\/wp\/v2\/types\/product"}],"wp:featuredmedia":[{"embeddable":true,"href":"https:\/\/marketingads.co\/ups\/wp-json\/wp\/v2\/media\/695"}],"wp:attachment":[{"href":"https:\/\/marketingads.co\/ups\/wp-json\/wp\/v2\/media?parent=645"}],"wp:term":[{"taxonomy":"product_brand","embeddable":true,"href":"https:\/\/marketingads.co\/ups\/wp-json\/wp\/v2\/product_brand?post=645"},{"taxonomy":"product_cat","embeddable":true,"href":"https:\/\/marketingads.co\/ups\/wp-json\/wp\/v2\/product_cat?post=645"},{"taxonomy":"product_tag","embeddable":true,"href":"https:\/\/marketingads.co\/ups\/wp-json\/wp\/v2\/product_tag?post=645"}],"curies":[{"name":"wp","href":"https:\/\/api.w.org\/{rel}","templated":true}]}}