{"id":646,"date":"2025-07-04T13:58:24","date_gmt":"2025-07-04T18:58:24","guid":{"rendered":"https:\/\/marketingads.com.co\/ups\/?post_type=product&#038;p=646"},"modified":"2025-12-12T20:19:15","modified_gmt":"2025-12-12T20:19:15","slug":"ups-vme-6kva-72kva-online-trifasica-monobloque","status":"publish","type":"product","link":"https:\/\/marketingads.co\/ups\/producto\/ups-vme-6kva-72kva-online-trifasica-monobloque\/","title":{"rendered":"Ups VME 6KVA\/72KVA Online Trif\u00e1sica Monobloque"},"content":{"rendered":"<p>La serie <strong>Ups VME 6KVA\/72KVA Online Trif\u00e1sica<\/strong> Monobloque ofrecen tecnolog\u00eda avanzada que aumenta el rendimiento y la confiabilidad. Tres DSP de alta velocidad con control digital completo garantizan una fuente de alimentaci\u00f3n de alta calidad, un factor de potencia de entrada alto y una baja distorsi\u00f3n de la corriente de entrada. Acceso frontal completo de facilidad de servicio, interfazf\u00e1cil de usar. Ideales para usos en ISP (proveedor de servicios de Internet), datacenter,<br \/>\nsala de inform\u00e1tica, centro de servicios, instrumentos de precisi\u00f3n, equipos inteligentes.<\/p>\n<h4>Caracteristicas principales de la Ups VME 6KVA\/72KVA Online Trif\u00e1sica Monobloque:<\/h4>\n<ol>\n<li>En paralelo hasta 6 unidades de potencia.<\/li>\n<li>Control DSP completo.<\/li>\n<li>\u00a0PF de entrada alta &gt; 0,99.<\/li>\n<li>Corriente de entrada THDi &lt; 3%.<\/li>\n<li>\u00a0Protecci\u00f3n completa, (protecci\u00f3n de retroalimentaci\u00f3n, la protecci\u00f3n contra fugas de la bater\u00eda, etc).<\/li>\n<li>Tecnolog\u00eda de doble conversi\u00f3n en l\u00ednea, salida excelente onda sinusoidal.<\/li>\n<li>Gesti\u00f3n inteligente de la <a href=\"https:\/\/marketingads.co\/ups\/baterias-para-ups\/\">bater\u00eda<\/a>, extiende en gran medida la vida \u00fatil de la bater\u00eda.<\/li>\n<li>\u00a0Dise\u00f1o modular del subsistema, conveniente para el mantenimiento de campo.<\/li>\n<li>Interfaz de operaci\u00f3n amigable, pantalla LCD t\u00e1ctil.<\/li>\n<li>Amplio rango de voltaje y frecuencia de entrada, compatible con diferentes servicios p\u00fablicos.<\/li>\n<\/ol>\n<h4>Aplicaciones en Diversos Sectores, Esta potente soluci\u00f3n encuentra su lugar en diversas industrias y negocios, como:<\/h4>\n<ul>\n<li>\ud83d\udcde <strong>Call Centers:<\/strong> Mant\u00e9n las comunicaciones ininterrumpidas y los datos protegidos durante cortes de energ\u00eda.<\/li>\n<li>\ud83d\udda5\ufe0f <strong>Servidores:<\/strong> Protege tus servidores y equipos de red para evitar p\u00e9rdidas de datos y tiempos de inactividad.<\/li>\n<li>\ud83c\udfe5 <strong>Sector M\u00e9dico:<\/strong> Asegura el funcionamiento continuo de equipos m\u00e9dicos y odontol\u00f3gicos cr\u00edticos para la atenci\u00f3n de pacientes.<\/li>\n<li>\ud83c\udfed <strong>Industria:<\/strong> Protege tus equipos industriales sensibles y evita da\u00f1os costosos debido a interrupciones de energ\u00eda.<\/li>\n<li>\ud83d\udc65 <strong>Empresas Medianas y Peque\u00f1as:<\/strong> Brinda tranquilidad a tu negocio sin importar su tama\u00f1o, asegurando la continuidad de operaciones esenciales.<\/li>\n<\/ul>\n<p>&nbsp;<\/p>\n<h4><strong>Recuerda que tambi\u00e9n contamos con el servicio de venta de equipos a nivel nacional:<\/strong><\/h4>\n<p>Venta <a href=\"https:\/\/upscomunicaciones.com\/categoria-producto\/ups-online\/\">UPS<\/a> tipo torre, venta UPS interactiva, venta de UPS tipo rack, venta UPS Smart APC, venta UPS modular, venta UPS escalable, venta UPS online, UPS paralelo, UPS hibrida, UPS solar, Inversor Solar, UPS en serie, UPS contingencia, bater\u00edas secas, tarjetas de control SNMP, inversores y <a href=\"https:\/\/es.wikipedia.org\/wiki\/Panel_solar\">paneles solares<\/a>.<\/p>\n<p>&nbsp;<\/p>\n","protected":false},"excerpt":{"rendered":"<p>Permite la conexi\u00f3n en paralelo de hasta 6 unidades para mayor potencia. Con control DSP completo y alta eficiencia en el factor de potencia de entrada (&gt;0.99) y corriente de entrada THDi (&lt;3%), garantiza un rendimiento \u00f3ptimo.<\/p>\n<p>Ofrece una protecci\u00f3n completa, incluyendo protecci\u00f3n contra retroalimentaci\u00f3n y fugas de la bater\u00eda. Utiliza tecnolog\u00eda de doble conversi\u00f3n en l\u00ednea para una salida de onda sinusoidal de excelente calidad.<\/p>\n<p>La gesti\u00f3n inteligente de la bater\u00eda prolonga su vida \u00fatil. Su dise\u00f1o modular facilita el mantenimiento.<\/p>\n<p>La interfaz de operaci\u00f3n es amigable, con una pantalla LCD t\u00e1ctil. adem\u00e1s, su amplio rango de voltaje y frecuencia de entrada permite su uso con diferentes servicios p\u00fablicos. Una soluci\u00f3n confiable y eficiente para diversas aplicaciones.<\/p>\n","protected":false},"featured_media":696,"template":"","meta":[],"product_brand":[131],"product_cat":[121,154],"product_tag":[132],"class_list":{"0":"post-646","1":"product","2":"type-product","3":"status-publish","4":"has-post-thumbnail","6":"product_brand-vme","7":"product_cat-ups-online","8":"product_cat-ups-vme-ups-online","9":"product_tag-vme","11":"first","12":"instock","13":"shipping-taxable","14":"product-type-simple"},"aioseo_notices":[],"_links":{"self":[{"href":"https:\/\/marketingads.co\/ups\/wp-json\/wp\/v2\/product\/646","targetHints":{"allow":["GET"]}}],"collection":[{"href":"https:\/\/marketingads.co\/ups\/wp-json\/wp\/v2\/product"}],"about":[{"href":"https:\/\/marketingads.co\/ups\/wp-json\/wp\/v2\/types\/product"}],"wp:featuredmedia":[{"embeddable":true,"href":"https:\/\/marketingads.co\/ups\/wp-json\/wp\/v2\/media\/696"}],"wp:attachment":[{"href":"https:\/\/marketingads.co\/ups\/wp-json\/wp\/v2\/media?parent=646"}],"wp:term":[{"taxonomy":"product_brand","embeddable":true,"href":"https:\/\/marketingads.co\/ups\/wp-json\/wp\/v2\/product_brand?post=646"},{"taxonomy":"product_cat","embeddable":true,"href":"https:\/\/marketingads.co\/ups\/wp-json\/wp\/v2\/product_cat?post=646"},{"taxonomy":"product_tag","embeddable":true,"href":"https:\/\/marketingads.co\/ups\/wp-json\/wp\/v2\/product_tag?post=646"}],"curies":[{"name":"wp","href":"https:\/\/api.w.org\/{rel}","templated":true}]}}