{"id":647,"date":"2025-07-04T13:58:27","date_gmt":"2025-07-04T18:58:27","guid":{"rendered":"https:\/\/marketingads.com.co\/ups\/?post_type=product&#038;p=647"},"modified":"2025-12-12T20:21:18","modified_gmt":"2025-12-12T20:21:18","slug":"ups-vme-15kw-online-trifasica-modular-jal","status":"publish","type":"product","link":"https:\/\/marketingads.co\/ups\/producto\/ups-vme-15kw-online-trifasica-modular-jal\/","title":{"rendered":"Ups VME 15KW Online Trif\u00e1sica Modular JAL"},"content":{"rendered":"<p>Nuestro equipo Ups VME 15KW Online Trif\u00e1sica Modular JAL, con marca registrada a nivel mundial, ofrece confianza, protecci\u00f3n y respaldo, dise\u00f1ado tanto para el hogar como para el comercio, proporcionando una protecci\u00f3n \u00f3ptima a la industria, cl\u00ednicas y hospitales.<\/p>\n<p>Estos equipos destacan por sus caracter\u00edsticas avanzadas que combinan la mejor tecnolog\u00eda y prestaciones en un solo dispositivo, garantizando un rendimiento excepcional en cualquier situaci\u00f3n.<\/p>\n<h4><b>Caracter\u00edsticas principales Ups VME 15KW Online Trif\u00e1sica Modular JAL:<\/b><\/h4>\n<ol>\n<li><span style=\"font-weight: 400;\">Densidad de alta potencia.<\/span><\/li>\n<li>M\u00f3dulo de potencia de 15 KVA en 2U de altura, que ahorra una gran cantidad de espacio, facilita la expansi\u00f3n de la capacidad.<\/li>\n<li>Dise\u00f1o modular de rack.<\/li>\n<li>Dise\u00f1o de m\u00f3dulo, compatible con gabinete rack est\u00e1ndar de 19\u201d, conveniente para integrarse con servidores.<\/li>\n<li>Arranque en fr\u00edo de la <a href=\"https:\/\/upscomunicaciones.com\/categoria-producto\/baterias-secas\/?swcfpc=1\">bater\u00eda.<\/a><\/li>\n<li>El UPS se puede encender con la bater\u00eda sin necesidad de servicio Interfaz amigable.<\/li>\n<li>Pantalla LCD t\u00e1ctil con abundante informaci\u00f3n.<\/li>\n<\/ol>\n<p><span style=\"font-weight: 400;\">El UPS modular montado en bastidor de la serie RML es escalable, intercambiable en caliente y de doble conversi\u00f3n en l\u00ednea.\u00a0<\/span><\/p>\n<p><span style=\"font-weight: 400;\">La capacidad es de 15 a 120 KVA \/ kW, es la opci\u00f3n ideal para los centros de datos modernos. Est\u00e1 dise\u00f1ada con lo \u00faltimo en tecnolog\u00eda IGBT de tres niveles y de control DSP.<\/span><\/p>\n<p><span style=\"font-weight: 400;\">La nueva serie RML ofrece la mejor combinaci\u00f3n de confiabilidad y flexibilidad.<\/span><\/p>\n<h4>Aplicaciones en Diversos Sectores, Esta potente soluci\u00f3n encuentra su lugar en diversas industrias y negocios, como:<\/h4>\n<ul>\n<li>\ud83d\udcde <strong>Call Centers:<\/strong> Mant\u00e9n las comunicaciones ininterrumpidas y los datos protegidos durante cortes de energ\u00eda.<\/li>\n<li>\ud83d\udda5\ufe0f <strong>Servidores:<\/strong> Protege tus servidores y equipos de red para evitar p\u00e9rdidas de datos y tiempos de inactividad.<\/li>\n<li>\ud83c\udfe5 <strong>Sector M\u00e9dico:<\/strong> Asegura el funcionamiento continuo de equipos m\u00e9dicos y odontol\u00f3gicos cr\u00edticos para la atenci\u00f3n de pacientes.<\/li>\n<li>\ud83c\udfed <strong>Industria:<\/strong> Protege tus equipos industriales sensibles y evita da\u00f1os costosos debido a interrupciones de energ\u00eda.<\/li>\n<li>\ud83d\udc65 <strong>Empresas Medianas y Peque\u00f1as:<\/strong> Brinda tranquilidad a tu negocio sin importar su tama\u00f1o, asegurando la continuidad de operaciones esenciales.<\/li>\n<\/ul>\n<h4><strong>Recuerda que tambi\u00e9n contamos con el servicio de venta de equipos a nivel nacional:<\/strong><\/h4>\n<p>Venta <a href=\"https:\/\/upscomunicaciones.com\/categoria-producto\/ups-online\/?swcfpc=1\">UPS<\/a> tipo torre, venta UPS interactiva, venta de UPS tipo rack, venta UPS Smart APC, venta UPS modular, venta UPS escalable, venta UPS online, UPS paralelo, UPS hibrida, UPS solar, Inversor Solar, UPS en serie, UPS contingencia, bater\u00edas secas, tarjetas de control SNMP, inversores y <a href=\"https:\/\/es.wikipedia.org\/wiki\/Panel_solar\">paneles solares<\/a>.<\/p>\n<p>&nbsp;<\/p>\n","protected":false},"excerpt":{"rendered":"<ol>\n<li><span style=\"font-weight: 400;\">Densidad de alta potencia<\/span><\/li>\n<li>M\u00f3dulo de potencia de 15 KVA en 2U de altura, que ahorra una gran cantidad de espacio, facilita la expansi\u00f3n de la capacidad<\/li>\n<li>Dise\u00f1o modular de rack<\/li>\n<li>Dise\u00f1o de m\u00f3dulo, compatible con gabinete rack est\u00e1ndar de 19\u201d, conveniente para integrarse con servidores<\/li>\n<li>Arranque en fr\u00edo de la bater\u00eda<\/li>\n<li>El UPS se puede encender con la bater\u00eda sin necesidad de servicio Interfaz amigable<\/li>\n<li>Pantalla LCD t\u00e1ctil con abundante informaci\u00f3n<\/li>\n<\/ol>\n","protected":false},"featured_media":697,"template":"","meta":[],"product_brand":[131],"product_cat":[121,154],"product_tag":[132],"class_list":{"0":"post-647","1":"product","2":"type-product","3":"status-publish","4":"has-post-thumbnail","6":"product_brand-vme","7":"product_cat-ups-online","8":"product_cat-ups-vme-ups-online","9":"product_tag-vme","11":"first","12":"instock","13":"shipping-taxable","14":"product-type-simple"},"aioseo_notices":[],"_links":{"self":[{"href":"https:\/\/marketingads.co\/ups\/wp-json\/wp\/v2\/product\/647","targetHints":{"allow":["GET"]}}],"collection":[{"href":"https:\/\/marketingads.co\/ups\/wp-json\/wp\/v2\/product"}],"about":[{"href":"https:\/\/marketingads.co\/ups\/wp-json\/wp\/v2\/types\/product"}],"wp:featuredmedia":[{"embeddable":true,"href":"https:\/\/marketingads.co\/ups\/wp-json\/wp\/v2\/media\/697"}],"wp:attachment":[{"href":"https:\/\/marketingads.co\/ups\/wp-json\/wp\/v2\/media?parent=647"}],"wp:term":[{"taxonomy":"product_brand","embeddable":true,"href":"https:\/\/marketingads.co\/ups\/wp-json\/wp\/v2\/product_brand?post=647"},{"taxonomy":"product_cat","embeddable":true,"href":"https:\/\/marketingads.co\/ups\/wp-json\/wp\/v2\/product_cat?post=647"},{"taxonomy":"product_tag","embeddable":true,"href":"https:\/\/marketingads.co\/ups\/wp-json\/wp\/v2\/product_tag?post=647"}],"curies":[{"name":"wp","href":"https:\/\/api.w.org\/{rel}","templated":true}]}}