{"id":658,"date":"2025-07-04T14:49:12","date_gmt":"2025-07-04T19:49:12","guid":{"rendered":"https:\/\/marketingads.com.co\/ups\/?post_type=product&#038;p=658"},"modified":"2025-12-15T21:16:57","modified_gmt":"2025-12-15T21:16:57","slug":"ups-vme-1kva-900w-online-torre","status":"publish","type":"product","link":"https:\/\/marketingads.co\/ups\/producto\/ups-vme-1kva-900w-online-torre\/","title":{"rendered":"Ups VME 1kVA\/900W Online Torre"},"content":{"rendered":"<p><span style=\"font-weight: 400;\">La Ups VME 1kVA\/900W Online Torre tiene control digital DSP de avanzada tecnolog\u00eda. Ahorro de energ\u00eda, ya que tiene un factor de potencia de entrada de hasta 0, 99. Amplio rango de voltaje de entrada desde 55VAC hasta 150VAC. Amplio rango de frecuencia de entrada desde 40Hz hasta 70 Hz. Cero (0) ms de transferencia entre la L\u00ednea y las Bater\u00edas, con esta tecnolog\u00eda se garantiza la seguridad y la confiabilidad a la carga (Equipos conectados a la UPS) El modo ECO opcional, reduce el Consumo de energ\u00eda del UPS. Bajo ruido (por debajo de 50 dB), no afectar\u00e1 su vida diaria.<\/span><\/p>\n<h4><b>Caracter\u00edsticas principales de la Ups VME 1kVA\/900W Online Torre:<\/b><\/h4>\n<ol>\n<li><span style=\"font-weight: 400;\">Potencia aparente: 1.000 VA <\/span><\/li>\n<li>Potencia Real: 900 WATIOS<\/li>\n<li>Factor de Potencia de salida: 0.9<\/li>\n<li>Voltaje de salida configurable: 110 &#8211; 115 \u2013 120 \u2013 127VAC<\/li>\n<li>Pantalla: Lcd con men\u00fa interactivo<\/li>\n<li>Bypass electr\u00f3nico configurable<\/li>\n<li>La tecnolog\u00eda DSP garantiza un alto rendimiento<\/li>\n<li>Correcci\u00f3n Activa del Factor de potencia<\/li>\n<li>Modo convertidor de frecuencia 50Hz\/60Hz<\/li>\n<li>Operaci\u00f3n en modo ECO para ahorro de energ\u00eda (ECO)<\/li>\n<li>Funci\u00f3n de apagado de emergencia (EPO)<\/li>\n<li>Comunicaciones m\u00faltiples <a href=\"https:\/\/es.wikipedia.org\/wiki\/Protocolo_simple_de_administraci%C3%B3n_de_red\">SNMP<\/a> + USB + RS-232<\/li>\n<li>Tarjeta SNMP Opcional<\/li>\n<li>Topolog\u00eda con tecnolog\u00eda de doble conversi\u00f3n (ONLINE)<b>. <\/b>Salida de onda sinusoidal pura.<\/li>\n<\/ol>\n<h4>Aplicaciones en Diversos Sectores, Esta potente soluci\u00f3n encuentra su lugar en diversas industrias y negocios, como:<\/h4>\n<ul>\n<li style=\"list-style-type: none;\">\n<ul>\n<li>\ud83d\udcde <strong>Call Centers:<\/strong> Mant\u00e9n las comunicaciones ininterrumpidas y los datos protegidos durante cortes de energ\u00eda.<\/li>\n<li>\ud83d\udda5\ufe0f <strong>Servidores:<\/strong> Protege tus servidores y equipos de red para evitar p\u00e9rdidas de datos y tiempos de inactividad.<\/li>\n<li>\ud83c\udfe5 <strong>Sector M\u00e9dico:<\/strong> Asegura el funcionamiento continuo de equipos m\u00e9dicos y odontol\u00f3gicos cr\u00edticos para la atenci\u00f3n de pacientes.<\/li>\n<li>\ud83c\udfed <strong>Industria:<\/strong> Protege tus equipos industriales sensibles y evita da\u00f1os costosos debido a interrupciones de energ\u00eda.<\/li>\n<li>\ud83d\udc65 <strong>Empresas Medianas y Peque\u00f1as:<\/strong> Brinda tranquilidad a tu negocio sin importar su tama\u00f1o, asegurando la continuidad de operaciones esenciales.<\/li>\n<\/ul>\n<\/li>\n<\/ul>\n<h4><strong>Recuerda que tambi\u00e9n contamos con el servicio de venta de equipos a nivel nacional:<\/strong><\/h4>\n<p>Venta <a href=\"https:\/\/upscomunicaciones.com\/categoria-producto\/ups-online\/?swcfpc=1\">UPS<\/a> tipo torre, venta UPS interactiva, venta de UPS tipo rack, venta UPS Smart APC, venta UPS modular, venta UPS escalable, venta UPS online, UPS paralelo, UPS hibrida, UPS solar, Inversor Solar, UPS en serie, UPS contingencia, bater\u00edas secas, tarjetas de control SNMP, inversores y <a href=\"https:\/\/es.wikipedia.org\/wiki\/Panel_solar\">paneles solares<\/a>.<\/p>\n","protected":false},"excerpt":{"rendered":"<p>La UPS tiene una potencia aparente de 1.000 VA y una potencia real de 900 vatios, con factor de potencia de salida de 0.9. Permite configurar el voltaje de salida en 110-115-120-127VAC y cuenta con una pantalla LCD con men\u00fa interactivo. La tecnolog\u00eda DSP asegura un alto rendimiento, incluye correcci\u00f3n activa del factor de potencia y puede operar en modo convertidor de frecuencia 50Hz\/60Hz. Adem\u00e1s, ofrece funciones de ahorro de energ\u00eda (modo ECO), apagado de emergencia (EPO) y m\u00faltiples opciones de comunicaci\u00f3n (SNMP + USB + RS-232), con la posibilidad de agregar una tarjeta SNMP opcional. La topolog\u00eda de doble conversi\u00f3n (ONLINE) garantiza una salida de onda sinusoidal pura.<\/p>\n","protected":false},"featured_media":648,"template":"","meta":[],"product_brand":[131],"product_cat":[121,154],"product_tag":[132],"class_list":{"0":"post-658","1":"product","2":"type-product","3":"status-publish","4":"has-post-thumbnail","6":"product_brand-vme","7":"product_cat-ups-online","8":"product_cat-ups-vme-ups-online","9":"product_tag-vme","11":"first","12":"instock","13":"shipping-taxable","14":"product-type-simple"},"aioseo_notices":[],"_links":{"self":[{"href":"https:\/\/marketingads.co\/ups\/wp-json\/wp\/v2\/product\/658","targetHints":{"allow":["GET"]}}],"collection":[{"href":"https:\/\/marketingads.co\/ups\/wp-json\/wp\/v2\/product"}],"about":[{"href":"https:\/\/marketingads.co\/ups\/wp-json\/wp\/v2\/types\/product"}],"wp:featuredmedia":[{"embeddable":true,"href":"https:\/\/marketingads.co\/ups\/wp-json\/wp\/v2\/media\/648"}],"wp:attachment":[{"href":"https:\/\/marketingads.co\/ups\/wp-json\/wp\/v2\/media?parent=658"}],"wp:term":[{"taxonomy":"product_brand","embeddable":true,"href":"https:\/\/marketingads.co\/ups\/wp-json\/wp\/v2\/product_brand?post=658"},{"taxonomy":"product_cat","embeddable":true,"href":"https:\/\/marketingads.co\/ups\/wp-json\/wp\/v2\/product_cat?post=658"},{"taxonomy":"product_tag","embeddable":true,"href":"https:\/\/marketingads.co\/ups\/wp-json\/wp\/v2\/product_tag?post=658"}],"curies":[{"name":"wp","href":"https:\/\/api.w.org\/{rel}","templated":true}]}}