{"id":710,"date":"2025-07-04T15:05:29","date_gmt":"2025-07-04T20:05:29","guid":{"rendered":"https:\/\/marketingads.com.co\/ups\/?post_type=product&#038;p=710"},"modified":"2025-12-26T17:10:24","modified_gmt":"2025-12-26T17:10:24","slug":"ups-cdp-15kva-12kw-online-torre-upo22-15","status":"publish","type":"product","link":"https:\/\/marketingads.co\/ups\/producto\/ups-cdp-15kva-12kw-online-torre-upo22-15\/","title":{"rendered":"UPS CDP 15KVA-12KW ONLINE TORRE UPO22-15"},"content":{"rendered":"<p>El UPS CDP 15KVA-12KW ONLINE TORRE UPO22-15 es un sistema de torre en l\u00ednea de doble conversi\u00f3n de 15kVA. Adem\u00e1s, puede operar en paralelo hasta 45kw con redundancia de 15kVA, ofreciendo un respaldo de bater\u00eda casi ilimitado para cargas cr\u00edticas gracias a su cargador incorporado de bater\u00edas de plena potencia. Destacando por su rango de voltaje de entrada amplio y la versatilidad del voltaje de salida seleccionable, este sistema cuenta con completos diagn\u00f3sticos autom\u00e1ticos y pantallas LCD avanzadas que facilitan la informaci\u00f3n operativa y la comunicaci\u00f3n para el monitoreo y control remoto.<\/p>\n<p>El transformador avanzado de alta frecuencia y el transformador de aislamiento reproduce CA perfecta mientras elimina picos \/ sobrecargas, ruido de l\u00ednea y fluctuaciones de voltaje, dise\u00f1o compacto y confiable que incluye certificaciones de agencias reguladoras internacionales como CE, NOM, TUV, IEEE, RETIE.<\/p>\n<h4>Aplicaciones en Diversos Sectores, Esta potente soluci\u00f3n encuentra su lugar en diversas industrias y negocios, como:<\/h4>\n<ul>\n<li>\ud83d\udcde <strong>Call Centers:<\/strong> Mant\u00e9n las comunicaciones ininterrumpidas y los datos protegidos durante cortes de energ\u00eda.<\/li>\n<li>\ud83d\udda5\ufe0f <strong>Servidores:<\/strong> Protege tus servidores y equipos de red para evitar p\u00e9rdidas de datos y tiempos de inactividad.<\/li>\n<li>\ud83c\udfe5 <strong>Sector M\u00e9dico:<\/strong> Asegura el funcionamiento continuo de equipos m\u00e9dicos y odontol\u00f3gicos cr\u00edticos para la atenci\u00f3n de pacientes.<\/li>\n<li>\ud83c\udfed <strong>Industria:<\/strong> Protege tus equipos industriales sensibles y evita da\u00f1os costosos debido a interrupciones de energ\u00eda.<\/li>\n<li>\ud83d\udc65 <strong>Empresas Medianas y Peque\u00f1as:<\/strong> Brinda tranquilidad a tu negocio sin importar su tama\u00f1o, asegurando la continuidad de operaciones esenciales.<\/li>\n<\/ul>\n<h4><strong>Recuerda que tambi\u00e9n contamos con el servicio de venta de equipos a nivel nacional:<\/strong><\/h4>\n<p>Venta <a href=\"https:\/\/upscomunicaciones.com\/categoria-producto\/ups-online\/?swcfpc=1\">UPS<\/a> tipo torre, venta UPS interactiva, venta de UPS tipo rack, venta UPS Smart APC, venta UPS modular, venta UPS escalable, venta UPS online, UPS paralelo, UPS hibrida, UPS solar, Inversor Solar, UPS en serie, UPS contingencia, bater\u00edas secas, tarjetas de control SNMP, inversores y <a href=\"https:\/\/es.wikipedia.org\/wiki\/Panel_solar\">paneles solares<\/a>.<\/p>\n","protected":false},"excerpt":{"rendered":"<p>\u00a1Potencia y confiabilidad se fusionan en el UPS Chicago Digital Power UPO22-15! Con capacidad para 45kw en paralelo, su cargador de bater\u00edas ofrece respaldo casi ilimitado para cargas cr\u00edticas. Diagn\u00f3sticos avanzados, voltaje seleccionable y dise\u00f1o certificado garantizan un funcionamiento impecable y protecci\u00f3n total.<\/p>\n","protected":false},"featured_media":765,"template":"","meta":[],"product_brand":[133],"product_cat":[121,155],"product_tag":[134],"class_list":{"0":"post-710","1":"product","2":"type-product","3":"status-publish","4":"has-post-thumbnail","6":"product_brand-cdp","7":"product_cat-ups-online","8":"product_cat-ups-cdp-ups-online","9":"product_tag-cdp","11":"first","12":"instock","13":"shipping-taxable","14":"product-type-simple"},"aioseo_notices":[],"_links":{"self":[{"href":"https:\/\/marketingads.co\/ups\/wp-json\/wp\/v2\/product\/710","targetHints":{"allow":["GET"]}}],"collection":[{"href":"https:\/\/marketingads.co\/ups\/wp-json\/wp\/v2\/product"}],"about":[{"href":"https:\/\/marketingads.co\/ups\/wp-json\/wp\/v2\/types\/product"}],"wp:featuredmedia":[{"embeddable":true,"href":"https:\/\/marketingads.co\/ups\/wp-json\/wp\/v2\/media\/765"}],"wp:attachment":[{"href":"https:\/\/marketingads.co\/ups\/wp-json\/wp\/v2\/media?parent=710"}],"wp:term":[{"taxonomy":"product_brand","embeddable":true,"href":"https:\/\/marketingads.co\/ups\/wp-json\/wp\/v2\/product_brand?post=710"},{"taxonomy":"product_cat","embeddable":true,"href":"https:\/\/marketingads.co\/ups\/wp-json\/wp\/v2\/product_cat?post=710"},{"taxonomy":"product_tag","embeddable":true,"href":"https:\/\/marketingads.co\/ups\/wp-json\/wp\/v2\/product_tag?post=710"}],"curies":[{"name":"wp","href":"https:\/\/api.w.org\/{rel}","templated":true}]}}