{"id":712,"date":"2025-07-04T15:05:32","date_gmt":"2025-07-04T20:05:32","guid":{"rendered":"https:\/\/marketingads.com.co\/ups\/?post_type=product&#038;p=712"},"modified":"2025-12-26T16:59:14","modified_gmt":"2025-12-26T16:59:14","slug":"ups-cdp-10kva-10kw-online-rack-upo22-10rtax","status":"publish","type":"product","link":"https:\/\/marketingads.co\/ups\/producto\/ups-cdp-10kva-10kw-online-rack-upo22-10rtax\/","title":{"rendered":"UPS CDP 10KVA-10KW ONLINE RACK UPO22-10RTAX"},"content":{"rendered":"<p>La UPS CDP 6KVA-6KW ONLINE RACK UPO22-6RTAX ofrece versatilidad en su instalaci\u00f3n, siendo apto para rack de 19 pulgadas o montaje en piso, tanto en configuraci\u00f3n de torre como rack. Con capacidad de operar en paralelo hasta 30kw y redundancia de 10kVA, su cargador de bater\u00edas integrado garantiza un respaldo pr\u00e1cticamente ilimitado para cargas cr\u00edticas. Ofrece un amplio rango de voltaje de entrada y permite la selecci\u00f3n del voltaje de salida para mayor flexibilidad.<\/p>\n<p>Sus completos diagn\u00f3sticos autom\u00e1ticos y avanzadas pantallas LCD facilitan el monitoreo y control remoto, proporcionando informaci\u00f3n operativa detallada. Equipado con transformadores avanzados de alta frecuencia y aislamiento, garantiza una calidad \u00f3ptima de la corriente alterna, eliminando picos, sobretensiones y fluctuaciones de voltaje.<\/p>\n<p>Este dise\u00f1o compacto y confiable cuenta con certificaciones de agencias reguladoras internacionales como CE, NOM, TUV, IEEE, UL y Retie.Adem\u00e1s, la UPO22-PDU 6-10k, una Unidad de Distribuci\u00f3n de Energ\u00eda (PDU), es compatible con el UPO22-6RTAX, ofreciendo una soluci\u00f3n integral para la gesti\u00f3n y distribuci\u00f3n eficiente de energ\u00eda.<\/p>\n<h4>Aplicaciones en Diversos Sectores, Esta potente soluci\u00f3n encuentra su lugar en diversas industrias y negocios, como:<\/h4>\n<ul>\n<li>\ud83d\udcde <strong>Call Centers:<\/strong> Mant\u00e9n las comunicaciones ininterrumpidas y los datos protegidos durante cortes de energ\u00eda.<\/li>\n<li>\ud83d\udda5\ufe0f <strong>Servidores:<\/strong> Protege tus servidores y equipos de red para evitar p\u00e9rdidas de datos y tiempos de inactividad.<\/li>\n<li>\ud83c\udfe5 <strong>Sector M\u00e9dico:<\/strong> Asegura el funcionamiento continuo de equipos m\u00e9dicos y odontol\u00f3gicos cr\u00edticos para la atenci\u00f3n de pacientes.<\/li>\n<li>\ud83c\udfed <strong>Industria:<\/strong> Protege tus equipos industriales sensibles y evita da\u00f1os costosos debido a interrupciones de energ\u00eda.<\/li>\n<li>\ud83d\udc65 <strong>Empresas Medianas y Peque\u00f1as:<\/strong> Brinda tranquilidad a tu negocio sin importar su tama\u00f1o, asegurando la continuidad de operaciones esenciales.<\/li>\n<\/ul>\n<h4><strong>Recuerda que tambi\u00e9n contamos con el servicio de venta de equipos a nivel nacional:<\/strong><\/h4>\n<p>Venta <a href=\"https:\/\/upscomunicaciones.com\/categoria-producto\/ups-online\/?swcfpc=1\">UPS<\/a> tipo torre, venta UPS interactiva, venta de UPS tipo rack, venta UPS Smart APC, venta UPS modular, venta UPS escalable, venta UPS online, UPS paralelo, UPS hibrida, UPS solar, Inversor Solar, UPS en serie, UPS contingencia, bater\u00edas secas, tarjetas de control SNMP, inversores y <a href=\"https:\/\/es.wikipedia.org\/wiki\/Panel_solar\">paneles solares<\/a>.<\/p>\n","protected":false},"excerpt":{"rendered":"<p>Potencia y adaptabilidad se unen en la UPS CDP 10KVA-10KW ONLINE RACK UPO22-10RTAX Con capacidad de hasta 18kw en paralelo, su cargador de bater\u00edas asegura un respaldo ilimitado. Diagn\u00f3sticos avanzados y dise\u00f1o certificado ofrecen control total y calidad \u00f3ptima de energ\u00eda para cargas cr\u00edticas. Una soluci\u00f3n completa con la UPO22-PDU 6-10k para distribuci\u00f3n eficiente de energ\u00eda.<\/p>\n","protected":false},"featured_media":770,"template":"","meta":[],"product_brand":[133],"product_cat":[121,155],"product_tag":[134],"class_list":{"0":"post-712","1":"product","2":"type-product","3":"status-publish","4":"has-post-thumbnail","6":"product_brand-cdp","7":"product_cat-ups-online","8":"product_cat-ups-cdp-ups-online","9":"product_tag-cdp","11":"first","12":"instock","13":"shipping-taxable","14":"product-type-simple"},"aioseo_notices":[],"_links":{"self":[{"href":"https:\/\/marketingads.co\/ups\/wp-json\/wp\/v2\/product\/712","targetHints":{"allow":["GET"]}}],"collection":[{"href":"https:\/\/marketingads.co\/ups\/wp-json\/wp\/v2\/product"}],"about":[{"href":"https:\/\/marketingads.co\/ups\/wp-json\/wp\/v2\/types\/product"}],"wp:featuredmedia":[{"embeddable":true,"href":"https:\/\/marketingads.co\/ups\/wp-json\/wp\/v2\/media\/770"}],"wp:attachment":[{"href":"https:\/\/marketingads.co\/ups\/wp-json\/wp\/v2\/media?parent=712"}],"wp:term":[{"taxonomy":"product_brand","embeddable":true,"href":"https:\/\/marketingads.co\/ups\/wp-json\/wp\/v2\/product_brand?post=712"},{"taxonomy":"product_cat","embeddable":true,"href":"https:\/\/marketingads.co\/ups\/wp-json\/wp\/v2\/product_cat?post=712"},{"taxonomy":"product_tag","embeddable":true,"href":"https:\/\/marketingads.co\/ups\/wp-json\/wp\/v2\/product_tag?post=712"}],"curies":[{"name":"wp","href":"https:\/\/api.w.org\/{rel}","templated":true}]}}