{"id":714,"date":"2025-07-04T15:05:36","date_gmt":"2025-07-04T20:05:36","guid":{"rendered":"https:\/\/marketingads.com.co\/ups\/?post_type=product&#038;p=714"},"modified":"2025-12-26T16:48:18","modified_gmt":"2025-12-26T16:48:18","slug":"ups-cdp-15kva-15kw-online-torre-upo33-15hfax","status":"publish","type":"product","link":"https:\/\/marketingads.co\/ups\/producto\/ups-cdp-15kva-15kw-online-torre-upo33-15hfax\/","title":{"rendered":"UPS CDP 15KVA-15KW ONLINE TORRE UPO33-15HFAX"},"content":{"rendered":"<p>UPS CDP 15KVA-15KW ONLINE TORRE UPO33-15HFAX Una potente y compacta salida trif\u00e1sica de 15 KVA en 3 fases que es escalable \/ redundante y avanzada de doble conversi\u00f3n On line UPS. Con componentes interiores de nivel uno y microprocesadores DSP que dan como resultado un UPS seriamente poderoso y confiable para las cargas m\u00e1s cr\u00edticas y sensibles. Junto con diagn\u00f3sticos autom\u00e1ticos y pantallas LCD avanzadas que brindan informaci\u00f3n operativa, as\u00ed como comunicaci\u00f3n para monitoreo y control remoto.<\/p>\n<p>El transformador de alta frecuencia reproduce 208\/220VCA perfectos eliminando picos, ruido de l\u00ednea o fluctuaciones de voltaje independientemente de los problemas de voltaje de entrada. Dise\u00f1o compacto y confiable que incluye certificaciones de agencias reguladoras internacionales como NOM, ISO9001, ISO14001, RETIE, CE, UL1778, FCC, IEC\/EN 62040-1, IEC\/EN62040-2, IEC\/EN 60950-1, IEC61000-4-2, IEC61000-4-3, IEC61000-4-4, IEC61000-4-5, IEC61000-4-6, IEC61000-4-8<\/p>\n<h4>Aplicaciones en Diversos Sectores, Esta potente soluci\u00f3n encuentra su lugar en diversas industrias y negocios, como:<\/h4>\n<ul>\n<li>\ud83d\udcde <strong>Call Centers:<\/strong> Mant\u00e9n las comunicaciones ininterrumpidas y los datos protegidos durante cortes de energ\u00eda.<\/li>\n<li>\ud83d\udda5\ufe0f <strong>Servidores:<\/strong> Protege tus servidores y equipos de red para evitar p\u00e9rdidas de datos y tiempos de inactividad.<\/li>\n<li>\ud83c\udfe5 <strong>Sector M\u00e9dico:<\/strong> Asegura el funcionamiento continuo de equipos m\u00e9dicos y odontol\u00f3gicos cr\u00edticos para la atenci\u00f3n de pacientes.<\/li>\n<li>\ud83c\udfed <strong>Industria:<\/strong> Protege tus equipos industriales sensibles y evita da\u00f1os costosos debido a interrupciones de energ\u00eda.<\/li>\n<li>\ud83d\udc65 <strong>Empresas Medianas y Peque\u00f1as:<\/strong> Brinda tranquilidad a tu negocio sin importar su tama\u00f1o, asegurando la continuidad de operaciones esenciales.<\/li>\n<\/ul>\n<h4><strong>Recuerda que tambi\u00e9n contamos con el servicio de venta de equipos a nivel nacional:<\/strong><\/h4>\n<p>Venta <a href=\"https:\/\/upscomunicaciones.com\/categoria-producto\/ups-online\/?swcfpc=1\">UPS<\/a> tipo torre, venta UPS interactiva, venta de UPS tipo rack, venta UPS Smart APC, venta UPS modular, venta UPS escalable, venta UPS online, UPS paralelo, UPS hibrida, UPS solar, Inversor Solar, UPS en serie, UPS contingencia, bater\u00edas secas, tarjetas de control SNMP, inversores y <a href=\"https:\/\/es.wikipedia.org\/wiki\/Panel_solar\">paneles solares<\/a>.<\/p>\n","protected":false},"excerpt":{"rendered":"<p>Una salida trif\u00e1sica potente y compacta de 15 KVA, escalable y redundante. Con tecnolog\u00eda avanzada de doble conversi\u00f3n, este UPS asegura fiabilidad para cargas cr\u00edticas. Ofrece diagn\u00f3sticos autom\u00e1ticos, pantalla LCD y certificaciones internacionales.<\/p>\n","protected":false},"featured_media":775,"template":"","meta":[],"product_brand":[133],"product_cat":[121,155],"product_tag":[134],"class_list":{"0":"post-714","1":"product","2":"type-product","3":"status-publish","4":"has-post-thumbnail","6":"product_brand-cdp","7":"product_cat-ups-online","8":"product_cat-ups-cdp-ups-online","9":"product_tag-cdp","11":"first","12":"instock","13":"shipping-taxable","14":"product-type-simple"},"aioseo_notices":[],"_links":{"self":[{"href":"https:\/\/marketingads.co\/ups\/wp-json\/wp\/v2\/product\/714","targetHints":{"allow":["GET"]}}],"collection":[{"href":"https:\/\/marketingads.co\/ups\/wp-json\/wp\/v2\/product"}],"about":[{"href":"https:\/\/marketingads.co\/ups\/wp-json\/wp\/v2\/types\/product"}],"wp:featuredmedia":[{"embeddable":true,"href":"https:\/\/marketingads.co\/ups\/wp-json\/wp\/v2\/media\/775"}],"wp:attachment":[{"href":"https:\/\/marketingads.co\/ups\/wp-json\/wp\/v2\/media?parent=714"}],"wp:term":[{"taxonomy":"product_brand","embeddable":true,"href":"https:\/\/marketingads.co\/ups\/wp-json\/wp\/v2\/product_brand?post=714"},{"taxonomy":"product_cat","embeddable":true,"href":"https:\/\/marketingads.co\/ups\/wp-json\/wp\/v2\/product_cat?post=714"},{"taxonomy":"product_tag","embeddable":true,"href":"https:\/\/marketingads.co\/ups\/wp-json\/wp\/v2\/product_tag?post=714"}],"curies":[{"name":"wp","href":"https:\/\/api.w.org\/{rel}","templated":true}]}}