{"id":7168,"date":"2025-08-11T15:05:40","date_gmt":"2025-08-11T20:05:40","guid":{"rendered":"https:\/\/marketingads.com.co\/ups\/?post_type=product&#038;p=7168"},"modified":"2025-08-11T15:11:20","modified_gmt":"2025-08-11T20:11:20","slug":"baterias-fuli-battery-12v-26ah","status":"publish","type":"product","link":"https:\/\/marketingads.co\/ups\/producto\/baterias-fuli-battery-12v-26ah\/","title":{"rendered":"BATER\u00cdAS FULI BATTERY 12V 26AH"},"content":{"rendered":"<p>Las bater\u00edas FULI BATTERY 12V 26AH son una elecci\u00f3n sobresaliente para una variedad de aplicaciones. Estas bater\u00edas son selladas y no requieren mantenimiento, lo que simplifica su uso y cuidado. Su dise\u00f1o sin oxidaci\u00f3n garantiza una mayor durabilidad a lo largo del tiempo, respaldado por su alta calidad y confiabilidad. La opci\u00f3n de cubierta de ABS est\u00e1 disponible en dos variantes, UL94HB y UL94V-0, lo que proporciona una mayor seguridad contra incendios. Incorporan una v\u00e1lvula de seguridad a prueba de explosiones y tienen una corriente de carga inicial baja, menos de 7.8A, con un rango de voltaje adecuado para su carga entre 14.4V y 15.0V a una temperatura de 25\u00b0C (77\u00b0F)<\/p>\n<p>&nbsp;<\/p>\n<h2><strong>Caracter\u00edsticas BATER\u00cdAS FULI BATTERY 12V 26AH:<\/strong><\/h2>\n<ol>\n<li>Selladas y libres de mantenimiento.<\/li>\n<li>Dise\u00f1o libre de oxidaci\u00f3n.<\/li>\n<li>Cubierta ABS disponible de UL94HB, UL94V-0.<\/li>\n<li>Instalaci\u00f3n de v\u00e1lvula de seguridad prueba de explosiones.<\/li>\n<li>Alta calidad y alta confiabilidad.<\/li>\n<li>Las Bater\u00edas de la serie Fulibattery GS se pueden almacenar durante un m\u00e1ximo de 6 meses a 25\u00b0C (77\u00b0F) y luego se requiere una carga de reposici\u00f3n.Para temperaturas m\u00e1s altas del intervalo de tiempo ser\u00e1 m\u00e1s corto.<\/li>\n<li>Recuperaci\u00f3n de descarga profunda excepcionales.<\/li>\n<li>Dise\u00f1o flexible para la instalaci\u00f3n en diferentes posiciones.<\/li>\n<li>Corriente de carga inicial de menos de 7.8A. Voltage. 14.4V ~ 15.0V a 25\u00b0 C (77\u00b0 F) de temperatura. Coeficiente -30mV\/ \u00b0C.<\/li>\n<\/ol>\n<p>&nbsp;<\/p>\n<h2>Aplicaciones en Diversos Sectores, Esta potente soluci\u00f3n encuentra su lugar en diversas industrias y negocios, como:<\/h2>\n<ul>\n<li>\ud83d\udcde <strong>Call Centers:<\/strong> Mant\u00e9n las comunicaciones ininterrumpidas y los datos protegidos durante cortes de energ\u00eda.<\/li>\n<li>\ud83d\udda5\ufe0f <strong>Servidores:<\/strong> Protege tus servidores y equipos de red para evitar p\u00e9rdidas de datos y tiempos de inactividad.<\/li>\n<li>\ud83c\udfe5 <strong>Sector M\u00e9dico:<\/strong> Asegura el funcionamiento continuo de equipos m\u00e9dicos y odontol\u00f3gicos cr\u00edticos para la atenci\u00f3n de pacientes.<\/li>\n<li>\ud83c\udfed <strong>Industria:<\/strong> Protege tus equipos industriales sensibles y evita da\u00f1os costosos debido a interrupciones de energ\u00eda.<\/li>\n<li>\ud83d\udc65 <strong>Empresas Medianas y Peque\u00f1as:<\/strong> Brinda tranquilidad a tu negocio sin importar su tama\u00f1o, asegurando la continuidad de operaciones esenciales.<\/li>\n<\/ul>\n<p>&nbsp;<\/p>\n<h3><strong>Recuerda que tambi\u00e9n contamos con el servicio de venta de equipos a nivel nacional:<\/strong><\/h3>\n<p>Venta <a href=\"https:\/\/upscomunicaciones.com\/categoria-producto\/ups-interactiva\/?swcfpc=1\">UPS<\/a> tipo torre, venta UPS interactiva, venta de UPS tipo rack, venta UPS Smart APC, venta UPS modular, venta UPS escalable, venta UPS online, UPS paralelo, UPS hibrida, UPS solar, Inversor Solar, UPS en serie, UPS contingencia, bater\u00edas secas, tarjetas de control <a href=\"https:\/\/es.wikipedia.org\/wiki\/Protocolo_simple_de_administraci%C3%B3n_de_red\">SNMP<\/a>, inversores y paneles solares.<\/p>\n<p>&nbsp;<\/p>\n<p>&nbsp;<\/p>\n","protected":false},"excerpt":{"rendered":"<h2>BATER\u00cdAS FULI BATTERY 12V 26AH<\/h2>\n<p>Estas bater\u00edas sobresalen en su capacidad de recuperaci\u00f3n de descargas profundas y su dise\u00f1o flexible que permite su instalaci\u00f3n en diversas posiciones. Adem\u00e1s, pueden almacenarse hasta 6 meses a 25\u00b0C (77\u00b0F) antes de requerir una recarga, aunque este per\u00edodo ser\u00e1 m\u00e1s corto a temperaturas m\u00e1s altas. En resumen, las bater\u00edas FULI BATTERY 12V 26AH combinan rendimiento, seguridad y versatilidad, siendo ideales para satisfacer diversas necesidades.<\/p>\n","protected":false},"featured_media":7183,"template":"","meta":[],"product_brand":[158],"product_cat":[149,165,122],"product_tag":[159],"class_list":{"0":"post-7168","1":"product","2":"type-product","3":"status-publish","4":"has-post-thumbnail","6":"product_brand-powest","7":"product_cat-baterias-fuli-battery","8":"product_cat-baterias-powest","9":"product_cat-baterias-secas","10":"product_tag-powest","12":"first","13":"instock","14":"shipping-taxable","15":"product-type-simple"},"aioseo_notices":[],"_links":{"self":[{"href":"https:\/\/marketingads.co\/ups\/wp-json\/wp\/v2\/product\/7168","targetHints":{"allow":["GET"]}}],"collection":[{"href":"https:\/\/marketingads.co\/ups\/wp-json\/wp\/v2\/product"}],"about":[{"href":"https:\/\/marketingads.co\/ups\/wp-json\/wp\/v2\/types\/product"}],"wp:featuredmedia":[{"embeddable":true,"href":"https:\/\/marketingads.co\/ups\/wp-json\/wp\/v2\/media\/7183"}],"wp:attachment":[{"href":"https:\/\/marketingads.co\/ups\/wp-json\/wp\/v2\/media?parent=7168"}],"wp:term":[{"taxonomy":"product_brand","embeddable":true,"href":"https:\/\/marketingads.co\/ups\/wp-json\/wp\/v2\/product_brand?post=7168"},{"taxonomy":"product_cat","embeddable":true,"href":"https:\/\/marketingads.co\/ups\/wp-json\/wp\/v2\/product_cat?post=7168"},{"taxonomy":"product_tag","embeddable":true,"href":"https:\/\/marketingads.co\/ups\/wp-json\/wp\/v2\/product_tag?post=7168"}],"curies":[{"name":"wp","href":"https:\/\/api.w.org\/{rel}","templated":true}]}}