{"id":7169,"date":"2025-08-11T15:05:41","date_gmt":"2025-08-11T20:05:41","guid":{"rendered":"https:\/\/marketingads.com.co\/ups\/?post_type=product&#038;p=7169"},"modified":"2025-08-11T15:11:19","modified_gmt":"2025-08-11T20:11:19","slug":"baterias-fuli-battery-12v-35ah","status":"publish","type":"product","link":"https:\/\/marketingads.co\/ups\/producto\/baterias-fuli-battery-12v-35ah\/","title":{"rendered":"BATER\u00cdAS FULI BATTERY 12V 35AH"},"content":{"rendered":"<p id=\"tw-target-text\" class=\"tw-data-text tw-text-large tw-ta\" dir=\"ltr\" data-placeholder=\"Traducci\u00f3n\"><span class=\"Y2IQFc\" lang=\"es\">Las BATER\u00cdAS FULI BATTERY 12V 35AH de plomo \u00e1cido reguladas por v\u00e1lvula de la serie general, est\u00e1n dise\u00f1adas con tecnolog\u00eda AGM (Absorbent Glass Mat), alto rendimiento placas y electrolito para obtener potencia adicional para uso com\u00fan. aplicaciones de sistemas de respaldo de energ\u00eda ampliamente utilizadas en el campo de UPS,Sistema de iluminaci\u00f3n de emergencia.<\/span><\/p>\n<h2><\/h2>\n<h2><strong>Caracter\u00edsticas BATER\u00cdAS FULI BATTERY 12V 35AH:<\/strong><\/h2>\n<ol>\n<li>Selladas y libres de mantenimiento.<\/li>\n<li>Dise\u00f1o libre de oxidaci\u00f3n.<\/li>\n<li>Cubierta ABS disponible de UL94HB, UL94V-0.<\/li>\n<li>Instalaci\u00f3n de v\u00e1lvula de seguridad prueba de explosiones.<\/li>\n<li>Alta calidad y alta confiabilidad.<\/li>\n<li>Recuperaci\u00f3n de descarga profunda excepcionales.<\/li>\n<li>Dise\u00f1o flexible para la instalaci\u00f3n en diferentes posiciones.<\/li>\n<\/ol>\n<h3>Aplicaciones en Diversos Sectores, Esta potente soluci\u00f3n encuentra su lugar en diversas industrias y negocios, como:<\/h3>\n<ul>\n<li>\ud83d\udcde <strong>Call Centers:<\/strong> Mant\u00e9n las comunicaciones ininterrumpidas y los datos protegidos durante cortes de energ\u00eda.<\/li>\n<li>\ud83d\udda5\ufe0f <strong>Servidores:<\/strong> Protege tus servidores y equipos de red para evitar p\u00e9rdidas de datos y tiempos de inactividad.<\/li>\n<li>\ud83c\udfe5 <strong>Sector M\u00e9dico:<\/strong> Asegura el funcionamiento continuo de equipos m\u00e9dicos y odontol\u00f3gicos cr\u00edticos para la atenci\u00f3n de pacientes.<\/li>\n<li>\ud83c\udfed <strong>Industria:<\/strong> Protege tus equipos industriales sensibles y evita da\u00f1os costosos debido a interrupciones de energ\u00eda.<\/li>\n<li>\ud83d\udc65 <strong>Empresas Medianas y Peque\u00f1as:<\/strong> Brinda tranquilidad a tu negocio sin importar su tama\u00f1o, asegurando la continuidad de operaciones esenciales.<\/li>\n<\/ul>\n<p>&nbsp;<\/p>\n<h4><strong>Recuerda que tambi\u00e9n contamos con el servicio de venta de equipos a nivel nacional:<\/strong><\/h4>\n<p>Venta <a href=\"https:\/\/upscomunicaciones.com\/categoria-producto\/ups-interactiva\/?swcfpc=1\">UPS<\/a> tipo torre, venta UPS interactiva, venta de UPS tipo rack, venta UPS Smart APC, venta UPS modular, venta UPS escalable, venta UPS online, UPS paralelo, UPS hibrida, UPS solar, Inversor Solar, UPS en serie, UPS contingencia, bater\u00edas secas, tarjetas de control <a href=\"https:\/\/es.wikipedia.org\/wiki\/Protocolo_simple_de_administraci%C3%B3n_de_red\">SNMP<\/a>, inversores y paneles solares.<\/p>\n","protected":false},"excerpt":{"rendered":"<h2>BATER\u00cdAS FULI BATTERY 12V 35AH<\/h2>\n<p>Estas bater\u00edas cuentan con tecnolog\u00eda AGM, placas de alto rendimiento y electrolito optimizado para proporcionar potencia adicional. Son selladas y no requieren mantenimiento, lo que simplifica su uso, y su dise\u00f1o sin oxidaci\u00f3n garantiza una durabilidad duradera. Con opciones de cubierta de ABS con clasificaci\u00f3n UL94HB o UL94V-0, estas bater\u00edas tambi\u00e9n incorporan una v\u00e1lvula de seguridad a prueba de explosiones, brindando alta calidad, confiabilidad y una capacidad impresionante de recuperaci\u00f3n de descargas profundas. Su dise\u00f1o vers\u00e1til permite la instalaci\u00f3n en diversas posiciones, convirti\u00e9ndolas en una elecci\u00f3n ideal para aplicaciones de respaldo de energ\u00eda.<\/p>\n","protected":false},"featured_media":7184,"template":"","meta":[],"product_brand":[158],"product_cat":[149,165,122],"product_tag":[159],"class_list":{"0":"post-7169","1":"product","2":"type-product","3":"status-publish","4":"has-post-thumbnail","6":"product_brand-powest","7":"product_cat-baterias-fuli-battery","8":"product_cat-baterias-powest","9":"product_cat-baterias-secas","10":"product_tag-powest","12":"first","13":"instock","14":"shipping-taxable","15":"product-type-simple"},"aioseo_notices":[],"_links":{"self":[{"href":"https:\/\/marketingads.co\/ups\/wp-json\/wp\/v2\/product\/7169","targetHints":{"allow":["GET"]}}],"collection":[{"href":"https:\/\/marketingads.co\/ups\/wp-json\/wp\/v2\/product"}],"about":[{"href":"https:\/\/marketingads.co\/ups\/wp-json\/wp\/v2\/types\/product"}],"wp:featuredmedia":[{"embeddable":true,"href":"https:\/\/marketingads.co\/ups\/wp-json\/wp\/v2\/media\/7184"}],"wp:attachment":[{"href":"https:\/\/marketingads.co\/ups\/wp-json\/wp\/v2\/media?parent=7169"}],"wp:term":[{"taxonomy":"product_brand","embeddable":true,"href":"https:\/\/marketingads.co\/ups\/wp-json\/wp\/v2\/product_brand?post=7169"},{"taxonomy":"product_cat","embeddable":true,"href":"https:\/\/marketingads.co\/ups\/wp-json\/wp\/v2\/product_cat?post=7169"},{"taxonomy":"product_tag","embeddable":true,"href":"https:\/\/marketingads.co\/ups\/wp-json\/wp\/v2\/product_tag?post=7169"}],"curies":[{"name":"wp","href":"https:\/\/api.w.org\/{rel}","templated":true}]}}