{"id":7173,"date":"2025-08-11T15:05:45","date_gmt":"2025-08-11T20:05:45","guid":{"rendered":"https:\/\/marketingads.com.co\/ups\/?post_type=product&#038;p=7173"},"modified":"2025-08-11T15:11:17","modified_gmt":"2025-08-11T20:11:17","slug":"baterias-fuli-battery-12v-80ah","status":"publish","type":"product","link":"https:\/\/marketingads.co\/ups\/producto\/baterias-fuli-battery-12v-80ah\/","title":{"rendered":"BATER\u00cdAS FULI BATTERY 12V 80AH"},"content":{"rendered":"<p>La serie de bater\u00eda de <strong>FULI BATTERY 12V 80AH<\/strong> GS (serie general) de FULI est\u00e1 dise\u00f1ada con AGM (Absorbent Glass Mat) y es usada para aplicaciones generales como UPS, telecomunicaciones, usos el\u00e9ctricos generales, etc. La vida \u00fatil de las bater\u00edas de capacidad inferior a 33Ah es 3~5 a\u00f1os; y la de las bater\u00edas de capacidad de m\u00e1s de 33Ah es de 8~10 a\u00f1os. Esta serie de bater\u00edas cumple con las normas internacionales como IEC896- 2, BS6290- 4 y la norma de la Asociaci\u00f3n de Fabricantes de Bater\u00eda El\u00e9ctrica de Europea. La cubierta de ABS de esta serie de bater\u00eda tiene un grado retardante al fuego V0.<\/p>\n<p>&nbsp;<\/p>\n<h2><strong>Caracter\u00edsticas BATER\u00cdAS FULI BATTERY 12V 80AH:<\/strong><\/h2>\n<ol>\n<li>Selladas y libres de mantenimiento.<\/li>\n<li>Dise\u00f1o libre de oxidaci\u00f3n.<\/li>\n<li>Cubierta ABS disponible de UL94HB, UL94V-0.<\/li>\n<li>Instalaci\u00f3n de v\u00e1lvula de seguridad prueba de explosiones.<\/li>\n<li>Alta calidad y alta confiabilidad.<\/li>\n<li>Las Bater\u00edas de la serie Fulibattery GS se pueden almacenar durante un m\u00e1ximo de 6 meses a 25\u00b0C (77\u00b0F) y luego se requiere una carga de reposici\u00f3n.Para temperaturas m\u00e1s altas del intervalo de tiempo ser\u00e1 m\u00e1s corto.<\/li>\n<li>Recuperaci\u00f3n de descarga profunda excepcionales.<\/li>\n<li>Dise\u00f1o flexible para la instalaci\u00f3n en diferentes posiciones..<\/li>\n<li>Maxima corriente de descarga: 1127A(5s).<\/li>\n<\/ol>\n<h3>Aplicaciones en Diversos Sectores, Esta potente soluci\u00f3n encuentra su lugar en diversas industrias y negocios, como:<\/h3>\n<ul>\n<li>\ud83d\udcde <strong>Call Centers:<\/strong> Mant\u00e9n las comunicaciones ininterrumpidas y los datos protegidos durante cortes de energ\u00eda.<\/li>\n<li>\ud83d\udda5\ufe0f <strong>Servidores:<\/strong> Protege tus servidores y equipos de red para evitar p\u00e9rdidas de datos y tiempos de inactividad.<\/li>\n<li>\ud83c\udfe5 <strong>Sector M\u00e9dico:<\/strong> Asegura el funcionamiento continuo de equipos m\u00e9dicos y odontol\u00f3gicos cr\u00edticos para la atenci\u00f3n de pacientes.<\/li>\n<li>\ud83c\udfed <strong>Industria:<\/strong> Protege tus equipos industriales sensibles y evita da\u00f1os costosos debido a interrupciones de energ\u00eda.<\/li>\n<li>\ud83d\udc65 <strong>Empresas Medianas y Peque\u00f1as:<\/strong> Brinda tranquilidad a tu negocio sin importar su tama\u00f1o, asegurando la continuidad de operaciones esenciales.<\/li>\n<\/ul>\n<p>&nbsp;<\/p>\n<h4><strong>Recuerda que tambi\u00e9n contamos con el servicio de venta de equipos a nivel nacional:<\/strong><\/h4>\n<p>Venta <a href=\"https:\/\/upscomunicaciones.com\/categoria-producto\/ups-interactiva\/?swcfpc=1\">UPS<\/a> tipo torre, venta UPS interactiva, venta de UPS tipo rack, venta UPS Smart APC, venta UPS modular, venta UPS escalable, venta UPS online, UPS paralelo, UPS hibrida, UPS solar, Inversor Solar, UPS en serie, UPS contingencia, bater\u00edas secas, tarjetas de control <a href=\"https:\/\/es.wikipedia.org\/wiki\/Protocolo_simple_de_administraci%C3%B3n_de_red\">SNMP<\/a>, inversores y paneles solares.<\/p>\n<p>&nbsp;<\/p>\n","protected":false},"excerpt":{"rendered":"<h2>BATER\u00cdAS FULI BATTERY 12V 80AH<\/h2>\n<p>Su cubierta de ABS con clasificaci\u00f3n V0 retardante al fuego proporciona seguridad adicional. Estas bater\u00edas son selladas y sin mantenimiento, con un dise\u00f1o resistente a la oxidaci\u00f3n, alta confiabilidad y una excepcional capacidad de recuperaci\u00f3n de descargas profundas. Su flexibilidad de instalaci\u00f3n en diferentes posiciones las hace ideales para una variedad de aplicaciones, y pueden almacenarse hasta 6 meses a 25\u00b0C antes de requerir una recarga, con un intervalo de tiempo m\u00e1s corto a temperaturas m\u00e1s altas. Adem\u00e1s, tienen una m\u00e1xima corriente de descarga de 1127A (5s).<\/p>\n","protected":false},"featured_media":7188,"template":"","meta":[],"product_brand":[158],"product_cat":[149,165,122],"product_tag":[159],"class_list":{"0":"post-7173","1":"product","2":"type-product","3":"status-publish","4":"has-post-thumbnail","6":"product_brand-powest","7":"product_cat-baterias-fuli-battery","8":"product_cat-baterias-powest","9":"product_cat-baterias-secas","10":"product_tag-powest","12":"first","13":"instock","14":"shipping-taxable","15":"product-type-simple"},"aioseo_notices":[],"_links":{"self":[{"href":"https:\/\/marketingads.co\/ups\/wp-json\/wp\/v2\/product\/7173","targetHints":{"allow":["GET"]}}],"collection":[{"href":"https:\/\/marketingads.co\/ups\/wp-json\/wp\/v2\/product"}],"about":[{"href":"https:\/\/marketingads.co\/ups\/wp-json\/wp\/v2\/types\/product"}],"wp:featuredmedia":[{"embeddable":true,"href":"https:\/\/marketingads.co\/ups\/wp-json\/wp\/v2\/media\/7188"}],"wp:attachment":[{"href":"https:\/\/marketingads.co\/ups\/wp-json\/wp\/v2\/media?parent=7173"}],"wp:term":[{"taxonomy":"product_brand","embeddable":true,"href":"https:\/\/marketingads.co\/ups\/wp-json\/wp\/v2\/product_brand?post=7173"},{"taxonomy":"product_cat","embeddable":true,"href":"https:\/\/marketingads.co\/ups\/wp-json\/wp\/v2\/product_cat?post=7173"},{"taxonomy":"product_tag","embeddable":true,"href":"https:\/\/marketingads.co\/ups\/wp-json\/wp\/v2\/product_tag?post=7173"}],"curies":[{"name":"wp","href":"https:\/\/api.w.org\/{rel}","templated":true}]}}