{"id":7177,"date":"2025-08-11T15:05:50","date_gmt":"2025-08-11T20:05:50","guid":{"rendered":"https:\/\/marketingads.com.co\/ups\/?post_type=product&#038;p=7177"},"modified":"2025-08-11T15:11:14","modified_gmt":"2025-08-11T20:11:14","slug":"baterias-fuli-battery-12v-150h","status":"publish","type":"product","link":"https:\/\/marketingads.co\/ups\/producto\/baterias-fuli-battery-12v-150h\/","title":{"rendered":"BATER\u00cdAS FULI BATTERY 12V 150H"},"content":{"rendered":"<p>La serie de BATER\u00cdAS FULI BATTERY 12V 150H, perteneciente a la categor\u00eda general de FULI, representa una soluci\u00f3n robusta y vers\u00e1til dise\u00f1ada con tecnolog\u00eda AGM (Absorbent Glass Mat) para aplicaciones generales como sistemas UPS, telecomunicaciones y diversas aplicaciones el\u00e9ctricas.<\/p>\n<p>&nbsp;<\/p>\n<h2><strong>Caracter\u00edsticas BATER\u00cdAS FULI BATTERY 12V 150H:<\/strong><\/h2>\n<ol>\n<li>Selladas y libres de mantenimiento.<\/li>\n<li>Dise\u00f1o libre de oxidaci\u00f3n.<\/li>\n<li>No hay l\u00edmite en la carga inicial de tensi\u00f3n actual. 13.5V ~ 13.8V a 25\u00b0C (77\u00b0 F) Temp. Coeficiente -20mV \/\u00b00C<\/li>\n<li>Cubierta ABS disponible de UL94HB, UL94V-0.<\/li>\n<li>Corriente de carga inicial de menos de 45.0A. Voltage. 14.4V ~ 15.0V a 25\u00b0 C (77\u00b0 F) de temperatura. Coeficiente -30mV\/ \u00b0C.<\/li>\n<li>Instalaci\u00f3n de v\u00e1lvula de seguridad prueba de explosiones.<\/li>\n<li>Alta calidad y alta confiabilidad.<\/li>\n<li>Recuperaci\u00f3n de descarga profunda excepcionales.<\/li>\n<li>Dise\u00f1o flexible para la instalaci\u00f3n en diferentes posiciones.<\/li>\n<li>Terminal de conexion T11-M8.<\/li>\n<li>Las Bater\u00edas de la serie Fulibattery GS se pueden almacenar durante un m\u00e1ximo de 6 meses a 25\u00b0C (77\u00b0F) y luego se requiere una carga de reposici\u00f3n.Para temperaturas m\u00e1s altas del intervalo de tiempo ser\u00e1 m\u00e1s corto.<\/li>\n<\/ol>\n<h3>Aplicaciones en Diversos Sectores, Esta potente soluci\u00f3n encuentra su lugar en diversas industrias y negocios, como:<\/h3>\n<ul>\n<li>\ud83d\udcde <strong>Call Centers:<\/strong> Mant\u00e9n las comunicaciones ininterrumpidas y los datos protegidos durante cortes de energ\u00eda.<\/li>\n<li>\ud83d\udda5\ufe0f <strong>Servidores:<\/strong> Protege tus servidores y equipos de red para evitar p\u00e9rdidas de datos y tiempos de inactividad.<\/li>\n<li>\ud83c\udfe5 <strong>Sector M\u00e9dico:<\/strong> Asegura el funcionamiento continuo de equipos m\u00e9dicos y odontol\u00f3gicos cr\u00edticos para la atenci\u00f3n de pacientes.<\/li>\n<li>\ud83c\udfed <strong>Industria:<\/strong> Protege tus equipos industriales sensibles y evita da\u00f1os costosos debido a interrupciones de energ\u00eda.<\/li>\n<li>\ud83d\udc65 <strong>Empresas Medianas y Peque\u00f1as:<\/strong> Brinda tranquilidad a tu negocio sin importar su tama\u00f1o, asegurando la continuidad de operaciones esenciales.<\/li>\n<\/ul>\n<p>&nbsp;<\/p>\n<h4><strong>Recuerda que tambi\u00e9n contamos con el servicio de venta de equipos a nivel nacional:<\/strong><\/h4>\n<p>Venta <a href=\"https:\/\/upscomunicaciones.com\/categoria-producto\/ups-interactiva\/?swcfpc=1\">UPS<\/a> tipo torre, venta UPS interactiva, venta de UPS tipo rack, venta UPS Smart APC, venta UPS modular, venta UPS escalable, venta UPS online, UPS paralelo, UPS hibrida, UPS solar, Inversor Solar, UPS en serie, UPS contingencia, bater\u00edas secas, tarjetas de control <a href=\"https:\/\/es.wikipedia.org\/wiki\/Protocolo_simple_de_administraci%C3%B3n_de_red\">SNMP<\/a>, inversores y paneles solares.<\/p>\n<p>&nbsp;<\/p>\n<p>&nbsp;<\/p>\n","protected":false},"excerpt":{"rendered":"<h2>BATER\u00cdAS FULI BATTERY 12V 150H<\/h2>\n<p>Cumplen con los est\u00e1ndares internacionales IEC896-2, BS6290-4 y las normativas de la Asociaci\u00f3n de Fabricantes de Bater\u00eda El\u00e9ctrica Europea, garantizando calidad y seguridad. Su cubierta de ABS cuenta con una clasificaci\u00f3n V0 retardante al fuego, a\u00f1adiendo una capa adicional de protecci\u00f3n. Adem\u00e1s, su dise\u00f1o permite una instalaci\u00f3n flexible en diversas posiciones, y las bater\u00edas cuentan con terminales de conexi\u00f3n T11-M8. Son selladas, libres de mantenimiento y sobresalen en recuperaci\u00f3n de descargas profundas, lo que las convierte en una elecci\u00f3n confiable y vers\u00e1til para una amplia gama de aplicaciones.<\/p>\n","protected":false},"featured_media":7192,"template":"","meta":[],"product_brand":[158],"product_cat":[149,165,122],"product_tag":[159],"class_list":{"0":"post-7177","1":"product","2":"type-product","3":"status-publish","4":"has-post-thumbnail","6":"product_brand-powest","7":"product_cat-baterias-fuli-battery","8":"product_cat-baterias-powest","9":"product_cat-baterias-secas","10":"product_tag-powest","12":"first","13":"instock","14":"shipping-taxable","15":"product-type-simple"},"aioseo_notices":[],"_links":{"self":[{"href":"https:\/\/marketingads.co\/ups\/wp-json\/wp\/v2\/product\/7177","targetHints":{"allow":["GET"]}}],"collection":[{"href":"https:\/\/marketingads.co\/ups\/wp-json\/wp\/v2\/product"}],"about":[{"href":"https:\/\/marketingads.co\/ups\/wp-json\/wp\/v2\/types\/product"}],"wp:featuredmedia":[{"embeddable":true,"href":"https:\/\/marketingads.co\/ups\/wp-json\/wp\/v2\/media\/7192"}],"wp:attachment":[{"href":"https:\/\/marketingads.co\/ups\/wp-json\/wp\/v2\/media?parent=7177"}],"wp:term":[{"taxonomy":"product_brand","embeddable":true,"href":"https:\/\/marketingads.co\/ups\/wp-json\/wp\/v2\/product_brand?post=7177"},{"taxonomy":"product_cat","embeddable":true,"href":"https:\/\/marketingads.co\/ups\/wp-json\/wp\/v2\/product_cat?post=7177"},{"taxonomy":"product_tag","embeddable":true,"href":"https:\/\/marketingads.co\/ups\/wp-json\/wp\/v2\/product_tag?post=7177"}],"curies":[{"name":"wp","href":"https:\/\/api.w.org\/{rel}","templated":true}]}}