{"id":721,"date":"2025-07-04T15:05:43","date_gmt":"2025-07-04T20:05:43","guid":{"rendered":"https:\/\/marketingads.com.co\/ups\/?post_type=product&#038;p=721"},"modified":"2025-12-18T20:06:27","modified_gmt":"2025-12-18T20:06:27","slug":"ups-cdp-100kva-90kw-online-torre-upo33-100pf365","status":"publish","type":"product","link":"https:\/\/marketingads.co\/ups\/producto\/ups-cdp-100kva-90kw-online-torre-upo33-100pf365\/","title":{"rendered":"UPS CDP 100KVA-90KW ONLINE TORRE UPO33-100PF365"},"content":{"rendered":"<p>UPS CDP 100KVA-90KW ONLINE TORRE UPO33-100PF365 es Industrial trif\u00e1sico con tecnolog\u00eda de control microprocesado, ofrece confiabilidad y actualizaciones de firmware.<br \/>\nAs\u00ed mismo, se distingue por su simpleza y practicidad al reducir la cantidad de componentes f\u00edsicos que com\u00fanmente poseen los UPS de esta generac\u00edon, convirti\u00e9ndolo as\u00ed en un equipo integral, eficiente e innovador en su rango.<\/p>\n<p>Equipado con un transformador de aislamiento de baja frecuencia, este UPS en l\u00ednea de 3 fases y 100KVA es un caballo de batalla en aplicaciones industriales. Es ideal para minas, f\u00e1bricas y entornos el\u00e9ctricos exigentes, donde los UPS convencionales fallan. Adem\u00e1s, cuenta con potente DSP y comunicaci\u00f3n para garantizar confiabilidad en entornos hostiles.s.<br \/>\nDisponible en 208, 380 y 600VCA 50\/60HZ. El transformador de aislamiento de baja frecuencia reproduce 208\/220VCA perfectos eliminando picos, ruido de l\u00ednea o fluctuaciones de voltaje independientemente de los problemas de voltaje de entrada. Incluye certificaciones de agencias reguladoras internacionales como CE, NOM, TUV, Retie.<\/p>\n<h4>Aplicaciones en Diversos Sectores, Esta potente soluci\u00f3n encuentra su lugar en diversas industrias y negocios, como:<\/h4>\n<ul>\n<li>\ud83d\udcde <strong>Call Centers:<\/strong> Mant\u00e9n las comunicaciones ininterrumpidas y los datos protegidos durante cortes de energ\u00eda.<\/li>\n<li>\ud83d\udda5\ufe0f <strong>Servidores:<\/strong> Protege tus servidores y equipos de red para evitar p\u00e9rdidas de datos y tiempos de inactividad.<\/li>\n<li>\ud83c\udfe5 <strong>Sector M\u00e9dico:<\/strong> Asegura el funcionamiento continuo de equipos m\u00e9dicos y odontol\u00f3gicos cr\u00edticos para la atenci\u00f3n de pacientes.<\/li>\n<li>\ud83c\udfed <strong>Industria:<\/strong> Protege tus equipos industriales sensibles y evita da\u00f1os costosos debido a interrupciones de energ\u00eda.<\/li>\n<li>\ud83d\udc65 <strong>Empresas Medianas y Peque\u00f1as:<\/strong> Brinda tranquilidad a tu negocio sin importar su tama\u00f1o, asegurando la continuidad de operaciones esenciales.<\/li>\n<\/ul>\n<h4><strong>Recuerda que tambi\u00e9n contamos con el servicio de venta de equipos a nivel nacional:<\/strong><\/h4>\n<p>Venta <a href=\"https:\/\/upscomunicaciones.com\/categoria-producto\/ups-online\/?swcfpc=1\">UPS<\/a> tipo torre, venta UPS interactiva, venta de UPS tipo rack, venta UPS Smart APC, venta UPS modular, venta UPS escalable, venta UPS online, UPS paralelo, UPS hibrida, UPS solar, Inversor Solar, UPS en serie, UPS contingencia, bater\u00edas secas, tarjetas de control SNMP, inversores y <a href=\"https:\/\/es.wikipedia.org\/wiki\/Panel_solar\">paneles solares<\/a>.<\/p>\n","protected":false},"excerpt":{"rendered":"<p>UPS CDP 100KVA-90KW ONLINE TORRE UPO33-100PF365 Innovador y confiable, simplifica componentes para ser integral y eficiente. Ideal para entornos industriales exigentes, con actualizaciones de firmware y certificaciones internacionales.<\/p>\n","protected":false},"featured_media":792,"template":"","meta":[],"product_brand":[133],"product_cat":[121,155],"product_tag":[134],"class_list":{"0":"post-721","1":"product","2":"type-product","3":"status-publish","4":"has-post-thumbnail","6":"product_brand-cdp","7":"product_cat-ups-online","8":"product_cat-ups-cdp-ups-online","9":"product_tag-cdp","11":"first","12":"instock","13":"shipping-taxable","14":"product-type-simple"},"aioseo_notices":[],"_links":{"self":[{"href":"https:\/\/marketingads.co\/ups\/wp-json\/wp\/v2\/product\/721","targetHints":{"allow":["GET"]}}],"collection":[{"href":"https:\/\/marketingads.co\/ups\/wp-json\/wp\/v2\/product"}],"about":[{"href":"https:\/\/marketingads.co\/ups\/wp-json\/wp\/v2\/types\/product"}],"wp:featuredmedia":[{"embeddable":true,"href":"https:\/\/marketingads.co\/ups\/wp-json\/wp\/v2\/media\/792"}],"wp:attachment":[{"href":"https:\/\/marketingads.co\/ups\/wp-json\/wp\/v2\/media?parent=721"}],"wp:term":[{"taxonomy":"product_brand","embeddable":true,"href":"https:\/\/marketingads.co\/ups\/wp-json\/wp\/v2\/product_brand?post=721"},{"taxonomy":"product_cat","embeddable":true,"href":"https:\/\/marketingads.co\/ups\/wp-json\/wp\/v2\/product_cat?post=721"},{"taxonomy":"product_tag","embeddable":true,"href":"https:\/\/marketingads.co\/ups\/wp-json\/wp\/v2\/product_tag?post=721"}],"curies":[{"name":"wp","href":"https:\/\/api.w.org\/{rel}","templated":true}]}}