{"id":725,"date":"2025-07-04T15:05:47","date_gmt":"2025-07-04T20:05:47","guid":{"rendered":"https:\/\/marketingads.com.co\/ups\/?post_type=product&#038;p=725"},"modified":"2025-12-17T20:45:38","modified_gmt":"2025-12-17T20:45:38","slug":"ups-cdp-1kva-900w-120v-online-torre-upo11-1","status":"publish","type":"product","link":"https:\/\/marketingads.co\/ups\/producto\/ups-cdp-1kva-900w-120v-online-torre-upo11-1\/","title":{"rendered":"UPS CDP 1KVA-900W 120V ONLINE TORRE UPO11-1"},"content":{"rendered":"<p>UPS CDP 1KVA-900W 120V ONLINE TORRE UPO11-1, en l\u00ednea de doble conversi\u00f3n onda senoidal pura, factor de potencia 0.9 a la salida, bater\u00edas incorporadas y un amplio rango de voltaje de entrada de 60Vca a 150Vca. Rango de frecuencia a la entrada de 40-70hz voltaje de salida seleccionable de 110 &#8211; 115 &#8211; 120 -127Vca. Frecuencia de salida 50 o 60Hz +\/-0.1Hz. Autodiagn\u00f3stico autom\u00e1tico, pantalla LCD. Elimina el 99% de los problemas el\u00e9ctricos, puertos de comunicaci\u00f3n integrados USB y RS232.<\/p>\n<p>Monitoreo local o Remoto SNMP (opcional) sensores ambientales temperatura humedad EMD (opcionales) Capacidad de conversi\u00f3n de frecuencia 60hz\/50hz. Monitoreo compatible con Windows 2000\/ 2003 \/ XP\/ vista \/ 2008 \/ 7 \/ 8 \/10 Linux y MAC.<\/p>\n<p>Soporta corto circuito con protecci\u00f3n digital el cual es m\u00e1s r\u00e1pido que los dispositivos t\u00e9rmicos. Protecci\u00f3n picos de voltaje, filtros EMI. Arranque en frio y certificaciones de agencias reguladoras internacionales como NOM, ISO9001-2015, ISO14001, RETIE, RoHS, CE.<\/p>\n<h4>Aplicaciones en Diversos Sectores, Esta potente soluci\u00f3n encuentra su lugar en diversas industrias y negocios, como:<\/h4>\n<ul>\n<li>\ud83d\udcde <strong>Call Centers:<\/strong> Mant\u00e9n las comunicaciones ininterrumpidas y los datos protegidos durante cortes de energ\u00eda.<\/li>\n<li>\ud83d\udda5\ufe0f <strong>Servidores:<\/strong> Protege tus servidores y equipos de red para evitar p\u00e9rdidas de datos y tiempos de inactividad.<\/li>\n<li>\ud83c\udfe5 <strong>Sector M\u00e9dico:<\/strong> Asegura el funcionamiento continuo de equipos m\u00e9dicos y odontol\u00f3gicos cr\u00edticos para la atenci\u00f3n de pacientes.<\/li>\n<li>\ud83c\udfed <strong>Industria:<\/strong> Protege tus equipos industriales sensibles y evita da\u00f1os costosos debido a interrupciones de energ\u00eda.<\/li>\n<li>\ud83d\udc65 <strong>Empresas Medianas y Peque\u00f1as:<\/strong> Brinda tranquilidad a tu negocio sin importar su tama\u00f1o, asegurando la continuidad de operaciones esenciales.<\/li>\n<\/ul>\n<h4><strong>Recuerda que tambi\u00e9n contamos con el servicio de venta de equipos a nivel nacional:<\/strong><\/h4>\n<p>Venta <a href=\"https:\/\/upscomunicaciones.com\/categoria-producto\/ups-online\/?swcfpc=1\">UPS<\/a> tipo torre, venta UPS interactiva, venta de UPS tipo rack, venta UPS Smart APC, venta UPS modular, venta UPS escalable, venta UPS online, UPS paralelo, UPS hibrida, UPS solar, Inversor Solar, UPS en serie, UPS contingencia, bater\u00edas secas, tarjetas de control SNMP, inversores y <a href=\"https:\/\/es.wikipedia.org\/wiki\/Panel_solar\">paneles solares<\/a>.<\/p>\n","protected":false},"excerpt":{"rendered":"<p>\u00a1Descubre la torre en l\u00ednea de doble conversi\u00f3n de 1000VA, un poderoso sistema para montaje en piso! Sus bater\u00edas de potencia completa, extensibles hasta 3 veces, junto con un amplio rango de voltaje de entrada y salidas precisas, hacen que este equipo sea tu aliado perfecto. Equipado con diagn\u00f3sticos autom\u00e1ticos y pantallas LCD avanzadas, ofrece control remoto y monitoreo mientras su avanzado transformador garantiza una corriente alterna impecable, libre de picos y fluctuaciones. \u00a1Certificaciones internacionales avalan su dise\u00f1o compacto y confiable para una total tranquilidad!<\/p>\n","protected":false},"featured_media":804,"template":"","meta":[],"product_brand":[133],"product_cat":[121,155],"product_tag":[134],"class_list":{"0":"post-725","1":"product","2":"type-product","3":"status-publish","4":"has-post-thumbnail","6":"product_brand-cdp","7":"product_cat-ups-online","8":"product_cat-ups-cdp-ups-online","9":"product_tag-cdp","11":"first","12":"instock","13":"shipping-taxable","14":"product-type-simple"},"aioseo_notices":[],"_links":{"self":[{"href":"https:\/\/marketingads.co\/ups\/wp-json\/wp\/v2\/product\/725","targetHints":{"allow":["GET"]}}],"collection":[{"href":"https:\/\/marketingads.co\/ups\/wp-json\/wp\/v2\/product"}],"about":[{"href":"https:\/\/marketingads.co\/ups\/wp-json\/wp\/v2\/types\/product"}],"wp:featuredmedia":[{"embeddable":true,"href":"https:\/\/marketingads.co\/ups\/wp-json\/wp\/v2\/media\/804"}],"wp:attachment":[{"href":"https:\/\/marketingads.co\/ups\/wp-json\/wp\/v2\/media?parent=725"}],"wp:term":[{"taxonomy":"product_brand","embeddable":true,"href":"https:\/\/marketingads.co\/ups\/wp-json\/wp\/v2\/product_brand?post=725"},{"taxonomy":"product_cat","embeddable":true,"href":"https:\/\/marketingads.co\/ups\/wp-json\/wp\/v2\/product_cat?post=725"},{"taxonomy":"product_tag","embeddable":true,"href":"https:\/\/marketingads.co\/ups\/wp-json\/wp\/v2\/product_tag?post=725"}],"curies":[{"name":"wp","href":"https:\/\/api.w.org\/{rel}","templated":true}]}}