{"id":7869,"date":"2026-01-14T17:39:10","date_gmt":"2026-01-14T22:39:10","guid":{"rendered":"https:\/\/marketingads.co\/ups\/?post_type=product&#038;p=7869"},"modified":"2026-01-14T17:47:38","modified_gmt":"2026-01-14T22:47:38","slug":"ups-tripp-lite-900va-480w-interactiva-vs900t","status":"publish","type":"product","link":"https:\/\/marketingads.co\/ups\/producto\/ups-tripp-lite-900va-480w-interactiva-vs900t\/","title":{"rendered":"Ups TRIPP LITE 900VA-480W Interactiva VS900T"},"content":{"rendered":"<p>Este Ups TRIPP LITE 900VA-480W Interactiva con protecci\u00f3n AVR proporciona confiable respaldo por bater\u00eda y protecci\u00f3n de energ\u00eda de CA contra apagones, ca\u00eddas de voltaje, sobretensiones y ruido en la l\u00ednea que pueden da\u00f1ar<br \/>\nvaliosos aparatos electr\u00f3nicos o destruir la informaci\u00f3n. El respaldo por bater\u00eda de 120V con seis tomacorrientes es la protecci\u00f3n ideal para sus componentes de oficina en casa, centro de los medios o comercio, incluyendo computadoras, ruteadores, impresoras, HDTVs, reproductores Blu-ray, consolas de juego, cajeros autom\u00e1ticos, sistemas de seguridad y equipo de se\u00f1alizaci\u00f3n digital.<\/p>\n<p>El soporte de respaldo le permite trabajar durante apagones breves y le da tiempo suficiente para guardar archivos y apagar de forma segura su sistema en caso de un apag\u00f3n prolongado. El tiempo de respaldo<br \/>\nvar\u00eda seg\u00fan la carga, pero el sistema UPS interactivo mantendr\u00e1 alimentada una computadora de escritorio eficiente en energ\u00eda con monitor LCD peque\u00f1o por hasta 44 minutos. Durante la operaci\u00f3n normal, la energ\u00eda entrante de la red p\u00fablica mantiene totalmente cargada la bater\u00eda interna reemplazable de modo que siempre est\u00e9 disponible energ\u00eda de respaldo.<\/p>\n<h4>Caracteristicas de la Ups TRIPP LITE 900VA-480W Interactiva:<\/h4>\n<ol>\n<li>6 Tomacorrientes NEMA 5-15R.<\/li>\n<li>La Regulaci\u00f3n Autom\u00e1tica de Voltaje (AVR) Corrige Condiciones de Bajo Voltaje.<\/li>\n<li>Combate la Interferencia Electromagn\u00e9tica que Puede Da\u00f1ar al Equipo.<\/li>\n<li>La pantalla de LEDs de f\u00e1cil lectura reporta en tiempo real el estado del UPS y la energ\u00eda.<\/li>\n<li>Factor de Forma en Torre para F\u00e1cil Colocaci\u00f3n en su Espacio de Trabajo o Centro de Medios.<\/li>\n<li>4 tomacorrientes en el UPS regulados.<\/li>\n<li>2 tomacorrientes s\u00f3lo para sobretensiones.<\/li>\n<li>alarma audible indica estado de bater\u00eda baja, falla, sobrecarga y reemplazo de bater\u00edas.<\/li>\n<\/ol>\n<h4>Aplicaciones en Diversos Sectores, Esta potente soluci\u00f3n encuentra su lugar en diversas industrias y negocios, como:<\/h4>\n<ul>\n<li>\ud83d\udcde <strong>Call Centers:<\/strong> Mant\u00e9n las comunicaciones ininterrumpidas y los datos protegidos durante cortes de energ\u00eda.<\/li>\n<li>\ud83d\udda5\ufe0f <strong>Servidores:<\/strong> Protege tus servidores y equipos de red para evitar p\u00e9rdidas de datos y tiempos de inactividad.<\/li>\n<li>\ud83c\udfe5 <strong>Sector M\u00e9dico:<\/strong> Asegura el funcionamiento continuo de equipos m\u00e9dicos y odontol\u00f3gicos cr\u00edticos para la atenci\u00f3n de pacientes.<\/li>\n<li>\ud83c\udfed <strong>Industria:<\/strong> Protege tus equipos industriales sensibles y evita da\u00f1os costosos debido a interrupciones de energ\u00eda.<\/li>\n<li>\ud83d\udc65 <strong>Empresas Medianas y Peque\u00f1as:<\/strong> Brinda tranquilidad a tu negocio sin importar su tama\u00f1o, asegurando la continuidad de operaciones esenciales.<\/li>\n<\/ul>\n<h4><strong>Recuerda que tambi\u00e9n contamos con el servicio de venta de equipos a nivel nacional:<\/strong><\/h4>\n<p>Venta <a href=\"https:\/\/upscomunicaciones.com\/categoria-producto\/ups-online\">UPS<\/a> tipo torre, venta UPS interactiva, venta de UPS tipo rack, venta UPS Smart APC, venta UPS modular, venta UPS escalable, venta UPS online, UPS paralelo, UPS hibrida, UPS solar, Inversor Solar, UPS en serie, UPS contingencia, bater\u00edas secas, tarjetas de control SNMP, inversores y <a href=\"https:\/\/es.wikipedia.org\/wiki\/Panel_solar\">paneles solares<\/a>.<\/p>\n","protected":false},"excerpt":{"rendered":"<p>Este UPS interactivo ofrece respaldo b\u00e1sico por bater\u00eda con protecci\u00f3n AVR para su computadora de oficina, instalaci\u00f3n de home theater o se\u00f1alizaci\u00f3n digital.<\/p>\n<ul>\n<li>Protege equipo valioso de los peligros causados por ca\u00eddas de voltaje, sobretensiones y ruido en la l\u00ednea<\/li>\n<li>El respaldo por bater\u00eda con AVR permite tiempo para guardar archivos y apagar con seguridad durante los apagones<\/li>\n<li>6 tomacorrientes NEMA 5-15R proporcionan alimentaci\u00f3n a PC, home theater o equipo de se\u00f1alizaci\u00f3n digital<\/li>\n<li>La alarma y los LEDs en el panel frontal informan de las condiciones en la l\u00ednea, falla de bater\u00eda y sobrecarga<\/li>\n<li>Alta eficiencia del 95% con bajas tasas de BTU ahorran energ\u00eda y reducen sus costos de energ\u00eda<\/li>\n<\/ul>\n","protected":false},"featured_media":7874,"template":"","meta":[],"product_brand":[167],"product_cat":[120,145],"product_tag":[169],"class_list":{"0":"post-7869","1":"product","2":"type-product","3":"status-publish","4":"has-post-thumbnail","6":"product_brand-tripp-lite","7":"product_cat-ups-interactiva","8":"product_cat-ups-tripp-lite-by-eaton-900va-a-1500va","9":"product_tag-tripp-lite","11":"first","12":"instock","13":"shipping-taxable","14":"product-type-simple"},"aioseo_notices":[],"_links":{"self":[{"href":"https:\/\/marketingads.co\/ups\/wp-json\/wp\/v2\/product\/7869","targetHints":{"allow":["GET"]}}],"collection":[{"href":"https:\/\/marketingads.co\/ups\/wp-json\/wp\/v2\/product"}],"about":[{"href":"https:\/\/marketingads.co\/ups\/wp-json\/wp\/v2\/types\/product"}],"wp:featuredmedia":[{"embeddable":true,"href":"https:\/\/marketingads.co\/ups\/wp-json\/wp\/v2\/media\/7874"}],"wp:attachment":[{"href":"https:\/\/marketingads.co\/ups\/wp-json\/wp\/v2\/media?parent=7869"}],"wp:term":[{"taxonomy":"product_brand","embeddable":true,"href":"https:\/\/marketingads.co\/ups\/wp-json\/wp\/v2\/product_brand?post=7869"},{"taxonomy":"product_cat","embeddable":true,"href":"https:\/\/marketingads.co\/ups\/wp-json\/wp\/v2\/product_cat?post=7869"},{"taxonomy":"product_tag","embeddable":true,"href":"https:\/\/marketingads.co\/ups\/wp-json\/wp\/v2\/product_tag?post=7869"}],"curies":[{"name":"wp","href":"https:\/\/api.w.org\/{rel}","templated":true}]}}