{"id":7876,"date":"2026-01-14T17:47:07","date_gmt":"2026-01-14T22:47:07","guid":{"rendered":"https:\/\/marketingads.co\/ups\/?post_type=product&#038;p=7876"},"modified":"2026-01-14T22:51:45","modified_gmt":"2026-01-14T22:51:45","slug":"ups-tripp-lite-1000va-500w-interactiva-smart100lcd","status":"publish","type":"product","link":"https:\/\/marketingads.co\/ups\/producto\/ups-tripp-lite-1000va-500w-interactiva-smart100lcd\/","title":{"rendered":"Ups TRIPP LITE 1000VA-500W Interactiva SMART100LCD"},"content":{"rendered":"<p>El Sistema de Respaldo Ininterrumpible Ups TRIPP LITE 1000VA Smart Pro Interactivo de 120V, 1000VA\/500W con LCD proporciona respaldo y protecci\u00f3n de energ\u00eda de CA contra apagones, ca\u00eddas de voltaje,<br \/>\nsobretensiones y ruido en la l\u00ednea que pueden da\u00f1ar los aparatos electr\u00f3nicos o destruir la informaci\u00f3n.<\/p>\n<p>Ideal para respaldar su computadora de escritorio o componentes audiovisuales, estos UPS interactivos<br \/>\ncambian a modo de respaldo por bater\u00eda en milisegundos para mantener conectado su equipo por suficiente tiempo para guardar archivos y apagar con seguridad sin p\u00e9rdida de datos. En tanto que todos los ocho tomacorrientes NEMA 5-15R protegen contra sobretensiones, cuatro de estos tomacorrientes ofrecen adem\u00e1s hasta 3 horas de soporte por bater\u00eda del UPS para un componente DVR, 60 minutos para una PC b\u00e1sica de escritorio y monitor LCD y 10 minutos de respaldo a mediacarga (250W).<\/p>\n<p>La regulaci\u00f3n autom\u00e1tica de voltaje (AVR) corrige severos bajos voltajes de hasta 89V sin usar energ\u00eda de la bater\u00eda. La filtraci\u00f3n de ruido EMI\/RFI mejora el rendimiento de su equipo y evita da\u00f1os. Una<br \/>\nespecificaci\u00f3n de supresi\u00f3n de sobretensiones de 1038 joules protege a su equipo contra las da\u00f1inas sobretensiones<\/p>\n<h4>Caracteristicas destacada de la Ups TRIPP LITE 1000VA-500W Interactiva Smart Pro:<\/h4>\n<ol>\n<li>Soporta una PC b\u00e1sica de escritorio por hasta 60 min durante un apag\u00f3n.<\/li>\n<li>Cuenta con 8 tomacorrientes protegidos\u20144 protegidos por bater\u00eda, 4 s\u00f3lo contra sobretensiones.<\/li>\n<li>Ofrece regulaci\u00f3n autom\u00e1tica de voltaje (AVR).<\/li>\n<li>La pantalla LCD reporta en tiempo real el estado del UPS y la energ\u00eda.<\/li>\n<li>Se enchufa en cualquier tomacorriente NEMA 5-15R.<\/li>\n<li>Cable USB.<\/li>\n<li>Manual del Propietario.<\/li>\n<\/ol>\n<h4>Aplicaciones en Diversos Sectores, Esta potente soluci\u00f3n encuentra su lugar en diversas industrias y negocios, como:<\/h4>\n<ul>\n<li>\ud83d\udcde <strong>Call Centers:<\/strong> Mant\u00e9n las comunicaciones ininterrumpidas y los datos protegidos durante cortes de energ\u00eda.<\/li>\n<li>\ud83d\udda5\ufe0f <strong>Servidores:<\/strong> Protege tus servidores y equipos de red para evitar p\u00e9rdidas de datos y tiempos de inactividad.<\/li>\n<li>\ud83c\udfe5 <strong>Sector M\u00e9dico:<\/strong> Asegura el funcionamiento continuo de equipos m\u00e9dicos y odontol\u00f3gicos cr\u00edticos para la atenci\u00f3n de pacientes.<\/li>\n<li>\ud83c\udfed <strong>Industria:<\/strong> Protege tus equipos industriales sensibles y evita da\u00f1os costosos debido a interrupciones de energ\u00eda.<\/li>\n<li>\ud83d\udc65 <strong>Empresas Medianas y Peque\u00f1as:<\/strong> Brinda tranquilidad a tu negocio sin importar su tama\u00f1o, asegurando la continuidad de operaciones esenciales.<\/li>\n<\/ul>\n<h4><strong>Recuerda que tambi\u00e9n contamos con el servicio de venta de equipos a nivel nacional:<\/strong><\/h4>\n<p>Venta <a href=\"https:\/\/upscomunicaciones.com\/categoria-producto\/ups-online\">UPS<\/a> tipo torre, venta UPS interactiva, venta de UPS tipo rack, venta UPS Smart APC, venta UPS modular, venta UPS escalable, venta UPS online, UPS paralelo, UPS hibrida, UPS solar, Inversor Solar, UPS en serie, UPS contingencia, bater\u00edas secas, tarjetas de control SNMP, inversores y <a href=\"https:\/\/es.wikipedia.org\/wiki\/Panel_solar\">paneles solares<\/a>.<\/p>\n","protected":false},"excerpt":{"rendered":"<p>Brinda respaldo y protecci\u00f3n contra apagones, sobretensiones y ruido. Ideal para computadoras y equipos audiovisuales. Cambia a modo de respaldo por bater\u00eda r\u00e1pidamente. Ocho tomacorrientes NEMA 5-15R. Regulaci\u00f3n autom\u00e1tica de voltaje y filtraci\u00f3n de ruido EMI\/RFI. Protecci\u00f3n contra sobretensiones de 1038 joules<\/p>\n","protected":false},"featured_media":7879,"template":"","meta":[],"product_brand":[167],"product_cat":[120,145],"product_tag":[169],"class_list":{"0":"post-7876","1":"product","2":"type-product","3":"status-publish","4":"has-post-thumbnail","6":"product_brand-tripp-lite","7":"product_cat-ups-interactiva","8":"product_cat-ups-tripp-lite-by-eaton-900va-a-1500va","9":"product_tag-tripp-lite","11":"first","12":"instock","13":"shipping-taxable","14":"product-type-simple"},"aioseo_notices":[],"_links":{"self":[{"href":"https:\/\/marketingads.co\/ups\/wp-json\/wp\/v2\/product\/7876","targetHints":{"allow":["GET"]}}],"collection":[{"href":"https:\/\/marketingads.co\/ups\/wp-json\/wp\/v2\/product"}],"about":[{"href":"https:\/\/marketingads.co\/ups\/wp-json\/wp\/v2\/types\/product"}],"wp:featuredmedia":[{"embeddable":true,"href":"https:\/\/marketingads.co\/ups\/wp-json\/wp\/v2\/media\/7879"}],"wp:attachment":[{"href":"https:\/\/marketingads.co\/ups\/wp-json\/wp\/v2\/media?parent=7876"}],"wp:term":[{"taxonomy":"product_brand","embeddable":true,"href":"https:\/\/marketingads.co\/ups\/wp-json\/wp\/v2\/product_brand?post=7876"},{"taxonomy":"product_cat","embeddable":true,"href":"https:\/\/marketingads.co\/ups\/wp-json\/wp\/v2\/product_cat?post=7876"},{"taxonomy":"product_tag","embeddable":true,"href":"https:\/\/marketingads.co\/ups\/wp-json\/wp\/v2\/product_tag?post=7876"}],"curies":[{"name":"wp","href":"https:\/\/api.w.org\/{rel}","templated":true}]}}