{"id":7881,"date":"2026-01-14T19:33:24","date_gmt":"2026-01-15T00:33:24","guid":{"rendered":"https:\/\/marketingads.co\/ups\/?post_type=product&#038;p=7881"},"modified":"2026-01-14T20:01:25","modified_gmt":"2026-01-15T01:01:25","slug":"ups-tripp-lite-1500va-810w-interactiva-omni1500lcdt","status":"publish","type":"product","link":"https:\/\/marketingads.co\/ups\/producto\/ups-tripp-lite-1500va-810w-interactiva-omni1500lcdt\/","title":{"rendered":"Ups TRIPP LITE 1500VA-810W Interactiva OMNI1500LCDT"},"content":{"rendered":"<p>Sistema Ups TRIPP LITE 1500VA-810W Interactiva, ofrece regulaci\u00f3n de voltaje, supresi\u00f3n de sobretensiones y duradero soporte de bater\u00eda para computadoras personales, estaciones de trabajo de red, sistemas de entretenimiento en el hogar y centros multimedia. Los circuitos internos del UPS respaldan el funcionamiento de computadoras personales de nivel b\u00e1sico o componentes individuales de VCR\/DVR durante fallas del suministro el\u00e9ctrico. Evita la p\u00e9rdida de datos, las interrupciones mientras visualiza algo, la p\u00e9rdida de grabaciones y de programaci\u00f3n de componentes.<\/p>\n<p>Los circuitos de regulaci\u00f3n autom\u00e1tica de voltaje (AVR) regulan continuamente las ca\u00eddas de voltaje y sobretensiones de 92V hasta 150V a niveles utilizables, todo esto mientras mantienen la carga completa de la bater\u00eda. Ofrece protecci\u00f3n de energ\u00eda completa en un atractivo dise\u00f1o de gabinete color negro. Incluye 10 tomacorrientes incorporados, 5 con respaldo por bater\u00eda y supresi\u00f3n de sobretensiones para componentes vitales del sistema y otros 5 \u00fanicamente con supresi\u00f3n de sobretensiones para accesorios que no requieren respaldo por bater\u00eda. El puerto USB y el cable incluido permiten el apagado sin supervisi\u00f3n del sistema en forma opcional, sin p\u00e9rdida de datos en caso de fallas prolongadas del suministro el\u00e9ctrico.<\/p>\n<h4>Caracteristicas principales de la Ups TRIPP LITE 1500VA-810W Interactiva:<\/h4>\n<ol>\n<li>UPS interactivo en torre de 120V, 1500VA \/ 1.5kVA con pantalla LCD.<\/li>\n<li>Mantiene la salida CA derivada de la bater\u00eda durante fallas en el suministro el\u00e9ctrico.<\/li>\n<li>Corrige las ca\u00eddas de voltaje y sobrevoltajes de 92-150V.<\/li>\n<li>La interfaz LCD ofrece el estado detallado del UPS e informaci\u00f3n de energ\u00eda del sitio.<\/li>\n<li>Interfaz de USB, TEL\/DSL\/ethernet y supresi\u00f3n de sobretensiones de l\u00ednea coaxial.<\/li>\n<li>Clavija de entrada NEMA 5-15P y 10 tomacorrientes NEMA 5-15R.<\/li>\n<li>Cableado USB.<\/li>\n<\/ol>\n<h4>Aplicaciones en Diversos Sectores, Esta potente soluci\u00f3n encuentra su lugar en diversas industrias y negocios, como:<\/h4>\n<ul>\n<li>\ud83d\udcde <strong>Call Centers:<\/strong> Mant\u00e9n las comunicaciones ininterrumpidas y los datos protegidos durante cortes de energ\u00eda.<\/li>\n<li>\ud83d\udda5\ufe0f <strong>Servidores:<\/strong> Protege tus servidores y equipos de red para evitar p\u00e9rdidas de datos y tiempos de inactividad.<\/li>\n<li>\ud83c\udfe5 <strong>Sector M\u00e9dico:<\/strong> Asegura el funcionamiento continuo de equipos m\u00e9dicos y odontol\u00f3gicos cr\u00edticos para la atenci\u00f3n de pacientes.<\/li>\n<li>\ud83c\udfed <strong>Industria:<\/strong> Protege tus equipos industriales sensibles y evita da\u00f1os costosos debido a interrupciones de energ\u00eda.<\/li>\n<li>\ud83d\udc65 <strong>Empresas Medianas y Peque\u00f1as:<\/strong> Brinda tranquilidad a tu negocio sin importar su tama\u00f1o, asegurando la continuidad de operaciones esenciales.<\/li>\n<\/ul>\n<h4><strong>Recuerda que tambi\u00e9n contamos con el servicio de venta de equipos a nivel nacional:<\/strong><\/h4>\n<p>Venta <a href=\"https:\/\/upscomunicaciones.com\/categoria-producto\/ups-online\">UPS<\/a> tipo torre, venta UPS interactiva, venta de UPS tipo rack, venta UPS Smart APC, venta UPS modular, venta UPS escalable, venta UPS online, UPS paralelo, UPS hibrida, UPS solar, Inversor Solar, UPS en serie, UPS contingencia, bater\u00edas secas, tarjetas de control SNMP, inversores y <a href=\"https:\/\/es.wikipedia.org\/wiki\/Panel_solar\">paneles solares<\/a>.<\/p>\n","protected":false},"excerpt":{"rendered":"<p>UPS interactivo en torre de 120V, 1500VA con pantalla LCD. Mantiene salida durante fallas el\u00e9ctricas, corrige voltajes y ofrece interfaz USB, TEL\/DSL\/ethernet y supresi\u00f3n de sobretensiones. Incluye 10 tomacorrientes.<\/p>\n","protected":false},"featured_media":7887,"template":"","meta":[],"product_brand":[167],"product_cat":[120,145],"product_tag":[169],"class_list":{"0":"post-7881","1":"product","2":"type-product","3":"status-publish","4":"has-post-thumbnail","6":"product_brand-tripp-lite","7":"product_cat-ups-interactiva","8":"product_cat-ups-tripp-lite-by-eaton-900va-a-1500va","9":"product_tag-tripp-lite","11":"first","12":"instock","13":"shipping-taxable","14":"product-type-simple"},"aioseo_notices":[],"_links":{"self":[{"href":"https:\/\/marketingads.co\/ups\/wp-json\/wp\/v2\/product\/7881","targetHints":{"allow":["GET"]}}],"collection":[{"href":"https:\/\/marketingads.co\/ups\/wp-json\/wp\/v2\/product"}],"about":[{"href":"https:\/\/marketingads.co\/ups\/wp-json\/wp\/v2\/types\/product"}],"wp:featuredmedia":[{"embeddable":true,"href":"https:\/\/marketingads.co\/ups\/wp-json\/wp\/v2\/media\/7887"}],"wp:attachment":[{"href":"https:\/\/marketingads.co\/ups\/wp-json\/wp\/v2\/media?parent=7881"}],"wp:term":[{"taxonomy":"product_brand","embeddable":true,"href":"https:\/\/marketingads.co\/ups\/wp-json\/wp\/v2\/product_brand?post=7881"},{"taxonomy":"product_cat","embeddable":true,"href":"https:\/\/marketingads.co\/ups\/wp-json\/wp\/v2\/product_cat?post=7881"},{"taxonomy":"product_tag","embeddable":true,"href":"https:\/\/marketingads.co\/ups\/wp-json\/wp\/v2\/product_tag?post=7881"}],"curies":[{"name":"wp","href":"https:\/\/api.w.org\/{rel}","templated":true}]}}