{"id":7894,"date":"2026-01-14T20:15:22","date_gmt":"2026-01-15T01:15:22","guid":{"rendered":"https:\/\/marketingads.co\/ups\/?post_type=product&#038;p=7894"},"modified":"2026-01-15T01:20:02","modified_gmt":"2026-01-15T01:20:02","slug":"ups-powerback-600va","status":"publish","type":"product","link":"https:\/\/marketingads.co\/ups\/producto\/ups-powerback-600va\/","title":{"rendered":"Ups Powerback 600VA"},"content":{"rendered":"<p>L\u00ednea Ups Powerback 600VA son de f\u00e1cil uso y mantenimiento, con est\u00e1ndares t\u00e9cnicos reconocidos RETIE. Su tama\u00f1o compacto permite que sean ubicadas en lugares reducidos.<\/p>\n<h4>Caracter\u00edsticas de la Ups Powerback 600VA :<\/h4>\n<ol>\n<li>F\u00e1cil uso y mantenimiento. Liviana y de tama\u00f1o compacto.<\/li>\n<li>Incluye regulador de voltaje autom\u00e1tico para voltajes bajos y altos.<\/li>\n<li>Arranque en fr\u00edo modo bater\u00eda.<\/li>\n<li>Sistema avanzado de protecci\u00f3n contra sobre descargas.<\/li>\n<li>Cuenta con\u00a0<a href=\"https:\/\/upscomunicaciones.com\/categoria-producto\/baterias-secas\/?swcfpc=1\">bater\u00edas<\/a>\u00a0internas que le permiten hasta 6 minutos de autonom\u00eda ante cortes de energ\u00eda.<\/li>\n<li>Indicadores de funcionamiento de la UPS con leds de colores.<\/li>\n<li>Sistema \u00abABM\u00bb Administraci\u00f3n Avanzada de Bater\u00edas, para lograr su m\u00e1xima vida \u00fatil.<\/li>\n<li>Toma Bypass.<\/li>\n<li>bateria 12v \/ 4.5Ah.<\/li>\n<li>factor de potencia = 0.7<\/li>\n<li>operacion por relevos, sistema boost.<\/li>\n<li>Clavija Nema 5-15P.<\/li>\n<li>3 tomas de salida regulados.<\/li>\n<li>1 toma corriente Bypass.<\/li>\n<li>voltaje de entrada 120V.<\/li>\n<\/ol>\n<p>La UPS PowerBack 600VA Interactiva es un sistema de alimentaci\u00f3n ininterrumpida que protege dispositivos electr\u00f3nicos sensibles frente a problemas de energ\u00eda. Con una capacidad de 600VA, proporciona energ\u00eda de respaldo durante cortes el\u00e9ctricos, picos de voltaje y ca\u00eddas de tensi\u00f3n. Adem\u00e1s, esta UPS es ideal para uso dom\u00e9stico o en peque\u00f1as oficinas, brindando tranquilidad y asegurando que tus dispositivos est\u00e9n protegidos ante posibles fluctuaciones el\u00e9ctricas.<\/p>\n<h4>Aplicaciones en Diversos Sectores, Esta potente soluci\u00f3n encuentra su lugar en diversas industrias y negocios, como:<\/h4>\n<ul>\n<li>\ud83d\udcde <strong>Call Centers:<\/strong> Mant\u00e9n las comunicaciones ininterrumpidas y los datos protegidos durante cortes de energ\u00eda.<\/li>\n<li>\ud83d\udda5\ufe0f <strong>Servidores:<\/strong> Protege tus servidores y equipos de red para evitar p\u00e9rdidas de datos y tiempos de inactividad.<\/li>\n<li>\ud83c\udfe5 <strong>Sector M\u00e9dico:<\/strong> Asegura el funcionamiento continuo de equipos m\u00e9dicos y odontol\u00f3gicos cr\u00edticos para la atenci\u00f3n de pacientes.<\/li>\n<li>\ud83c\udfed <strong>Industria:<\/strong> Protege tus equipos industriales sensibles y evita da\u00f1os costosos debido a interrupciones de energ\u00eda.<\/li>\n<li>\ud83d\udc65 <strong>Empresas Medianas y Peque\u00f1as:<\/strong> Brinda tranquilidad a tu negocio sin importar su tama\u00f1o, asegurando la continuidad de operaciones esenciales.<\/li>\n<\/ul>\n<h4><strong>Recuerda que tambi\u00e9n contamos con el servicio de venta de equipos a nivel nacional:<\/strong><\/h4>\n<p>Venta <a href=\"https:\/\/upscomunicaciones.com\/categoria-producto\/ups-online\">UPS<\/a> tipo torre, venta UPS interactiva, venta de UPS tipo rack, venta UPS Smart APC, venta UPS modular, venta UPS escalable, venta UPS online, UPS paralelo, UPS hibrida, UPS solar, Inversor Solar, UPS en serie, UPS contingencia, bater\u00edas secas, tarjetas de control SNMP, inversores y <a href=\"https:\/\/es.wikipedia.org\/wiki\/Panel_solar\">paneles solares<\/a>.<\/p>\n","protected":false},"excerpt":{"rendered":"<p>UPS PowerBack 600VA Interactiva F\u00e1cil uso y mantenimiento, compacta y liviana. Regulador de voltaje autom\u00e1tico, arranque en fr\u00edo y protecci\u00f3n avanzada. Hasta 6 minutos de autonom\u00eda, LEDs indicadores. Maximiza vida \u00fatil con ABM.<\/p>\n","protected":false},"featured_media":7896,"template":"","meta":[],"product_brand":[],"product_cat":[120],"product_tag":[],"class_list":{"0":"post-7894","1":"product","2":"type-product","3":"status-publish","4":"has-post-thumbnail","6":"product_cat-ups-interactiva","8":"first","9":"instock","10":"shipping-taxable","11":"product-type-simple"},"aioseo_notices":[],"_links":{"self":[{"href":"https:\/\/marketingads.co\/ups\/wp-json\/wp\/v2\/product\/7894","targetHints":{"allow":["GET"]}}],"collection":[{"href":"https:\/\/marketingads.co\/ups\/wp-json\/wp\/v2\/product"}],"about":[{"href":"https:\/\/marketingads.co\/ups\/wp-json\/wp\/v2\/types\/product"}],"wp:featuredmedia":[{"embeddable":true,"href":"https:\/\/marketingads.co\/ups\/wp-json\/wp\/v2\/media\/7896"}],"wp:attachment":[{"href":"https:\/\/marketingads.co\/ups\/wp-json\/wp\/v2\/media?parent=7894"}],"wp:term":[{"taxonomy":"product_brand","embeddable":true,"href":"https:\/\/marketingads.co\/ups\/wp-json\/wp\/v2\/product_brand?post=7894"},{"taxonomy":"product_cat","embeddable":true,"href":"https:\/\/marketingads.co\/ups\/wp-json\/wp\/v2\/product_cat?post=7894"},{"taxonomy":"product_tag","embeddable":true,"href":"https:\/\/marketingads.co\/ups\/wp-json\/wp\/v2\/product_tag?post=7894"}],"curies":[{"name":"wp","href":"https:\/\/api.w.org\/{rel}","templated":true}]}}