{"id":7917,"date":"2026-01-15T13:06:09","date_gmt":"2026-01-15T18:06:09","guid":{"rendered":"https:\/\/marketingads.co\/ups\/?post_type=product&#038;p=7917"},"modified":"2026-01-15T18:10:19","modified_gmt":"2026-01-15T18:10:19","slug":"reguladores-de-voltajes-especiales","status":"publish","type":"product","link":"https:\/\/marketingads.co\/ups\/producto\/reguladores-de-voltajes-especiales\/","title":{"rendered":"Reguladores de voltajes especiales"},"content":{"rendered":"<p>Los reguladores de voltaje especiales pueden tener diversas caracter\u00edsticas seg\u00fan su aplicaci\u00f3n espec\u00edfica.<\/p>\n<h4>Aqu\u00ed hay algunas caracter\u00edsticas comunes que pueden encontrarse en estos dispositivos:<\/h4>\n<ol>\n<li><strong>Regulaci\u00f3n personalizada:<\/strong>\u00a0Los reguladores de voltaje especiales pueden ofrecer opciones de regulaci\u00f3n personalizada para adaptarse a necesidades espec\u00edficas de voltaje o frecuencia.<\/li>\n<li><strong>Tolerancia a voltajes fluctuantes:<\/strong>\u00a0Est\u00e1n dise\u00f1ados para manejar variaciones de voltaje o frecuencia m\u00e1s all\u00e1 de lo que un regulador est\u00e1ndar podr\u00eda soportar.<\/li>\n<li><strong>Protecci\u00f3n avanzada:<\/strong>\u00a0Pueden incluir protecciones adicionales, como contra sobretensiones, sobrecorriente, cortocircuitos u otros problemas el\u00e9ctricos espec\u00edficos.<\/li>\n<li><strong>Capacidad de carga personalizable:<\/strong>\u00a0Algunos reguladores especiales permiten la configuraci\u00f3n de la capacidad de carga para satisfacer las demandas el\u00e9ctricas particulares.<\/li>\n<li><strong>Comunicaci\u00f3n y monitoreo avanzado:<\/strong>\u00a0Pueden ofrecer capacidades de comunicaci\u00f3n y monitoreo avanzado para proporcionar informaci\u00f3n en tiempo real sobre el estado del voltaje y otros par\u00e1metros el\u00e9ctricos.<\/li>\n<li><strong>Dise\u00f1o robusto:<\/strong>\u00a0Suelen tener un dise\u00f1o robusto y resistente para funcionar en entornos adversos o aplicaciones industriales.<\/li>\n<li><strong>Compatibilidad con energ\u00eda renovable:<\/strong>\u00a0Algunos reguladores especiales est\u00e1n dise\u00f1ados para trabajar con sistemas de energ\u00eda renovable, como paneles solares o turbinas e\u00f3licas, y garantizar una alimentaci\u00f3n el\u00e9ctrica estable.<\/li>\n<li><strong>Regulaci\u00f3n de fase:<\/strong>\u00a0En aplicaciones industriales o comerciales, pueden ofrecer regulaci\u00f3n de fase para asegurar una distribuci\u00f3n de energ\u00eda equilibrada.<\/li>\n<li><strong>Regulaci\u00f3n de frecuencia:<\/strong>\u00a0En aplicaciones sensibles a la frecuencia, pueden incluir capacidades de regulaci\u00f3n de frecuencia para mantenerla dentro de rangos espec\u00edficos.<\/li>\n<li><strong>Capacidad de respuesta r\u00e1pida:<\/strong>\u00a0Algunos reguladores especiales tienen una capacidad de respuesta r\u00e1pida para adaptarse instant\u00e1neamente a cambios en el voltaje o la carga.<\/li>\n<\/ol>\n<h4><strong>Recuerda que tambi\u00e9n contamos con el servicio de venta de equipos a nivel nacional:<\/strong><\/h4>\n<p>Venta\u00a0<a href=\"https:\/\/upscomunicaciones.com\/categoria-producto\/ups-online\/ups-vme-ups-online\/\">UPS<\/a>\u00a0tipo torre, venta UPS interactiva, venta de UPS tipo rack, venta UPS Smart APC, venta UPS modular, venta UPS escalable, venta UPS online, UPS paralelo, UPS hibrida, UPS solar, Inversor Solar, UPS en serie, UPS contingencia, bater\u00edas secas, tarjetas de control\u00a0<a href=\"https:\/\/es.wikipedia.org\/wiki\/Protocolo_simple_de_administraci%C3%B3n_de_red\">SNMP<\/a>, inversores y \u00a0paneles solares.<\/p>\n","protected":false},"excerpt":{"rendered":"<p>Desde el bot\u00f3n principal de encendido hasta los LEDs indicadores que facilitan la monitorizaci\u00f3n, cada detalle est\u00e1 dise\u00f1ado para tu conveniencia. Con protecci\u00f3n coaxial, breaker, y 8 salidas NEMA 5-15R m\u00e1s 1 salida NEMA 5-20R, este regulador ofrece versatilidad y seguridad.<\/p>\n","protected":false},"featured_media":7919,"template":"","meta":[],"product_brand":[],"product_cat":[125],"product_tag":[],"class_list":{"0":"post-7917","1":"product","2":"type-product","3":"status-publish","4":"has-post-thumbnail","6":"product_cat-regulador-de-voltaje","8":"first","9":"instock","10":"shipping-taxable","11":"product-type-simple"},"aioseo_notices":[],"_links":{"self":[{"href":"https:\/\/marketingads.co\/ups\/wp-json\/wp\/v2\/product\/7917","targetHints":{"allow":["GET"]}}],"collection":[{"href":"https:\/\/marketingads.co\/ups\/wp-json\/wp\/v2\/product"}],"about":[{"href":"https:\/\/marketingads.co\/ups\/wp-json\/wp\/v2\/types\/product"}],"wp:featuredmedia":[{"embeddable":true,"href":"https:\/\/marketingads.co\/ups\/wp-json\/wp\/v2\/media\/7919"}],"wp:attachment":[{"href":"https:\/\/marketingads.co\/ups\/wp-json\/wp\/v2\/media?parent=7917"}],"wp:term":[{"taxonomy":"product_brand","embeddable":true,"href":"https:\/\/marketingads.co\/ups\/wp-json\/wp\/v2\/product_brand?post=7917"},{"taxonomy":"product_cat","embeddable":true,"href":"https:\/\/marketingads.co\/ups\/wp-json\/wp\/v2\/product_cat?post=7917"},{"taxonomy":"product_tag","embeddable":true,"href":"https:\/\/marketingads.co\/ups\/wp-json\/wp\/v2\/product_tag?post=7917"}],"curies":[{"name":"wp","href":"https:\/\/api.w.org\/{rel}","templated":true}]}}