{"id":7920,"date":"2026-01-15T13:18:17","date_gmt":"2026-01-15T18:18:17","guid":{"rendered":"https:\/\/marketingads.co\/ups\/?post_type=product&#038;p=7920"},"modified":"2026-01-15T18:22:45","modified_gmt":"2026-01-15T18:22:45","slug":"regulador-ev-4000-regulador-ev-6000-sb","status":"publish","type":"product","link":"https:\/\/marketingads.co\/ups\/producto\/regulador-ev-4000-regulador-ev-6000-sb\/","title":{"rendered":"Regulador EV 4000 \u2013 Regulador EV-6000 SB"},"content":{"rendered":"<p>El Regulador EV 4000 \u2013 Regulador EV-6000 SB ofrece una protecci\u00f3n completa para equipos sensibles como fotocopiadoras, sistemas de refrigeraci\u00f3n, salas de c\u00f3mputo y dispositivos de alto consumo de energ\u00eda.\u00a0Con capacidades de regulaci\u00f3n autom\u00e1tica de alto y bajo voltaje, supresi\u00f3n de picos de voltaje, protecci\u00f3n contra cortocircuitos y monitoreo electr\u00f3nico de la red, garantizan un suministro el\u00e9ctrico estable.<\/p>\n<h4>CARACTERISTICAS PRINCIPALES DEL Regulador EV 4000 \u2013 Regulador EV-6000 SB:<\/h4>\n<ol>\n<li>Protecci\u00f3n de fotocopiadoras, equipos de refrigeraci\u00f3n, salas de c\u00f3mputo y equipos de medio y alto consumo de energ\u00eda.<\/li>\n<li>Regulaci\u00f3n autom\u00e1tica de alto y bajo voltaje.<\/li>\n<li>Supresor de picos de voltaje.<\/li>\n<li>Protecci\u00f3n de cortocircuito.<\/li>\n<li>Monitor de red electr\u00f3nica.<\/li>\n<li>Indicadores visuales de funcionamiento y nivel de voltaje de entrada.<\/li>\n<li>Cuatro tomas de salida (m\u00e1ximo 15 amperios por toma).<\/li>\n<li>Regleta pl\u00e1stica para conexi\u00f3n de equipos de alta potencia (aplica para modelos de 3000W enAdelante).<\/li>\n<li>Reguladores robustos que soportan picos instant\u00e1neos de corrientes superiores a su corriente nominal.<\/li>\n<li>Tecnolog\u00eda de microcontrolador que garantiza confiabilidad y precisi\u00f3n en la regulaci\u00f3n.<\/li>\n<li>Ideal para cargas cuyos arranques demandan altos consumos, como motores y transformadores.<\/li>\n<li>Su excelente regulaci\u00f3n los hace ideales para fotocopiadoras digitales.<\/li>\n<\/ol>\n<h4><strong>Recuerda que tambi\u00e9n contamos con el servicio de venta de equipos a nivel nacional:<\/strong><\/h4>\n<p>Venta\u00a0<a href=\"https:\/\/upscomunicaciones.com\/categoria-producto\/ups-online\/ups-vme-ups-online\/\">UPS<\/a>\u00a0tipo torre, venta UPS interactiva, venta de UPS tipo rack, venta UPS Smart APC, venta UPS modular, venta UPS escalable, venta UPS online, UPS paralelo, UPS hibrida, UPS solar, Inversor Solar, UPS en serie, UPS contingencia, bater\u00edas secas, tarjetas de control\u00a0<a href=\"https:\/\/es.wikipedia.org\/wiki\/Protocolo_simple_de_administraci%C3%B3n_de_red\">SNMP<\/a>, inversores y \u00a0paneles solares.<\/p>\n","protected":false},"excerpt":{"rendered":"<p>Cuenta con indicadores visuales de funcionamiento y nivel de voltaje de entrada, m\u00faltiples tomas de salida, y su tecnolog\u00eda de microcontrolador asegura una regulaci\u00f3n precisa y confiable, lo que los hace ideales para cargas con arranques de alto consumo como motores y fotocopiadoras digitales.<\/p>\n","protected":false},"featured_media":7925,"template":"","meta":[],"product_brand":[],"product_cat":[125],"product_tag":[],"class_list":{"0":"post-7920","1":"product","2":"type-product","3":"status-publish","4":"has-post-thumbnail","6":"product_cat-regulador-de-voltaje","8":"first","9":"instock","10":"shipping-taxable","11":"product-type-simple"},"aioseo_notices":[],"_links":{"self":[{"href":"https:\/\/marketingads.co\/ups\/wp-json\/wp\/v2\/product\/7920","targetHints":{"allow":["GET"]}}],"collection":[{"href":"https:\/\/marketingads.co\/ups\/wp-json\/wp\/v2\/product"}],"about":[{"href":"https:\/\/marketingads.co\/ups\/wp-json\/wp\/v2\/types\/product"}],"wp:featuredmedia":[{"embeddable":true,"href":"https:\/\/marketingads.co\/ups\/wp-json\/wp\/v2\/media\/7925"}],"wp:attachment":[{"href":"https:\/\/marketingads.co\/ups\/wp-json\/wp\/v2\/media?parent=7920"}],"wp:term":[{"taxonomy":"product_brand","embeddable":true,"href":"https:\/\/marketingads.co\/ups\/wp-json\/wp\/v2\/product_brand?post=7920"},{"taxonomy":"product_cat","embeddable":true,"href":"https:\/\/marketingads.co\/ups\/wp-json\/wp\/v2\/product_cat?post=7920"},{"taxonomy":"product_tag","embeddable":true,"href":"https:\/\/marketingads.co\/ups\/wp-json\/wp\/v2\/product_tag?post=7920"}],"curies":[{"name":"wp","href":"https:\/\/api.w.org\/{rel}","templated":true}]}}