{"id":7939,"date":"2026-01-15T17:23:27","date_gmt":"2026-01-15T22:23:27","guid":{"rendered":"https:\/\/marketingads.co\/ups\/?post_type=product&#038;p=7939"},"modified":"2026-01-15T22:26:29","modified_gmt":"2026-01-15T22:26:29","slug":"inversor-netion-dc-ac-cargador-300w","status":"publish","type":"product","link":"https:\/\/marketingads.co\/ups\/producto\/inversor-netion-dc-ac-cargador-300w\/","title":{"rendered":"INVERSOR NETION DC-AC \u2013 CARGADOR 300W"},"content":{"rendered":"<h4>CARACTERISTICAS INVERSOR NETION DC-AC \u2013 CARGADOR 300W:<\/h4>\n<ol>\n<li>Ampliacion hasta 8 horas de tiempo de proteccion para lugares donde los cortes de energia son prolongados.<\/li>\n<li>Equipado con potente cargador de baterias, onda senosoidal pura, inversor y cargador de alta frecuencia.<\/li>\n<li>Control de velocidad de los ventiladores de acuerdo a la carga conectada.<\/li>\n<li>Usos frecuenctes en zonas rurales.<\/li>\n<li>Usados en instalaciones desatendidas como torres de comunicacion, emisoras, como soportes para cortes prolongados.<\/li>\n<\/ol>\n<h4>Aplicaciones en Diversos Sectores, Esta potente soluci\u00f3n encuentra su lugar en diversas industrias y negocios, como:<\/h4>\n<ul>\n<li>\ud83d\udcde <strong>Call Centers:<\/strong> Mant\u00e9n las comunicaciones ininterrumpidas y los datos protegidos durante cortes de energ\u00eda.<\/li>\n<li>\ud83d\udda5\ufe0f <strong>Servidores:<\/strong> Protege tus servidores y equipos de red para evitar p\u00e9rdidas de datos y tiempos de inactividad.<\/li>\n<li>\ud83c\udfe5 <strong>Sector M\u00e9dico:<\/strong> Asegura el funcionamiento continuo de equipos m\u00e9dicos y odontol\u00f3gicos cr\u00edticos para la atenci\u00f3n de pacientes.<\/li>\n<li>\ud83c\udfed <strong>Industria:<\/strong> Protege tus equipos industriales sensibles y evita da\u00f1os costosos debido a interrupciones de energ\u00eda.<\/li>\n<li>\ud83d\udc65 <strong>Empresas Medianas y Peque\u00f1as:<\/strong> Brinda tranquilidad a tu negocio sin importar su tama\u00f1o, asegurando la continuidad de operaciones esenciales.<\/li>\n<\/ul>\n<h4><strong>Recuerda que tambi\u00e9n contamos con el servicio de venta de equipos a nivel nacional:<\/strong><\/h4>\n<p>Venta\u00a0<a href=\"https:\/\/upscomunicaciones.com\/categoria-producto\/ups-online\/ups-vme-ups-online\/?\">UPS<\/a>\u00a0tipo torre, venta UPS interactiva, venta de UPS tipo rack, venta UPS Smart APC, venta UPS modular, venta UPS escalable, venta UPS online, UPS paralelo, UPS hibrida, UPS solar, Inversor Solar, UPS en serie, UPS contingencia, bater\u00edas secas, tarjetas de control\u00a0<a href=\"https:\/\/es.wikipedia.org\/wiki\/Protocolo_simple_de_administraci%C3%B3n_de_red\">SNMP<\/a>, inversores y \u00a0paneles solares.<\/p>\n","protected":false},"excerpt":{"rendered":"<p>El INVERSOR New Line DC-AC + CARGADOR de 300w Tiene un poderoso cargador interno de bater\u00edas. Su funci\u00f3n principal son los Equipo de protecci\u00f3n el\u00e9ctrica para sistemas de alimentaci\u00f3n de emergencia.<\/p>\n","protected":false},"featured_media":7940,"template":"","meta":[],"product_brand":[182],"product_cat":[206,123],"product_tag":[181,185],"class_list":{"0":"post-7939","1":"product","2":"type-product","3":"status-publish","4":"has-post-thumbnail","6":"product_brand-new-line","7":"product_cat-inversor-new-line","8":"product_cat-inversores-ac-dc","9":"product_tag-inversores-ac-dc","10":"product_tag-new-line","12":"first","13":"instock","14":"shipping-taxable","15":"product-type-simple"},"aioseo_notices":[],"_links":{"self":[{"href":"https:\/\/marketingads.co\/ups\/wp-json\/wp\/v2\/product\/7939","targetHints":{"allow":["GET"]}}],"collection":[{"href":"https:\/\/marketingads.co\/ups\/wp-json\/wp\/v2\/product"}],"about":[{"href":"https:\/\/marketingads.co\/ups\/wp-json\/wp\/v2\/types\/product"}],"wp:featuredmedia":[{"embeddable":true,"href":"https:\/\/marketingads.co\/ups\/wp-json\/wp\/v2\/media\/7940"}],"wp:attachment":[{"href":"https:\/\/marketingads.co\/ups\/wp-json\/wp\/v2\/media?parent=7939"}],"wp:term":[{"taxonomy":"product_brand","embeddable":true,"href":"https:\/\/marketingads.co\/ups\/wp-json\/wp\/v2\/product_brand?post=7939"},{"taxonomy":"product_cat","embeddable":true,"href":"https:\/\/marketingads.co\/ups\/wp-json\/wp\/v2\/product_cat?post=7939"},{"taxonomy":"product_tag","embeddable":true,"href":"https:\/\/marketingads.co\/ups\/wp-json\/wp\/v2\/product_tag?post=7939"}],"curies":[{"name":"wp","href":"https:\/\/api.w.org\/{rel}","templated":true}]}}