{"id":7946,"date":"2026-01-15T17:56:11","date_gmt":"2026-01-15T22:56:11","guid":{"rendered":"https:\/\/marketingads.co\/ups\/?post_type=product&#038;p=7946"},"modified":"2026-01-15T23:01:14","modified_gmt":"2026-01-15T23:01:14","slug":"inversor-cargador-powerverter-aps-de-700w","status":"publish","type":"product","link":"https:\/\/marketingads.co\/ups\/producto\/inversor-cargador-powerverter-aps-de-700w\/","title":{"rendered":"Inversor cargador PowerVerter APS de 700W"},"content":{"rendered":"<p>Inversor cargador PowerVerter APS de 700W fuente de alimentaci\u00f3n port\u00e1til de una sola salida para aplicaciones que demandan poca energ\u00eda, como herramientas el\u00e9ctricas y computadoras, como un inversor para veh\u00edculos, una fuente de alimentaci\u00f3n de CA aut\u00f3noma o UPS de operaci\u00f3n extendida. Ideal para RV, veh\u00edculos de flota y camionetas van convertidas.<\/p>\n<h4>CARACTER\u00cdSTICAS Inversor cargador PowerVerter APS de 700W:<\/h4>\n<p>Fuente de alimentaci\u00f3n port\u00e1til de una sola salida para aplicaciones que demandan poca energ\u00eda, como herramientas el\u00e9ctricas y computadoras, como un inversor para veh\u00edculos, una fuente de alimentaci\u00f3n de CA aut\u00f3noma o UPS de operaci\u00f3n extendida. Ideal para RV, veh\u00edculos de flota y camionetas van convertidas.<\/p>\n<ol>\n<li>Genera alimentaci\u00f3n de CA de 120V limpia de una fuente de alimentaci\u00f3n CA o CD.<\/li>\n<li>Potencia de salida de 700W continuos; potencia m\u00e1xima de 1400W.<\/li>\n<li>Opci\u00f3n de conmutaci\u00f3n de transferencia autom\u00e1tica para operaci\u00f3n del UPS.<\/li>\n<li>Protege contra apagones, sobretensiones, ruido en la l\u00ednea EMI\/RFI.<\/li>\n<li>Gabinete compacto de aluminio ligero que pesa solo 1.8 Kg (4 libras).<\/li>\n<li>Cuenta con tomacorriente NEMA 5-15R.<\/li>\n<li>Autonom\u00eda ilimitada con una variedad de bater\u00edas suministradas por el usuario.<\/li>\n<li>El switch de 3 posiciones permite los modos Autom\u00e1tico, Solo Carga o Apagado del Sistema.<\/li>\n<li>Juego de terminales de entrada CD de alta corriente para una instalaci\u00f3n simple de cableado permanente.<\/li>\n<li>Dise\u00f1ado para una f\u00e1cil instalaci\u00f3n en veh\u00edculos recreativos, camiones para carretera, veh\u00edculos de flota y furgonetas convertidas.<\/li>\n<li>Protege a la bater\u00eda de las sobrecargas y sobredescargas.<\/li>\n<li>\u00a0LEDS Indican los modos operativos CA\/CD, estado de sobrecarga, nivel de voltaje CD, estado de apagado y estado de fallas al sistema.<\/li>\n<\/ol>\n<h4><strong>Recuerda que tambi\u00e9n contamos con el servicio de venta de equipos a nivel nacional:<\/strong><\/h4>\n<p>Venta UPS tipo torre, venta UPS interactiva, venta de UPS tipo rack, venta UPS Smart APC, venta UPS modular, venta UPS escalable, venta UPS online, UPS paralelo, UPS hibrida, UPS solar, Inversor Solar, UPS en serie, UPS contingencia,\u00a0<a href=\"https:\/\/es.wikipedia.org\/wiki\/Bater%C3%ADa_AGM\">bater\u00edas<\/a>\u00a0secas, tarjetas de control\u00a0<a href=\"https:\/\/upscomunicaciones.com\/categoria-producto\/ups-online\/tarjetas-snmp\/\">SNMP<\/a>, inversores y paneles solares.<\/p>\n","protected":false},"excerpt":{"rendered":"<p>Dise\u00f1ado para una instalaci\u00f3n sencilla en veh\u00edculos recreativos, camiones para carretera, veh\u00edculos de flota y camionetas van convertidas, el APS700HF convierte la energ\u00eda almacenada de una bater\u00eda de 12V o una fuente de CD automotriz en alimentaci\u00f3n de CA segura, estable y de grado computadora y la env\u00eda a un tomacorriente NEMA 5-15R para una autonom\u00eda extendida. Cuando es accionada por una fuente de CA externa de 120V, la unidad mantiene cargada la bater\u00eda suministrada por el usuario a trav\u00e9s de un sistema de carga de 6A de 3 etapas y, al mismo tiempo, env\u00eda alimentaci\u00f3n de CA a los equipos conectados.<\/p>\n","protected":false},"featured_media":7949,"template":"","meta":[],"product_brand":[167],"product_cat":[207,123],"product_tag":[181,169],"class_list":{"0":"post-7946","1":"product","2":"type-product","3":"status-publish","4":"has-post-thumbnail","6":"product_brand-tripp-lite","7":"product_cat-inversor-tripp-lite","8":"product_cat-inversores-ac-dc","9":"product_tag-inversores-ac-dc","10":"product_tag-tripp-lite","12":"first","13":"instock","14":"shipping-taxable","15":"product-type-simple"},"aioseo_notices":[],"_links":{"self":[{"href":"https:\/\/marketingads.co\/ups\/wp-json\/wp\/v2\/product\/7946","targetHints":{"allow":["GET"]}}],"collection":[{"href":"https:\/\/marketingads.co\/ups\/wp-json\/wp\/v2\/product"}],"about":[{"href":"https:\/\/marketingads.co\/ups\/wp-json\/wp\/v2\/types\/product"}],"wp:featuredmedia":[{"embeddable":true,"href":"https:\/\/marketingads.co\/ups\/wp-json\/wp\/v2\/media\/7949"}],"wp:attachment":[{"href":"https:\/\/marketingads.co\/ups\/wp-json\/wp\/v2\/media?parent=7946"}],"wp:term":[{"taxonomy":"product_brand","embeddable":true,"href":"https:\/\/marketingads.co\/ups\/wp-json\/wp\/v2\/product_brand?post=7946"},{"taxonomy":"product_cat","embeddable":true,"href":"https:\/\/marketingads.co\/ups\/wp-json\/wp\/v2\/product_cat?post=7946"},{"taxonomy":"product_tag","embeddable":true,"href":"https:\/\/marketingads.co\/ups\/wp-json\/wp\/v2\/product_tag?post=7946"}],"curies":[{"name":"wp","href":"https:\/\/api.w.org\/{rel}","templated":true}]}}