{"id":7951,"date":"2026-01-15T18:07:04","date_gmt":"2026-01-15T23:07:04","guid":{"rendered":"https:\/\/marketingads.co\/ups\/?post_type=product&#038;p=7951"},"modified":"2026-01-15T23:10:31","modified_gmt":"2026-01-15T23:10:31","slug":"inversor-cargador-tripp-lite-powerverter-aps-de-750w","status":"publish","type":"product","link":"https:\/\/marketingads.co\/ups\/producto\/inversor-cargador-tripp-lite-powerverter-aps-de-750w\/","title":{"rendered":"Inversor cargador TRIPP LITE PowerVerter APS de 750W"},"content":{"rendered":"<p>El Inversor cargador TRIPP LITE PowerVerter APS de 750W de CD a CA cuenta con un conmutador autom\u00e1tico de l\u00ednea a bater\u00eda y un sistema de carga integrado que le permite trabajar como inversor en veh\u00edculo, fuente de alimentaci\u00f3n de CA independiente o UPS de autonom\u00eda ampliada Proporciona 750 W de potencia continua, 1125 W hasta una hora o 1500 W de potencia pico durante el arranque o encendido\/apagado del equipo. Un detector autom\u00e1tico de sobrecarga, ventilador de enfriamiento e interruptores autom\u00e1ticos de circuito de CA protegen la unidad contra da\u00f1os.<\/p>\n<h4>CARACTER\u00cdSTICAS Inversor cargador TRIPP LITE PowerVerter APS de 750W:<\/h4>\n<p>Fuente de alimentaci\u00f3n port\u00e1til con dos tomacorrientes para las aplicaciones con energ\u00eda, como herramientas el\u00e9ctricas y computadoras, un inversor de veh\u00edculo, fuente de alimentaci\u00f3n de CA independiente o UPS con autonom\u00eda extendida. Ideal para veh\u00edculos recreativos, de flotillas y de emergencia.<\/p>\n<ol>\n<li>Genera energ\u00eda de 120V CA segura, estable de grado computadora desde en banco de bater\u00eda de 12V.<\/li>\n<li>Ideal para alimentaci\u00f3n de herramientas, sierras, motores, bombas, alumbrado port\u00e1til, aparatos y equipo de computaci\u00f3n en condiciones de cargas demandantes.<\/li>\n<li>Dise\u00f1ado para f\u00e1cil instalaci\u00f3n en veh\u00edculos recreativos, comerciales y de flotillas, veh\u00edculos de emergencia y equipos de construcci\u00f3n.<\/li>\n<li>Funciona como un inversor del veh\u00edculo, fuente de alimentaci\u00f3n de CA independiente o UPS de funcionamiento extendido.<\/li>\n<li>Cuenta con 2 tomacorrientes NEMA 5-15R.<\/li>\n<li>Tiempo de funcionamiento ilimitado con una amplia variedad de bater\u00edas suministradas por el usuario.<\/li>\n<li>Transfiere los interruptores de rel\u00e9s a la energ\u00eda del inversor durante los apagones en 16.6 ms.<\/li>\n<li>El interruptor de 3 posiciones habilita los modos autom\u00e1tico, solo de carga y sistema apagado.<\/li>\n<li>Interruptores para configuraci\u00f3n que permiten configurar la transferencia autom\u00e1tica de alta y baja tensi\u00f3n.<\/li>\n<\/ol>\n<h4><strong>Recuerda que tambi\u00e9n contamos con el servicio de venta de equipos a nivel nacional:<\/strong><\/h4>\n<p>Venta UPS tipo torre, venta UPS interactiva, venta de UPS tipo rack, venta UPS Smart APC, venta UPS modular, venta UPS escalable, venta UPS online, UPS paralelo, UPS hibrida, UPS solar, Inversor Solar, UPS en serie, UPS contingencia,\u00a0<a href=\"https:\/\/es.wikipedia.org\/wiki\/Bater%C3%ADa_AGM\">bater\u00edas<\/a>\u00a0secas, tarjetas de control\u00a0<a href=\"https:\/\/upscomunicaciones.com\/categoria-producto\/ups-online\/tarjetas-snmp\/\">SNMP<\/a>, inversores y paneles solares.<\/p>\n","protected":false},"excerpt":{"rendered":"<p>Cuando se ailmenta mediante una fuente externa de 120 V CA, la unidad mantiene cargada la bater\u00eda suministrada por el usuario mediante un sistema de carga 20A de tres etapas mientras entrega simult\u00e1neamente energ\u00eda de CA al  equipo conectado Cuando se usa como UPS, el APS750 responde a apagones y ca\u00eddas de voltaje con una transferencia autom\u00e1tica instant\u00e1nea a una salida de CA derivada de la bater\u00eda. Los LED en la unidad indican los modos operativos CA\/CD, estado de sobrecarga, nivel de voltaje CD, estado de apagado y estado de fallas al sistema.<\/p>\n","protected":false},"featured_media":7953,"template":"","meta":[],"product_brand":[167],"product_cat":[207,123],"product_tag":[181,169],"class_list":{"0":"post-7951","1":"product","2":"type-product","3":"status-publish","4":"has-post-thumbnail","6":"product_brand-tripp-lite","7":"product_cat-inversor-tripp-lite","8":"product_cat-inversores-ac-dc","9":"product_tag-inversores-ac-dc","10":"product_tag-tripp-lite","12":"first","13":"instock","14":"shipping-taxable","15":"product-type-simple"},"aioseo_notices":[],"_links":{"self":[{"href":"https:\/\/marketingads.co\/ups\/wp-json\/wp\/v2\/product\/7951","targetHints":{"allow":["GET"]}}],"collection":[{"href":"https:\/\/marketingads.co\/ups\/wp-json\/wp\/v2\/product"}],"about":[{"href":"https:\/\/marketingads.co\/ups\/wp-json\/wp\/v2\/types\/product"}],"wp:featuredmedia":[{"embeddable":true,"href":"https:\/\/marketingads.co\/ups\/wp-json\/wp\/v2\/media\/7953"}],"wp:attachment":[{"href":"https:\/\/marketingads.co\/ups\/wp-json\/wp\/v2\/media?parent=7951"}],"wp:term":[{"taxonomy":"product_brand","embeddable":true,"href":"https:\/\/marketingads.co\/ups\/wp-json\/wp\/v2\/product_brand?post=7951"},{"taxonomy":"product_cat","embeddable":true,"href":"https:\/\/marketingads.co\/ups\/wp-json\/wp\/v2\/product_cat?post=7951"},{"taxonomy":"product_tag","embeddable":true,"href":"https:\/\/marketingads.co\/ups\/wp-json\/wp\/v2\/product_tag?post=7951"}],"curies":[{"name":"wp","href":"https:\/\/api.w.org\/{rel}","templated":true}]}}