{"id":7961,"date":"2026-01-15T18:19:43","date_gmt":"2026-01-15T23:19:43","guid":{"rendered":"https:\/\/marketingads.co\/ups\/?post_type=product&#038;p=7961"},"modified":"2026-01-15T23:22:21","modified_gmt":"2026-01-15T23:22:21","slug":"inversor-cargador-tripp-lite-de-2400w-powerverter-aps","status":"publish","type":"product","link":"https:\/\/marketingads.co\/ups\/producto\/inversor-cargador-tripp-lite-de-2400w-powerverter-aps\/","title":{"rendered":"Inversor cargador TRIPP LITE de 2400W PowerVerter APS"},"content":{"rendered":"<p>El Inversor cargador TRIPP LITE de 2400W PowerVerter APS es una fuente de energ\u00eda confiable para una amplia variedad de equipo que va desde herramientas el\u00e9ctricas y bombas hasta alumbrado port\u00e1til y equipo de c\u00f3mputo en condiciones de cargas severas. Sin humos, combustible o ruido excesivo, es una alternativa excelente a energ\u00eda de generador. El inversor de CD a CA cuenta con un conmutador autom\u00e1tico de l\u00ednea a bater\u00eda y un sistema de carga integrado que le permite trabajar como inversor en veh\u00edculo, fuente de alimentaci\u00f3n de CA independiente o UPS de autonom\u00eda ampliada. Entrega 2400W de potencia continua, 3600W hasta por una hora o 4800W de potencia m\u00e1xima hasta por 10 segundos durante arranque o arranque-paro de un equipo. Undetector autom\u00e1tico de sobrecarga, ventilador de enfriamiento e interruptores autom\u00e1ticos de circuito deCA protegen la unidad contra da\u00f1os.<\/p>\n<p>Dise\u00f1ado para f\u00e1cil instalaci\u00f3n en veh\u00edculos recreativos, veh\u00edculos de flotilla y comerciales, y veh\u00edculos de emergencia, el APS2424 convierte la energ\u00eda almacenada de cualquier bater\u00eda de 12V o fuente automotriz de CD en energ\u00eda de CA segura, estable de grado computadora durante un tiempo de operaci\u00f3n ilimitado. Cuando es alimentada por una fuente externa de CA, la unidad mantiene cargada la bater\u00eda suministrada por el usuario mediante un sistema de carga seleccionable de 14\/55A de tres etapas mientras entrega simult\u00e1neamente energ\u00eda de CA al equipo conectado.<\/p>\n<h4><strong>CARACTER\u00cdSTICAS Inversor cargador TRIPP LITE de 2400W PowerVerter APS:<\/strong><\/h4>\n<p>Fuente de alimentaci\u00f3n port\u00e1til de 2400W para cualquier tipo de equipo desde herramientas el\u00e9ctricas y computadoras, un inversor de veh\u00edculo, fuente de alimentaci\u00f3n de CA independiente o UPS con autonom\u00eda extendida. Ideal para veh\u00edculos recreativos, comerciales, de flotillas y de emergencia.<\/p>\n<ol>\n<li>Entrega energ\u00eda limpia de 120V CA desde una fuente de energ\u00eda de CA o CD.<\/li>\n<li>Potencia de salida de 2400W continuos; potencia m\u00e1xima de 4800W.<\/li>\n<li>Opci\u00f3n de conmutaci\u00f3n de transferencia autom\u00e1tica para operaci\u00f3n de UPS.<\/li>\n<li>Protege contra apagones, sobretensiones y ruido en la l\u00ednea por EMI\/RFIEl robusto gabinete de policarbonato resiste humedad e impactos.<\/li>\n<\/ol>\n<h4><strong>Recuerda que tambi\u00e9n contamos con el servicio de venta de equipos a nivel nacional:<\/strong><\/h4>\n<p>Venta UPS tipo torre, venta UPS interactiva, venta de UPS tipo rack, venta UPS Smart APC, venta UPS modular, venta UPS escalable, venta UPS online, UPS paralelo, UPS hibrida, UPS solar, Inversor Solar, UPS en serie, UPS contingencia,\u00a0<a href=\"https:\/\/es.wikipedia.org\/wiki\/Bater%C3%ADa_AGM\">bater\u00edas<\/a>\u00a0secas, tarjetas de control\u00a0<a href=\"https:\/\/upscomunicaciones.com\/categoria-producto\/ups-online\/tarjetas-snmp\/\">SNMP<\/a>, inversores y paneles solares.<\/p>\n","protected":false},"excerpt":{"rendered":"<p>Fuente de alimentaci\u00f3n port\u00e1til de 2400W para cualquier tipo de equipo desde herramientas el\u00e9ctricas y computadoras, un inversor de veh\u00edculo, fuente de alimentaci\u00f3n de CA independiente o UPS con autonom\u00eda extendida. Ideal para veh\u00edculos recreativos, comerciales, de flotillas y de emergencia.<\/p>\n","protected":false},"featured_media":7962,"template":"","meta":[],"product_brand":[167],"product_cat":[207,123],"product_tag":[181,169],"class_list":{"0":"post-7961","1":"product","2":"type-product","3":"status-publish","4":"has-post-thumbnail","6":"product_brand-tripp-lite","7":"product_cat-inversor-tripp-lite","8":"product_cat-inversores-ac-dc","9":"product_tag-inversores-ac-dc","10":"product_tag-tripp-lite","12":"first","13":"instock","14":"shipping-taxable","15":"product-type-simple"},"aioseo_notices":[],"_links":{"self":[{"href":"https:\/\/marketingads.co\/ups\/wp-json\/wp\/v2\/product\/7961","targetHints":{"allow":["GET"]}}],"collection":[{"href":"https:\/\/marketingads.co\/ups\/wp-json\/wp\/v2\/product"}],"about":[{"href":"https:\/\/marketingads.co\/ups\/wp-json\/wp\/v2\/types\/product"}],"wp:featuredmedia":[{"embeddable":true,"href":"https:\/\/marketingads.co\/ups\/wp-json\/wp\/v2\/media\/7962"}],"wp:attachment":[{"href":"https:\/\/marketingads.co\/ups\/wp-json\/wp\/v2\/media?parent=7961"}],"wp:term":[{"taxonomy":"product_brand","embeddable":true,"href":"https:\/\/marketingads.co\/ups\/wp-json\/wp\/v2\/product_brand?post=7961"},{"taxonomy":"product_cat","embeddable":true,"href":"https:\/\/marketingads.co\/ups\/wp-json\/wp\/v2\/product_cat?post=7961"},{"taxonomy":"product_tag","embeddable":true,"href":"https:\/\/marketingads.co\/ups\/wp-json\/wp\/v2\/product_tag?post=7961"}],"curies":[{"name":"wp","href":"https:\/\/api.w.org\/{rel}","templated":true}]}}