{"id":7964,"date":"2026-01-15T18:23:40","date_gmt":"2026-01-15T23:23:40","guid":{"rendered":"https:\/\/marketingads.co\/ups\/?post_type=product&#038;p=7964"},"modified":"2026-01-15T18:30:39","modified_gmt":"2026-01-15T23:30:39","slug":"inversor-cargador-tripp-lite-de-3600w-powerverter-aps","status":"publish","type":"product","link":"https:\/\/marketingads.co\/ups\/producto\/inversor-cargador-tripp-lite-de-3600w-powerverter-aps\/","title":{"rendered":"Inversor cargador TRIPP LITE de 3600W PowerVerter APS"},"content":{"rendered":"<p>El Inversor cargador TRIPP LITE de 3600W PowerVerter APS de CD a CA cuenta con un conmutador autom\u00e1tico de l\u00ednea a bater\u00eda y un sistema de carga integrado que le permite trabajar como inversor en veh\u00edculo, fuente de alimentaci\u00f3n de CA independiente o UPS de autonom\u00eda ampliada. Entrega 3600W de potencia continua, 5400W hasta por una hora o 7200W de potencia m\u00e1xima hasta por 10 segundos durante arranque o arranque-paro de un equipo. Un detector autom\u00e1tico de sobrecarga, ventilador de enfriamiento e interruptores autom\u00e1ticos de circuito de CA protegen la unidad contra da\u00f1os.<\/p>\n<h4><strong>CARACTER\u00cdSTICAS Inversor cargador TRIPP LITE de 3600W PowerVerter APS:<\/strong><\/h4>\n<p>Fuente de alimentaci\u00f3n port\u00e1til interactiva para cualquier tipo de equipo desde herramientas el\u00e9ctricas y computadoras, un inversor de veh\u00edculo, fuente de alimentaci\u00f3n de CA independiente o UPS con autonom\u00eda extendida. Ideal para veh\u00edculos recreativos, comerciales, de flotillas y de emergencia<\/p>\n<ol>\n<li>Entrega energ\u00eda limpia de 120V CA desde una fuente de energ\u00eda de CA o CD.<\/li>\n<li>Potencia de salida de 3600W continuos; potencia m\u00e1xima de 7200W.<\/li>\n<li>Opci\u00f3n de conmutaci\u00f3n de transferencia autom\u00e1tica para operaci\u00f3n de UPS.<\/li>\n<li>Corrige ca\u00eddas de voltaje y sobretensiones sin usar energ\u00eda de la bater\u00eda.<\/li>\n<li>Incluye el m\u00f3dulo de control remoto APSRM4 de Tripp Lite.<\/li>\n<li>Garant\u00eda limitada por 2 a\u00f1os.<\/li>\n<li>Corrige las ca\u00eddas de voltaje y sobrevoltaje de la l\u00ednea de alimentaci\u00f3n de CA sin utilizar la energ\u00eda de la bater\u00eda durante la carga de bater\u00eda y en el modo en espera del UPS.<\/li>\n<li>Protege contra el ruido en al l\u00ednea que puede da\u00f1ar el equipo o causar p\u00e9rdida de datos.<\/li>\n<li>Transfiere los interruptores de rel\u00e9s a la energ\u00eda del inversor durante los apagones en 16.6 ms.<\/li>\n<li>El interruptor de 3 posiciones habilita los modos autom\u00e1tico, solo de carga y sistema apagado.<\/li>\n<li>Interruptores para configuraci\u00f3n que permiten configurar la transferencia autom\u00e1tica de alta y baja tensi\u00f3n.<\/li>\n<\/ol>\n<h4><strong>Recuerda que tambi\u00e9n contamos con el servicio de venta de equipos a nivel nacional:<\/strong><\/h4>\n<p>Venta UPS tipo torre, venta UPS interactiva, venta de UPS tipo rack, venta UPS Smart APC, venta UPS modular, venta UPS escalable, venta UPS online, UPS paralelo, UPS hibrida, UPS solar, Inversor Solar, UPS en serie, UPS contingencia,\u00a0<a href=\"https:\/\/es.wikipedia.org\/wiki\/Bater%C3%ADa_AGM\">bater\u00edas<\/a>\u00a0secas, tarjetas de control\u00a0<a href=\"https:\/\/upscomunicaciones.com\/categoria-producto\/ups-online\/tarjetas-snmp\/\">SNMP<\/a>, inversores y paneles solares.<\/p>\n","protected":false},"excerpt":{"rendered":"<div class=\"woocommerce-product-details__short-description\">\n<p>Esta fuente de alimentaci\u00f3n port\u00e1til e interactiva es vers\u00e1til y se adapta a herramientas el\u00e9ctricas, computadoras y m\u00e1s. Puede ser inversor vehicular, fuente de CA independiente o UPS con autonom\u00eda extendida. Perfecta para veh\u00edculos recreativos, comerciales, flotillas y emergencias.<\/p>\n<\/div>\n","protected":false},"featured_media":7965,"template":"","meta":[],"product_brand":[167],"product_cat":[207,123],"product_tag":[181,169],"class_list":{"0":"post-7964","1":"product","2":"type-product","3":"status-publish","4":"has-post-thumbnail","6":"product_brand-tripp-lite","7":"product_cat-inversor-tripp-lite","8":"product_cat-inversores-ac-dc","9":"product_tag-inversores-ac-dc","10":"product_tag-tripp-lite","12":"first","13":"instock","14":"shipping-taxable","15":"product-type-simple"},"aioseo_notices":[],"_links":{"self":[{"href":"https:\/\/marketingads.co\/ups\/wp-json\/wp\/v2\/product\/7964","targetHints":{"allow":["GET"]}}],"collection":[{"href":"https:\/\/marketingads.co\/ups\/wp-json\/wp\/v2\/product"}],"about":[{"href":"https:\/\/marketingads.co\/ups\/wp-json\/wp\/v2\/types\/product"}],"wp:featuredmedia":[{"embeddable":true,"href":"https:\/\/marketingads.co\/ups\/wp-json\/wp\/v2\/media\/7965"}],"wp:attachment":[{"href":"https:\/\/marketingads.co\/ups\/wp-json\/wp\/v2\/media?parent=7964"}],"wp:term":[{"taxonomy":"product_brand","embeddable":true,"href":"https:\/\/marketingads.co\/ups\/wp-json\/wp\/v2\/product_brand?post=7964"},{"taxonomy":"product_cat","embeddable":true,"href":"https:\/\/marketingads.co\/ups\/wp-json\/wp\/v2\/product_cat?post=7964"},{"taxonomy":"product_tag","embeddable":true,"href":"https:\/\/marketingads.co\/ups\/wp-json\/wp\/v2\/product_tag?post=7964"}],"curies":[{"name":"wp","href":"https:\/\/api.w.org\/{rel}","templated":true}]}}