{"id":820,"date":"2025-07-04T15:42:08","date_gmt":"2025-07-04T20:42:08","guid":{"rendered":"https:\/\/marketingads.com.co\/ups\/?post_type=product&#038;p=820"},"modified":"2025-12-16T21:43:18","modified_gmt":"2025-12-16T21:43:18","slug":"ups-vertiv-3kva-2-7kw-120v-online-gxt-3000mtplus120","status":"publish","type":"product","link":"https:\/\/marketingads.co\/ups\/producto\/ups-vertiv-3kva-2-7kw-120v-online-gxt-3000mtplus120\/","title":{"rendered":"UPS VERTIV 3kVA-2.7kW 120V ONLINE GXT-3000MTPLUS120"},"content":{"rendered":"<p>La UPS VERTIV 3kVA-2.7kW 120V ONLINE GXT-3000MTPLUS120\u00a0asegura una salida el\u00e9ctrica constante y estable, eliminando cualquier fluctuaci\u00f3n o irregularidad en la corriente. Dise\u00f1ado espec\u00edficamente para entornos donde la fiabilidad energ\u00e9tica es crucial, este UPS proporciona una salvaguarda confiable, asegurando la integridad y continuidad operativa de los equipos conectados, incluso en condiciones adversas o fluctuaciones de la red el\u00e9ctrica.<\/p>\n<h4>Caracteristicas de la UPS VERTIV 3kVA-2.7kW 120V ONLINE:<\/h4>\n<ol>\n<li>Factor de potencia de salida de 0,9.<\/li>\n<li>Un amplio rango de voltaje de entrada (110V-300V).<\/li>\n<li>Enchufes programables para la administraci\u00f3n de la potencia.<\/li>\n<li>Modo de conversor de frecuencia 50\/60 Hz.<\/li>\n<li>El Eco-Mode ayuda a ahorrar energ\u00eda.<\/li>\n<li>Apagado de emergencia (EPO).<\/li>\n<li>Varias formas de comunicaciones (SNMP, USB, RS-232) en los modelos de 1-3 KVA.<\/li>\n<li>Un cargador inteligente dise\u00f1ado para optimizar el rendimiento de las bater\u00edas.<\/li>\n<\/ol>\n<h4>APLICACIONES EN DIVERSOS SECTORES, ESTA POTENTE SOLUCI\u00d3N ENCUENTRA SU LUGAR EN DIVERSAS INDUSTRIAS Y NEGOCIOS, COMO:<\/h4>\n<ul>\n<li><img decoding=\"async\" class=\"emoji ls-is-cached lazyloaded\" role=\"img\" draggable=\"false\" src=\"https:\/\/s.w.org\/images\/core\/emoji\/14.0.0\/svg\/1f4de.svg\" alt=\"\ud83d\udcde\" data-src=\"https:\/\/s.w.org\/images\/core\/emoji\/14.0.0\/svg\/1f4de.svg\" \/>\u00a0<strong>Call Centers:<\/strong>\u00a0Mant\u00e9n las comunicaciones ininterrumpidas y los datos protegidos durante cortes de energ\u00eda.<\/li>\n<li><img decoding=\"async\" class=\"emoji ls-is-cached lazyloaded\" role=\"img\" draggable=\"false\" src=\"https:\/\/s.w.org\/images\/core\/emoji\/14.0.0\/svg\/1f5a5.svg\" alt=\"\ud83d\udda5\ufe0f\" data-src=\"https:\/\/s.w.org\/images\/core\/emoji\/14.0.0\/svg\/1f5a5.svg\" \/>\u00a0<strong>Servidores:<\/strong>\u00a0Protege tus servidores y equipos de red para evitar p\u00e9rdidas de datos y tiempos de inactividad.<\/li>\n<li><img decoding=\"async\" class=\"emoji ls-is-cached lazyloaded\" role=\"img\" draggable=\"false\" src=\"https:\/\/s.w.org\/images\/core\/emoji\/14.0.0\/svg\/1f3e5.svg\" alt=\"\ud83c\udfe5\" data-src=\"https:\/\/s.w.org\/images\/core\/emoji\/14.0.0\/svg\/1f3e5.svg\" \/>\u00a0<strong>Sector M\u00e9dico:<\/strong>\u00a0Asegura el funcionamiento continuo de equipos m\u00e9dicos y odontol\u00f3gicos cr\u00edticos para la atenci\u00f3n de pacientes.<\/li>\n<li><img decoding=\"async\" class=\"emoji ls-is-cached lazyloaded\" role=\"img\" draggable=\"false\" src=\"https:\/\/s.w.org\/images\/core\/emoji\/14.0.0\/svg\/1f3ed.svg\" alt=\"\ud83c\udfed\" data-src=\"https:\/\/s.w.org\/images\/core\/emoji\/14.0.0\/svg\/1f3ed.svg\" \/>\u00a0<strong>Industria:<\/strong>\u00a0Protege tus equipos industriales sensibles y evita da\u00f1os costosos debido a interrupciones de energ\u00eda.<\/li>\n<li><img decoding=\"async\" class=\"emoji ls-is-cached lazyloaded\" role=\"img\" draggable=\"false\" src=\"https:\/\/s.w.org\/images\/core\/emoji\/14.0.0\/svg\/1f465.svg\" alt=\"\ud83d\udc65\" data-src=\"https:\/\/s.w.org\/images\/core\/emoji\/14.0.0\/svg\/1f465.svg\" \/>\u00a0<strong>Empresas Medianas y Peque\u00f1as:<\/strong>\u00a0Brinda tranquilidad a tu negocio sin importar su tama\u00f1o, asegurando la continuidad de operaciones esenciales.<\/li>\n<\/ul>\n<h4><strong>RECUERDA QUE TAMBI\u00c9N CONTAMOS CON EL SERVICIO DE VENTA DE EQUIPOS A NIVEL NACIONAL:<\/strong><\/h4>\n<p>Venta UPS tipo torre, venta UPS interactiva, venta de UPS tipo rack, venta UPS Smart APC, venta UPS modular, venta UPS escalable, venta UPS online, UPS paralelo, UPS hibrida, UPS solar, Inversor Solar, UPS en serie, UPS contingencia,\u00a0<a href=\"https:\/\/es.wikipedia.org\/wiki\/Bater%C3%ADa_AGM\">bater\u00edas<\/a>\u00a0secas, tarjetas de control\u00a0<a href=\"https:\/\/upscomunicaciones.com\/categoria-producto\/ups-online\/tarjetas-snmp\/?swcfpc=1\">SNMP<\/a>, inversores y paneles solares.<\/p>\n","protected":false},"excerpt":{"rendered":"<p>Este sistema UPS de doble conversi\u00f3n genuina garantiza un suministro el\u00e9ctrico de alta calidad y sin interferencias, brindando una protecci\u00f3n integral a dispositivos cr\u00edticos como redes sensibles, peque\u00f1os centros de datos, servidores e instalaciones industriales y de telecomunicaciones.<\/p>\n","protected":false},"featured_media":832,"template":"","meta":[],"product_brand":[136],"product_cat":[121,156],"product_tag":[137],"class_list":{"0":"post-820","1":"product","2":"type-product","3":"status-publish","4":"has-post-thumbnail","6":"product_brand-vertiv","7":"product_cat-ups-online","8":"product_cat-ups-vertiv-ups-online","9":"product_tag-vertiv","11":"first","12":"instock","13":"shipping-taxable","14":"product-type-simple"},"aioseo_notices":[],"_links":{"self":[{"href":"https:\/\/marketingads.co\/ups\/wp-json\/wp\/v2\/product\/820","targetHints":{"allow":["GET"]}}],"collection":[{"href":"https:\/\/marketingads.co\/ups\/wp-json\/wp\/v2\/product"}],"about":[{"href":"https:\/\/marketingads.co\/ups\/wp-json\/wp\/v2\/types\/product"}],"wp:featuredmedia":[{"embeddable":true,"href":"https:\/\/marketingads.co\/ups\/wp-json\/wp\/v2\/media\/832"}],"wp:attachment":[{"href":"https:\/\/marketingads.co\/ups\/wp-json\/wp\/v2\/media?parent=820"}],"wp:term":[{"taxonomy":"product_brand","embeddable":true,"href":"https:\/\/marketingads.co\/ups\/wp-json\/wp\/v2\/product_brand?post=820"},{"taxonomy":"product_cat","embeddable":true,"href":"https:\/\/marketingads.co\/ups\/wp-json\/wp\/v2\/product_cat?post=820"},{"taxonomy":"product_tag","embeddable":true,"href":"https:\/\/marketingads.co\/ups\/wp-json\/wp\/v2\/product_tag?post=820"}],"curies":[{"name":"wp","href":"https:\/\/api.w.org\/{rel}","templated":true}]}}