{"id":822,"date":"2025-07-04T15:42:10","date_gmt":"2025-07-04T20:42:10","guid":{"rendered":"https:\/\/marketingads.com.co\/ups\/?post_type=product&#038;p=822"},"modified":"2025-12-16T21:11:21","modified_gmt":"2025-12-16T21:11:21","slug":"ups-vertiv-2kva-1-8kw-120v-online-gxt5-2000lvrt2uxl","status":"publish","type":"product","link":"https:\/\/marketingads.co\/ups\/producto\/ups-vertiv-2kva-1-8kw-120v-online-gxt5-2000lvrt2uxl\/","title":{"rendered":"UPS VERTIV 2kVA-1.8kW 120V ONLINE GXT5-2000LVRT2UXL"},"content":{"rendered":"<p>La\u00a0 UPS VERTIV 2kVA-1.8kW 120V ONLINE GXT5-2000LVRT2UXL eficiencia energ\u00e9tica excepcional y su adaptabilidad para proteger infraestructuras cr\u00edticas en entornos centralizados y en el borde de la red. Su capacidad para escalabilidad en tiempos de operaci\u00f3n mediante gabinetes externos de bater\u00edas ofrece una flexibilidad \u00f3ptima, garantizando un suministro ininterrumpido prolongado cuando m\u00e1s se necesita. La inteligencia incorporada del Liebert GXT5 se refleja en la monitorizaci\u00f3n de la condici\u00f3n de las bater\u00edas y la predicci\u00f3n de fechas de reemplazo, facilitando una gesti\u00f3n eficiente. Con una interfaz LCD intuitiva y capacidades de gesti\u00f3n remota respaldadas por la avanzada tarjeta de comunicaciones RDU101 de Vertiv, este sistema se integra perfectamente con las soluciones de gesti\u00f3n de infraestructura de Vertiv.<\/p>\n<h4>Caracteristicas princiapales de la UPS VERTIV 2kVA-1.8kW 120V ONLINE GXT5:<\/h4>\n<ol>\n<li>Factor elevado de potencia de salida =hasta 1.0.<\/li>\n<li>LCD gr\u00e1fica a todo color con orientaci\u00f3n que detecta la gravedad.<\/li>\n<li>Tomacorrientes de salida controlables de forma individual.<\/li>\n<li>Capacidades de gesti\u00f3n remota, actualizaci\u00f3n y configuraci\u00f3n.<\/li>\n<li>Gerenciamiento t\u00e9rmico optimizado y ventilador de velocidad variable.<\/li>\n<li>Dise\u00f1o compacto en rack\/torre.<\/li>\n<li>Opciones de bypass interno autom\u00e1tico y bypass externo de mantenimiento.<\/li>\n<li>Alta eficiencia en modo en l\u00ednea.<\/li>\n<li>Garantiza una r\u00e1pida recuperaci\u00f3n en caso de fallos.<\/li>\n<li>la gesti\u00f3n y el seguimiento del estado, mantenimiento y servicio del UPS.<\/li>\n<\/ol>\n<h4>APLICACIONES EN DIVERSOS SECTORES, ESTA POTENTE SOLUCI\u00d3N ENCUENTRA SU LUGAR EN DIVERSAS INDUSTRIAS Y NEGOCIOS, COMO:<\/h4>\n<ul>\n<li><img decoding=\"async\" class=\"emoji ls-is-cached lazyloaded\" role=\"img\" draggable=\"false\" src=\"https:\/\/s.w.org\/images\/core\/emoji\/14.0.0\/svg\/1f4de.svg\" alt=\"\ud83d\udcde\" data-src=\"https:\/\/s.w.org\/images\/core\/emoji\/14.0.0\/svg\/1f4de.svg\" \/>\u00a0<strong>Call Centers:<\/strong>\u00a0Mant\u00e9n las comunicaciones ininterrumpidas y los datos protegidos durante cortes de energ\u00eda.<\/li>\n<li><img decoding=\"async\" class=\"emoji ls-is-cached lazyloaded\" role=\"img\" draggable=\"false\" src=\"https:\/\/s.w.org\/images\/core\/emoji\/14.0.0\/svg\/1f5a5.svg\" alt=\"\ud83d\udda5\ufe0f\" data-src=\"https:\/\/s.w.org\/images\/core\/emoji\/14.0.0\/svg\/1f5a5.svg\" \/>\u00a0<strong>Servidores:<\/strong>\u00a0Protege tus servidores y equipos de red para evitar p\u00e9rdidas de datos y tiempos de inactividad.<\/li>\n<li><img decoding=\"async\" class=\"emoji ls-is-cached lazyloaded\" role=\"img\" draggable=\"false\" src=\"https:\/\/s.w.org\/images\/core\/emoji\/14.0.0\/svg\/1f3e5.svg\" alt=\"\ud83c\udfe5\" data-src=\"https:\/\/s.w.org\/images\/core\/emoji\/14.0.0\/svg\/1f3e5.svg\" \/>\u00a0<strong>Sector M\u00e9dico:<\/strong>\u00a0Asegura el funcionamiento continuo de equipos m\u00e9dicos y odontol\u00f3gicos cr\u00edticos para la atenci\u00f3n de pacientes.<\/li>\n<li><img decoding=\"async\" class=\"emoji ls-is-cached lazyloaded\" role=\"img\" draggable=\"false\" src=\"https:\/\/s.w.org\/images\/core\/emoji\/14.0.0\/svg\/1f3ed.svg\" alt=\"\ud83c\udfed\" data-src=\"https:\/\/s.w.org\/images\/core\/emoji\/14.0.0\/svg\/1f3ed.svg\" \/>\u00a0<strong>Industria:<\/strong>\u00a0Protege tus equipos industriales sensibles y evita da\u00f1os costosos debido a interrupciones de energ\u00eda.<\/li>\n<li><img decoding=\"async\" class=\"emoji ls-is-cached lazyloaded\" role=\"img\" draggable=\"false\" src=\"https:\/\/s.w.org\/images\/core\/emoji\/14.0.0\/svg\/1f465.svg\" alt=\"\ud83d\udc65\" data-src=\"https:\/\/s.w.org\/images\/core\/emoji\/14.0.0\/svg\/1f465.svg\" \/>\u00a0<strong>Empresas Medianas y Peque\u00f1as:<\/strong>\u00a0Brinda tranquilidad a tu negocio sin importar su tama\u00f1o, asegurando la continuidad de operaciones esenciales.<\/li>\n<\/ul>\n<h4><strong>RECUERDA QUE TAMBI\u00c9N CONTAMOS CON EL SERVICIO DE VENTA DE EQUIPOS A NIVEL NACIONAL:<\/strong><\/h4>\n<p>Venta UPS tipo torre, venta UPS interactiva, venta de UPS tipo rack, venta UPS Smart APC, venta UPS modular, venta UPS escalable, venta UPS online, UPS paralelo, UPS hibrida, UPS solar, Inversor Solar, UPS en serie, UPS contingencia,\u00a0<a href=\"https:\/\/es.wikipedia.org\/wiki\/Bater%C3%ADa_AGM\">bater\u00edas<\/a>\u00a0secas, tarjetas de control\u00a0<a href=\"https:\/\/upscomunicaciones.com\/categoria-producto\/ups-online\/tarjetas-snmp\/?swcfpc=1\">SNMP<\/a>, inversores y paneles solares.<\/p>\n","protected":false},"excerpt":{"rendered":"<p>Su eficiencia l\u00edder en el mercado, factor de potencia unitario y garant\u00eda est\u00e1ndar de cambio de producto por dos a\u00f1os consolidan al Liebert GXT5 como una elecci\u00f3n confiable para satisfacer las demandas de aplicaciones cr\u00edticas.<\/p>\n","protected":false},"featured_media":837,"template":"","meta":[],"product_brand":[136],"product_cat":[121,156],"product_tag":[137],"class_list":{"0":"post-822","1":"product","2":"type-product","3":"status-publish","4":"has-post-thumbnail","6":"product_brand-vertiv","7":"product_cat-ups-online","8":"product_cat-ups-vertiv-ups-online","9":"product_tag-vertiv","11":"first","12":"instock","13":"shipping-taxable","14":"product-type-simple"},"aioseo_notices":[],"_links":{"self":[{"href":"https:\/\/marketingads.co\/ups\/wp-json\/wp\/v2\/product\/822","targetHints":{"allow":["GET"]}}],"collection":[{"href":"https:\/\/marketingads.co\/ups\/wp-json\/wp\/v2\/product"}],"about":[{"href":"https:\/\/marketingads.co\/ups\/wp-json\/wp\/v2\/types\/product"}],"wp:featuredmedia":[{"embeddable":true,"href":"https:\/\/marketingads.co\/ups\/wp-json\/wp\/v2\/media\/837"}],"wp:attachment":[{"href":"https:\/\/marketingads.co\/ups\/wp-json\/wp\/v2\/media?parent=822"}],"wp:term":[{"taxonomy":"product_brand","embeddable":true,"href":"https:\/\/marketingads.co\/ups\/wp-json\/wp\/v2\/product_brand?post=822"},{"taxonomy":"product_cat","embeddable":true,"href":"https:\/\/marketingads.co\/ups\/wp-json\/wp\/v2\/product_cat?post=822"},{"taxonomy":"product_tag","embeddable":true,"href":"https:\/\/marketingads.co\/ups\/wp-json\/wp\/v2\/product_tag?post=822"}],"curies":[{"name":"wp","href":"https:\/\/api.w.org\/{rel}","templated":true}]}}