{"id":824,"date":"2025-07-04T15:42:11","date_gmt":"2025-07-04T20:42:11","guid":{"rendered":"https:\/\/marketingads.com.co\/ups\/?post_type=product&#038;p=824"},"modified":"2025-12-16T21:04:14","modified_gmt":"2025-12-16T21:04:14","slug":"ups-vertiv-6kva-6kw-220v-online-gxt5-6000mvrt4uxln","status":"publish","type":"product","link":"https:\/\/marketingads.co\/ups\/producto\/ups-vertiv-6kva-6kw-220v-online-gxt5-6000mvrt4uxln\/","title":{"rendered":"UPS VERTIV 6kVA-6kW 220V ONLINE GXT5-6000MVRT4UXLN"},"content":{"rendered":"<p>El sistema UPS VERTIV 6kVA-6kW 220V ONLINE GXT5-6000MVRT4UXLN es f\u00e1cil de implementar y mantener gracias a su interfaz LCD amigable para el usuario y capacidades de gesti\u00f3n remota respaldadas por la tarjeta de comunicaciones RDU101 de Vertiv\u2122, que hace que el Liebert GXT5 sea compatible con soluciones de gesti\u00f3n de infraestructura de Vertiv, como los Servicios LIFE\u2122, sensores ambientales, Power Insight de Vertiv\u2122, y m\u00e1s. Con una alta eficiencia en l\u00ednea y operaci\u00f3n con factor de potencia unitario, el Liebert GXT5 satisfar\u00e1 las necesidades de sus aplicaciones cr\u00edticas.<\/p>\n<h4>Caracteristicas principales UPS VERTIV 6kVA-6kW 220V ONLINE GXT5-6000MVRT4UXLN:<\/h4>\n<ol>\n<li>Alto factor de potencia de salida (hasta 1.0).<\/li>\n<li>Bypass de Mantenimiento Integrado est\u00e1ndar en todos los sistemas de 5 kVA o m\u00e1s grandes.<\/li>\n<li>Bypass interno autom\u00e1tico.<\/li>\n<li>Pantalla LCD gr\u00e1fica a color completa con orientaci\u00f3n de detecci\u00f3n de gravedad.<\/li>\n<li>Opciones de Distribuci\u00f3n de Salida con POD intercambiables.<\/li>\n<li>Estado de salud de la bater\u00eda y predicci\u00f3n de la fecha de reemplazo.<\/li>\n<li>Capacidades de gesti\u00f3n remota, actualizaci\u00f3n y configuraci\u00f3n.<\/li>\n<li>Gesti\u00f3n t\u00e9rmica optimizada y ventilador de velocidad variable.<\/li>\n<li>Dise\u00f1o compacto para montaje en rack\/torre.<\/li>\n<li>Contactos secos integrados con definici\u00f3n seleccionable.<\/li>\n<li>Puerto serie para gesti\u00f3n fuera de banda con consolas seriales Avocent\u00ae.<\/li>\n<\/ol>\n<h4>APLICACIONES EN DIVERSOS SECTORES, ESTA POTENTE SOLUCI\u00d3N ENCUENTRA SU LUGAR EN DIVERSAS INDUSTRIAS Y NEGOCIOS, COMO:<\/h4>\n<ul>\n<li><img decoding=\"async\" class=\"emoji ls-is-cached lazyloaded\" role=\"img\" draggable=\"false\" src=\"https:\/\/s.w.org\/images\/core\/emoji\/14.0.0\/svg\/1f4de.svg\" alt=\"\ud83d\udcde\" data-src=\"https:\/\/s.w.org\/images\/core\/emoji\/14.0.0\/svg\/1f4de.svg\" \/>\u00a0<strong>Call Centers:<\/strong>\u00a0Mant\u00e9n las comunicaciones ininterrumpidas y los datos protegidos durante cortes de energ\u00eda.<\/li>\n<li><img decoding=\"async\" class=\"emoji ls-is-cached lazyloaded\" role=\"img\" draggable=\"false\" src=\"https:\/\/s.w.org\/images\/core\/emoji\/14.0.0\/svg\/1f5a5.svg\" alt=\"\ud83d\udda5\ufe0f\" data-src=\"https:\/\/s.w.org\/images\/core\/emoji\/14.0.0\/svg\/1f5a5.svg\" \/>\u00a0<strong>Servidores:<\/strong>\u00a0Protege tus servidores y equipos de red para evitar p\u00e9rdidas de datos y tiempos de inactividad.<\/li>\n<li><img decoding=\"async\" class=\"emoji ls-is-cached lazyloaded\" role=\"img\" draggable=\"false\" src=\"https:\/\/s.w.org\/images\/core\/emoji\/14.0.0\/svg\/1f3e5.svg\" alt=\"\ud83c\udfe5\" data-src=\"https:\/\/s.w.org\/images\/core\/emoji\/14.0.0\/svg\/1f3e5.svg\" \/>\u00a0<strong>Sector M\u00e9dico:<\/strong>\u00a0Asegura el funcionamiento continuo de equipos m\u00e9dicos y odontol\u00f3gicos cr\u00edticos para la atenci\u00f3n de pacientes.<\/li>\n<li><img decoding=\"async\" class=\"emoji ls-is-cached lazyloaded\" role=\"img\" draggable=\"false\" src=\"https:\/\/s.w.org\/images\/core\/emoji\/14.0.0\/svg\/1f3ed.svg\" alt=\"\ud83c\udfed\" data-src=\"https:\/\/s.w.org\/images\/core\/emoji\/14.0.0\/svg\/1f3ed.svg\" \/>\u00a0<strong>Industria:<\/strong>\u00a0Protege tus equipos industriales sensibles y evita da\u00f1os costosos debido a interrupciones de energ\u00eda.<\/li>\n<li><img decoding=\"async\" class=\"emoji ls-is-cached lazyloaded\" role=\"img\" draggable=\"false\" src=\"https:\/\/s.w.org\/images\/core\/emoji\/14.0.0\/svg\/1f465.svg\" alt=\"\ud83d\udc65\" data-src=\"https:\/\/s.w.org\/images\/core\/emoji\/14.0.0\/svg\/1f465.svg\" \/>\u00a0<strong>Empresas Medianas y Peque\u00f1as:<\/strong>\u00a0Brinda tranquilidad a tu negocio sin importar su tama\u00f1o, asegurando la continuidad de operaciones esenciales.<\/li>\n<\/ul>\n<h4><strong>RECUERDA QUE TAMBI\u00c9N CONTAMOS CON EL SERVICIO DE VENTA DE EQUIPOS A NIVEL NACIONAL:<\/strong><\/h4>\n<p>Venta UPS tipo torre, venta UPS interactiva, venta de UPS tipo rack, venta UPS Smart APC, venta UPS modular, venta UPS escalable, venta UPS online, UPS paralelo, UPS hibrida, UPS solar, Inversor Solar, UPS en serie, UPS contingencia,\u00a0<a href=\"https:\/\/es.wikipedia.org\/wiki\/Bater%C3%ADa_AGM\">bater\u00edas<\/a>\u00a0secas, tarjetas de control\u00a0<a href=\"https:\/\/upscomunicaciones.com\/categoria-producto\/ups-online\/tarjetas-snmp\/?swcfpc=1\">SNMP<\/a>, inversores y paneles solares.<\/p>\n","protected":false},"excerpt":{"rendered":"<p>Compatibilidad con soluciones de gesti\u00f3n de infraestructura Vertiv, eficiencia l\u00edder en el mercado y operaci\u00f3n de factor de potencia unitario posicionan al Liebert GXT5 como la elecci\u00f3n confiable para aplicaciones cr\u00edticas, respaldada por una garant\u00eda est\u00e1ndar de cambio de producto de dos a\u00f1os para proteger su inversi\u00f3n empresarial.<\/p>\n","protected":false},"featured_media":843,"template":"","meta":[],"product_brand":[136],"product_cat":[121,156],"product_tag":[137],"class_list":{"0":"post-824","1":"product","2":"type-product","3":"status-publish","4":"has-post-thumbnail","6":"product_brand-vertiv","7":"product_cat-ups-online","8":"product_cat-ups-vertiv-ups-online","9":"product_tag-vertiv","11":"first","12":"instock","13":"shipping-taxable","14":"product-type-simple"},"aioseo_notices":[],"_links":{"self":[{"href":"https:\/\/marketingads.co\/ups\/wp-json\/wp\/v2\/product\/824","targetHints":{"allow":["GET"]}}],"collection":[{"href":"https:\/\/marketingads.co\/ups\/wp-json\/wp\/v2\/product"}],"about":[{"href":"https:\/\/marketingads.co\/ups\/wp-json\/wp\/v2\/types\/product"}],"wp:featuredmedia":[{"embeddable":true,"href":"https:\/\/marketingads.co\/ups\/wp-json\/wp\/v2\/media\/843"}],"wp:attachment":[{"href":"https:\/\/marketingads.co\/ups\/wp-json\/wp\/v2\/media?parent=824"}],"wp:term":[{"taxonomy":"product_brand","embeddable":true,"href":"https:\/\/marketingads.co\/ups\/wp-json\/wp\/v2\/product_brand?post=824"},{"taxonomy":"product_cat","embeddable":true,"href":"https:\/\/marketingads.co\/ups\/wp-json\/wp\/v2\/product_cat?post=824"},{"taxonomy":"product_tag","embeddable":true,"href":"https:\/\/marketingads.co\/ups\/wp-json\/wp\/v2\/product_tag?post=824"}],"curies":[{"name":"wp","href":"https:\/\/api.w.org\/{rel}","templated":true}]}}