{"id":852,"date":"2025-07-04T15:50:37","date_gmt":"2025-07-04T20:50:37","guid":{"rendered":"https:\/\/marketingads.com.co\/ups\/?post_type=product&#038;p=852"},"modified":"2025-12-17T16:21:42","modified_gmt":"2025-12-17T16:21:42","slug":"ups-powest-titan-10kva-online-bifasica-rack","status":"publish","type":"product","link":"https:\/\/marketingads.co\/ups\/producto\/ups-powest-titan-10kva-online-bifasica-rack\/","title":{"rendered":"Ups POWEST TITAN 10kVA Online Bifasica Rack"},"content":{"rendered":"<p>Los modelos Ups POWEST TITAN 10kVA Online Bifasica Rack est\u00e1n hechos a la medida de sus necesidades para requisitos particulares. Su doble conversi\u00f3n en L\u00ednea UPS ON-LINE es la mejor opci\u00f3n disponible en el mercado para el manejo de energ\u00eda en montajes de telecomunicaciones y ahorro de espacios, con IGBT para el aislamiento verdadero de la entrada de la AC, Conexi\u00f3n entrada y salida tipo bornera, cuenta con Bypass electr\u00f3nico y de mantenimiento extra\u00edble en el modelo 6Kva, Display en los modelos 1-3 KVA todos los par\u00e1metros, indicadores LED modelo 6-10 KVA.<\/p>\n<h4>Caracteristicas destacadas Ups POWEST TITAN 10kVA Online Bifasica Rack:<\/h4>\n<ol>\n<li>Montaje en Torre \/ Rack.<\/li>\n<li>Tecnolog\u00eda On-line doble conversi\u00f3n.<\/li>\n<li>Tecnolog\u00eda PFC IGBT<\/li>\n<li>Amplio rango de entrada.<\/li>\n<li>Cero tiempo de transferencia.<\/li>\n<li>Todos los sistemas de protecci\u00f3n.<\/li>\n<li>Gesti\u00f3n de bater\u00eda avanzadas.<\/li>\n<li>Arranque en fr\u00edo Vdc.<\/li>\n<li>Software de monitoreo local.<\/li>\n<li>Conexi\u00f3n banco de bater\u00eda externo.<\/li>\n<li>EMI \/ RFI filtro de ruido.<\/li>\n<li>Certificaci\u00f3n RETIE.<\/li>\n<li>puerto de comunicacion y control\u00a0<a href=\"https:\/\/es.wikipedia.org\/wiki\/Protocolo_simple_de_administraci%C3%B3n_de_red\">SNMP<\/a>.<\/li>\n<li>12 <a href=\"https:\/\/upscomunicaciones.com\/categoria-producto\/baterias-secas\/?swcfpc=1\">baterias<\/a> 12V \/ 9Ah.<\/li>\n<\/ol>\n<h4>Aplicaciones en Diversos Sectores: Esta potente soluci\u00f3n encuentra su lugar en diversas industrias y negocios, como:<\/h4>\n<ul>\n<li>\ud83d\udcde <strong>Call Centers:<\/strong> Mant\u00e9n las comunicaciones ininterrumpidas y los datos protegidos durante cortes de energ\u00eda.<\/li>\n<li>\ud83d\udda5\ufe0f <strong>Servidores:<\/strong> Protege tus servidores y equipos de red para evitar p\u00e9rdidas de datos y tiempos de inactividad.<\/li>\n<li>\ud83c\udfe5 <strong>Sector M\u00e9dico:<\/strong> Asegura el funcionamiento continuo de equipos m\u00e9dicos y odontol\u00f3gicos cr\u00edticos para la atenci\u00f3n de pacientes.<\/li>\n<li>\ud83c\udfed <strong>Industria:<\/strong> Protege tus equipos industriales sensibles y evita da\u00f1os costosos debido a interrupciones de energ\u00eda.<\/li>\n<li>\ud83d\udc65 <strong>Empresas Medianas y Peque\u00f1as:<\/strong> Brinda tranquilidad a tu negocio sin importar su tama\u00f1o, asegurando la continuidad de operaciones esenciales.<\/li>\n<\/ul>\n<h4><strong>Recuerda que tambi\u00e9n contamos con el servicio de venta de equipos a nivel nacional:<\/strong><\/h4>\n<p>Venta UPS tipo torre, venta UPS interactiva, venta de UPS tipo rack, venta UPS Smart APC, venta UPS modular, venta UPS escalable, venta UPS online, UPS paralelo, UPS hibrida, UPS solar, Inversor Solar, UPS en serie, UPS contingencia, bater\u00edas secas, tarjetas de control SNMP, inversores y paneles solares.<\/p>\n","protected":false},"excerpt":{"rendered":"<p>Los modelos Ups POWEST TITAN 10kVA Rack Bif\u00e1sica son sistemas UPS altamente personalizables que se adaptan a sus necesidades espec\u00edficas. Con tecnolog\u00eda On-line de doble conversi\u00f3n y PFC IGBT, son ideales para el manejo de energ\u00eda en montajes de telecomunicaciones y espacios reducidos. Cuentan con IGBT para un verdadero aislamiento de la entrada de AC, conexiones tipo bornera, Bypass electr\u00f3nico.<\/p>\n","protected":false},"featured_media":879,"template":"","meta":[],"product_brand":[158],"product_cat":[157],"product_tag":[159],"class_list":{"0":"post-852","1":"product","2":"type-product","3":"status-publish","4":"has-post-thumbnail","6":"product_brand-powest","7":"product_cat-ups-powest-ups-online","8":"product_tag-powest","10":"first","11":"instock","12":"shipping-taxable","13":"product-type-simple"},"aioseo_notices":[],"_links":{"self":[{"href":"https:\/\/marketingads.co\/ups\/wp-json\/wp\/v2\/product\/852","targetHints":{"allow":["GET"]}}],"collection":[{"href":"https:\/\/marketingads.co\/ups\/wp-json\/wp\/v2\/product"}],"about":[{"href":"https:\/\/marketingads.co\/ups\/wp-json\/wp\/v2\/types\/product"}],"wp:featuredmedia":[{"embeddable":true,"href":"https:\/\/marketingads.co\/ups\/wp-json\/wp\/v2\/media\/879"}],"wp:attachment":[{"href":"https:\/\/marketingads.co\/ups\/wp-json\/wp\/v2\/media?parent=852"}],"wp:term":[{"taxonomy":"product_brand","embeddable":true,"href":"https:\/\/marketingads.co\/ups\/wp-json\/wp\/v2\/product_brand?post=852"},{"taxonomy":"product_cat","embeddable":true,"href":"https:\/\/marketingads.co\/ups\/wp-json\/wp\/v2\/product_cat?post=852"},{"taxonomy":"product_tag","embeddable":true,"href":"https:\/\/marketingads.co\/ups\/wp-json\/wp\/v2\/product_tag?post=852"}],"curies":[{"name":"wp","href":"https:\/\/api.w.org\/{rel}","templated":true}]}}