{"id":853,"date":"2025-07-04T15:50:39","date_gmt":"2025-07-04T20:50:39","guid":{"rendered":"https:\/\/marketingads.com.co\/ups\/?post_type=product&#038;p=853"},"modified":"2025-12-17T16:06:27","modified_gmt":"2025-12-17T16:06:27","slug":"ups-powest-titan-1kva-online-torre","status":"publish","type":"product","link":"https:\/\/marketingads.co\/ups\/producto\/ups-powest-titan-1kva-online-torre\/","title":{"rendered":"Ups POWEST TITAN 1kVA Online Torre"},"content":{"rendered":"<p>La Ups POWEST TITAN 1kVA Online Torre destaca por sus caracter\u00edsticas m\u00e1s relevantes, como la doble conversi\u00f3n en l\u00ednea con entrada y salida monof\u00e1sica, lo que garantiza un alto rendimiento y confiabilidad. Posee un alto Factor de Potencia de Entrada de 0.98 y de salida de 0.9, as\u00ed como una eficiencia superior al 95% y una funci\u00f3n ECO que ahorra energ\u00eda. Cuenta con software de monitoreo local y una funci\u00f3n de apagado de emergencia EPO. Adem\u00e1s, permite la conexi\u00f3n de bater\u00eda externa para aumentar la autonom\u00eda en caso de cortes de energ\u00eda prolongados.<\/p>\n<h4>Caracteristicas mas relevantes de la Ups POWEST TITAN 1kVA Online Torre:<\/h4>\n<ol>\n<li>Doble conversi\u00f3n en l\u00ednea, entrada y salida monof\u00e1sica.<\/li>\n<li>Alto Factor de potencia de Entrada 0.98 y salida 0.9.<\/li>\n<li>Alta confiabilidad y Eficiencia &gt; 95%.<\/li>\n<li>\u00a0Funci\u00f3n ECO ahorrador de energ\u00eda.<\/li>\n<li>Software de monitoreo local.<\/li>\n<li>\u00a0EPO apagado de emergencia.<\/li>\n<li>Conexi\u00f3n<a href=\"https:\/\/upscomunicaciones.com\/categoria-producto\/baterias-secas\/?swcfpc=1\"> bater\u00eda<\/a> externa.<\/li>\n<\/ol>\n<h4>Aplicaciones en Diversos Sectores: Esta potente soluci\u00f3n encuentra su lugar en diversas industrias y negocios, como:<\/h4>\n<ul>\n<li>\ud83d\udcde <strong>Call Centers:<\/strong> Mant\u00e9n las comunicaciones ininterrumpidas y los datos protegidos durante cortes de energ\u00eda.<\/li>\n<li>\ud83d\udda5\ufe0f <strong>Servidores:<\/strong> Protege tus servidores y equipos de red para evitar p\u00e9rdidas de datos y tiempos de inactividad.<\/li>\n<li>\ud83c\udfe5 <strong>Sector M\u00e9dico:<\/strong> Asegura el funcionamiento continuo de equipos m\u00e9dicos y odontol\u00f3gicos cr\u00edticos para la atenci\u00f3n de pacientes.<\/li>\n<li>\ud83c\udfed <strong>Industria:<\/strong> Protege tus equipos industriales sensibles y evita da\u00f1os costosos debido a interrupciones de energ\u00eda.<\/li>\n<li>\ud83d\udc65 <strong>Empresas Medianas y Peque\u00f1as:<\/strong> Brinda tranquilidad a tu negocio sin importar su tama\u00f1o, asegurando la continuidad de operaciones esenciales.<\/li>\n<\/ul>\n<h4><strong>Recuerda que tambi\u00e9n contamos con el servicio de venta de equipos a nivel nacional:<\/strong><\/h4>\n<p>Venta UPS tipo torre, venta UPS interactiva, venta de UPS tipo rack, venta UPS Smart APC, venta UPS modular, venta UPS escalable, venta UPS online, UPS paralelo, UPS hibrida, UPS solar, Inversor Solar, UPS en serie, UPS contingencia, bater\u00edas secas, tarjetas de control SNMP, inversores y paneles solares.<\/p>\n","protected":false},"excerpt":{"rendered":"<p>Ups POWEST TITAN 1kVA Torre con control micro-procesado por DSP, generando una mayor calidad de energ\u00eda y regulaci\u00f3n de voltaje de salida &lt;2%. amplio rango de tensi\u00f3n a la entrada que ofrece una protecci\u00f3n completa. Bypass autom\u00e1tico. Interfaz RS-232 &#8211; USB de comunicaci\u00f3n, ranura para SNMP, pantalla LCD todos los par\u00e1metros, dise\u00f1o compacto, software de gesti\u00f3n. Tarjetas opcionales de SNMP, contiene dos segmentos de control de carga, salida de THDv &lt;4%, certificaci\u00f3n RETIE.<\/span><\/p>\n","protected":false},"featured_media":881,"template":"","meta":[],"product_brand":[158],"product_cat":[157],"product_tag":[159],"class_list":{"0":"post-853","1":"product","2":"type-product","3":"status-publish","4":"has-post-thumbnail","6":"product_brand-powest","7":"product_cat-ups-powest-ups-online","8":"product_tag-powest","10":"first","11":"instock","12":"shipping-taxable","13":"product-type-simple"},"aioseo_notices":[],"_links":{"self":[{"href":"https:\/\/marketingads.co\/ups\/wp-json\/wp\/v2\/product\/853","targetHints":{"allow":["GET"]}}],"collection":[{"href":"https:\/\/marketingads.co\/ups\/wp-json\/wp\/v2\/product"}],"about":[{"href":"https:\/\/marketingads.co\/ups\/wp-json\/wp\/v2\/types\/product"}],"wp:featuredmedia":[{"embeddable":true,"href":"https:\/\/marketingads.co\/ups\/wp-json\/wp\/v2\/media\/881"}],"wp:attachment":[{"href":"https:\/\/marketingads.co\/ups\/wp-json\/wp\/v2\/media?parent=853"}],"wp:term":[{"taxonomy":"product_brand","embeddable":true,"href":"https:\/\/marketingads.co\/ups\/wp-json\/wp\/v2\/product_brand?post=853"},{"taxonomy":"product_cat","embeddable":true,"href":"https:\/\/marketingads.co\/ups\/wp-json\/wp\/v2\/product_cat?post=853"},{"taxonomy":"product_tag","embeddable":true,"href":"https:\/\/marketingads.co\/ups\/wp-json\/wp\/v2\/product_tag?post=853"}],"curies":[{"name":"wp","href":"https:\/\/api.w.org\/{rel}","templated":true}]}}