{"id":854,"date":"2025-07-04T15:50:41","date_gmt":"2025-07-04T20:50:41","guid":{"rendered":"https:\/\/marketingads.com.co\/ups\/?post_type=product&#038;p=854"},"modified":"2025-12-17T16:01:10","modified_gmt":"2025-12-17T16:01:10","slug":"ups-powest-titan-2kva-online-torre","status":"publish","type":"product","link":"https:\/\/marketingads.co\/ups\/producto\/ups-powest-titan-2kva-online-torre\/","title":{"rendered":"Ups POWEST TITAN 2kVA Online Torre"},"content":{"rendered":"<p><span style=\"font-weight: 400;\">Ups POWEST TITAN 2kVA Online Torre con control micro-procesado por DSP, generando una mayor calidad de energ\u00eda y regulaci\u00f3n de voltaje de salida &lt;2%. amplio rango de tensi\u00f3n a la entrada que ofrece una protecci\u00f3n completa. Bypass autom\u00e1tico. Interfaz RS-232 &#8211; USB de comunicaci\u00f3n, ranura para SNMP, pantalla LCD todos los par\u00e1metros, dise\u00f1o compacto, software de gesti\u00f3n. Tarjetas opcionales de <a href=\"https:\/\/upscomunicaciones.com\/categoria-producto\/ups-online\/tarjetas-snmp\/\">SNMP<\/a>, contiene dos segmentos de control de carga, salida de THDv &lt;4%, certificaci\u00f3n RETIE.<\/span><\/p>\n<h4>Caracteristicas que destacan a la Ups POWEST TITAN 2kVA Online Torre:<\/h4>\n<ol>\n<li>Doble conversi\u00f3n en l\u00ednea, entrada y salida monof\u00e1sica.<\/li>\n<li>Alto Factor de potencia de Entrada 0.98 y salida 0.9.<\/li>\n<li>Alta confiabilidad y Eficiencia &gt; 95%.<\/li>\n<li>\u00a0Funci\u00f3n ECO ahorrador de energ\u00eda.<\/li>\n<li>\u00a0Software de monitoreo local.<\/li>\n<li>EPO apagado de emergencia.<\/li>\n<li>Conexi\u00f3n bater\u00eda externa.<\/li>\n<\/ol>\n<h4>Las aplicaciones de este producto son:<\/h4>\n<ul>\n<li>\ud83d\udcde <strong>Call Centers:<\/strong> Mant\u00e9n las comunicaciones ininterrumpidas y los datos protegidos durante cortes de energ\u00eda.<\/li>\n<li>\ud83d\udda5\ufe0f <strong>Servidores:<\/strong> Protege tus servidores y equipos de red para evitar p\u00e9rdidas de datos y tiempos de inactividad.<\/li>\n<li>\ud83c\udfe5 <strong>Sector M\u00e9dico:<\/strong> Asegura el funcionamiento continuo de equipos m\u00e9dicos y odontol\u00f3gicos cr\u00edticos para la atenci\u00f3n de pacientes.<\/li>\n<li>\ud83c\udfed <strong>Industria:<\/strong> Protege tus equipos industriales sensibles y evita da\u00f1os costosos debido a interrupciones de energ\u00eda.<\/li>\n<li>\ud83d\udc65 <strong>Empresas Medianas y Peque\u00f1as:<\/strong> Brinda tranquilidad a tu negocio sin importar su tama\u00f1o, asegurando la continuidad de operaciones esenciales.<\/li>\n<\/ul>\n<p><strong>Recuerda que tambi\u00e9n contamos con el servicio de venta de equipos a nivel nacional:<\/strong><\/p>\n<p>Venta UPS tipo torre, venta UPS interactiva, venta de UPS tipo rack, venta UPS Smart APC, venta UPS modular, venta UPS escalable, venta UPS online, UPS paralelo, UPS hibrida, UPS solar, Inversor Solar, UPS en serie, UPS contingencia, bater\u00edas secas, tarjetas de control SNMP, inversores y<a href=\"https:\/\/es.wikipedia.org\/wiki\/Panel_solar\"> paneles solares<\/a>.<\/p>\n","protected":false},"excerpt":{"rendered":"<p>Gracias a su control micro-procesado por DSP, esta UPS genera una calidad de energ\u00eda superior, con una regulaci\u00f3n de voltaje de salida de menos del 2%, manteniendo tus dispositivos a salvo de fluctuaciones peligrosas y Su dise\u00f1o inteligente se complementa con un software de gesti\u00f3n que simplifica su operaci\u00f3n y monitorizaci\u00f3n.<\/p>\n","protected":false},"featured_media":884,"template":"","meta":[],"product_brand":[158],"product_cat":[157],"product_tag":[159],"class_list":{"0":"post-854","1":"product","2":"type-product","3":"status-publish","4":"has-post-thumbnail","6":"product_brand-powest","7":"product_cat-ups-powest-ups-online","8":"product_tag-powest","10":"first","11":"instock","12":"shipping-taxable","13":"product-type-simple"},"aioseo_notices":[],"_links":{"self":[{"href":"https:\/\/marketingads.co\/ups\/wp-json\/wp\/v2\/product\/854","targetHints":{"allow":["GET"]}}],"collection":[{"href":"https:\/\/marketingads.co\/ups\/wp-json\/wp\/v2\/product"}],"about":[{"href":"https:\/\/marketingads.co\/ups\/wp-json\/wp\/v2\/types\/product"}],"wp:featuredmedia":[{"embeddable":true,"href":"https:\/\/marketingads.co\/ups\/wp-json\/wp\/v2\/media\/884"}],"wp:attachment":[{"href":"https:\/\/marketingads.co\/ups\/wp-json\/wp\/v2\/media?parent=854"}],"wp:term":[{"taxonomy":"product_brand","embeddable":true,"href":"https:\/\/marketingads.co\/ups\/wp-json\/wp\/v2\/product_brand?post=854"},{"taxonomy":"product_cat","embeddable":true,"href":"https:\/\/marketingads.co\/ups\/wp-json\/wp\/v2\/product_cat?post=854"},{"taxonomy":"product_tag","embeddable":true,"href":"https:\/\/marketingads.co\/ups\/wp-json\/wp\/v2\/product_tag?post=854"}],"curies":[{"name":"wp","href":"https:\/\/api.w.org\/{rel}","templated":true}]}}