{"id":855,"date":"2025-07-04T15:50:43","date_gmt":"2025-07-04T20:50:43","guid":{"rendered":"https:\/\/marketingads.com.co\/ups\/?post_type=product&#038;p=855"},"modified":"2025-12-17T15:57:36","modified_gmt":"2025-12-17T15:57:36","slug":"ups-powest-titan-3kva-online-torre","status":"publish","type":"product","link":"https:\/\/marketingads.co\/ups\/producto\/ups-powest-titan-3kva-online-torre\/","title":{"rendered":"Ups POWEST TITAN 3kVA Online Torre"},"content":{"rendered":"<p><span style=\"font-weight: 400;\">Ups POWEST TITAN 3kVA Online Torrecon su amplio rango de tensi\u00f3n a la entrada, estar\u00e1s completamente protegido contra variaciones bruscas de voltaje. Adem\u00e1s, su funci\u00f3n de bypass autom\u00e1tico asegura una transici\u00f3n sin problemas en caso de fallas y tiene una doble conversi\u00f3n en l\u00ednea y altos factores de potencia en entrada (0.98) y salida (0.9), esta UPS alcanza eficiencias superiores al 95%. Su funci\u00f3n ECO.<\/span><\/p>\n<h4>Caracteristicas principales Ups POWEST TITAN 3kVA Online Torre:<\/h4>\n<ol>\n<li>\u00a0Doble conversi\u00f3n en l\u00ednea, entrada y salida monof\u00e1sica.<\/li>\n<li>Alto Factor de potencia de Entrada 0.98 y salida 0.9.<\/li>\n<li>Alta confiabilidad y Eficiencia &gt; 95%.<\/li>\n<li>Funci\u00f3n ECO ahorrador de energ\u00eda.<\/li>\n<li>Software de monitoreo local.<\/li>\n<li>EPO apagado de emergencia.<\/li>\n<li>Conexi\u00f3n bater\u00eda externa.<\/li>\n<\/ol>\n<h4>Aplicaciones en Diversos Sectores: Esta potente soluci\u00f3n encuentra su lugar en diversas industrias y negocios, como:<\/h4>\n<ul>\n<li>\ud83d\udcde <strong>Call Centers:<\/strong> Mant\u00e9n las comunicaciones ininterrumpidas y los datos protegidos durante cortes de energ\u00eda.<\/li>\n<li>\ud83d\udda5\ufe0f <strong>Servidores:<\/strong> Protege tus servidores y equipos de red para evitar p\u00e9rdidas de datos y tiempos de inactividad.<\/li>\n<li>\ud83c\udfe5 <strong>Sector M\u00e9dico:<\/strong> Asegura el funcionamiento continuo de equipos m\u00e9dicos y odontol\u00f3gicos cr\u00edticos para la atenci\u00f3n de pacientes.<\/li>\n<li>\ud83c\udfed <strong>Industria:<\/strong> Protege tus equipos industriales sensibles y evita da\u00f1os costosos debido a interrupciones de energ\u00eda.<\/li>\n<li>\ud83d\udc65 <strong>Empresas Medianas y Peque\u00f1as:<\/strong> Brinda tranquilidad a tu negocio sin importar su tama\u00f1o, asegurando la continuidad de operaciones esenciales.<\/li>\n<\/ul>\n<p><strong>Recuerda que tambi\u00e9n contamos con el servicio de venta de equipos a nivel nacional:<\/strong><\/p>\n<p>Venta UPS tipo torre, venta UPS interactiva, venta de UPS tipo rack, venta UPS Smart APC, venta UPS modular, venta UPS escalable, venta UPS online, UPS paralelo, UPS hibrida, UPS solar, Inversor Solar, UPS en serie, UPS contingencia, bater\u00edas secas, tarjetas de control <a href=\"https:\/\/upscomunicaciones.com\/categoria-producto\/ups-online\/tarjetas-snmp\/\">SNMP<\/a>, inversores y<a href=\"https:\/\/es.wikipedia.org\/wiki\/Panel_solar\"> paneles solares<\/a>.<\/p>\n","protected":false},"excerpt":{"rendered":"<p>Cuenta\u00a0con funci\u00f3n ECO inteligente no solo garantiza un consumo eficiente de energ\u00eda, sino que tambi\u00e9n contribuye a la sostenibilidad al adaptar la potencia seg\u00fan las demandas y en situaciones cr\u00edticas, la funci\u00f3n de apagado de emergencia (EPO) garantiza una desconexi\u00f3n r\u00e1pida y segura, protegiendo tanto a tus equipos como a tus operadores.<\/p>\n","protected":false},"featured_media":887,"template":"","meta":[],"product_brand":[158],"product_cat":[157],"product_tag":[159],"class_list":{"0":"post-855","1":"product","2":"type-product","3":"status-publish","4":"has-post-thumbnail","6":"product_brand-powest","7":"product_cat-ups-powest-ups-online","8":"product_tag-powest","10":"first","11":"instock","12":"shipping-taxable","13":"product-type-simple"},"aioseo_notices":[],"_links":{"self":[{"href":"https:\/\/marketingads.co\/ups\/wp-json\/wp\/v2\/product\/855","targetHints":{"allow":["GET"]}}],"collection":[{"href":"https:\/\/marketingads.co\/ups\/wp-json\/wp\/v2\/product"}],"about":[{"href":"https:\/\/marketingads.co\/ups\/wp-json\/wp\/v2\/types\/product"}],"wp:featuredmedia":[{"embeddable":true,"href":"https:\/\/marketingads.co\/ups\/wp-json\/wp\/v2\/media\/887"}],"wp:attachment":[{"href":"https:\/\/marketingads.co\/ups\/wp-json\/wp\/v2\/media?parent=855"}],"wp:term":[{"taxonomy":"product_brand","embeddable":true,"href":"https:\/\/marketingads.co\/ups\/wp-json\/wp\/v2\/product_brand?post=855"},{"taxonomy":"product_cat","embeddable":true,"href":"https:\/\/marketingads.co\/ups\/wp-json\/wp\/v2\/product_cat?post=855"},{"taxonomy":"product_tag","embeddable":true,"href":"https:\/\/marketingads.co\/ups\/wp-json\/wp\/v2\/product_tag?post=855"}],"curies":[{"name":"wp","href":"https:\/\/api.w.org\/{rel}","templated":true}]}}