{"id":856,"date":"2025-07-04T15:50:44","date_gmt":"2025-07-04T20:50:44","guid":{"rendered":"https:\/\/marketingads.com.co\/ups\/?post_type=product&#038;p=856"},"modified":"2025-12-17T01:47:52","modified_gmt":"2025-12-17T01:47:52","slug":"ups-powest-titan-3kva-online-torre-220-vac","status":"publish","type":"product","link":"https:\/\/marketingads.co\/ups\/producto\/ups-powest-titan-3kva-online-torre-220-vac\/","title":{"rendered":"Ups POWEST TITAN 3kVA Online Torre 220 VAC"},"content":{"rendered":"<p>Ups POWEST TITAN 3kVA Online Torre 220 VAC es un equipos ofrecen una tecnolog\u00eda de doble conversi\u00f3n en l\u00ednea que garantiza una fuente de energ\u00eda constante y estable. La salida a 220 Vac aseguran un suministro fiable, protegiendo tus sistemas en todo momento.<\/p>\n<h4>Aspectos relevantes de la Ups POWEST TITAN 3kVA Online Torre 220 VAC:<\/h4>\n<ol>\n<li>Equipos monof\u00e1sicos 220V, Est\u00e1ndar Europeo.<\/li>\n<li>Doble conversi\u00f3n en l\u00ednea, entrada y salida a 220 Vac.<\/li>\n<li>\u00a0Alto factor de potencia de entrada 0.99 y salida 0.9.<\/li>\n<li>Alta confiabilidad y eficiencia &gt; 94%.<\/li>\n<li>Funci\u00f3n ECO ahorrador de energ\u00eda.<\/li>\n<li>Software de monitoreo local.<\/li>\n<li>EPO apagado de emergencia.<\/li>\n<li>M\u00faltiples puertos de comunicaci\u00f3n.<\/li>\n<li>Control DSP.<\/li>\n<li>Bypass autom\u00e1tico.<\/li>\n<li>Pantalla LCD todos los par\u00e1metros.<\/li>\n<li>Certificaci\u00f3n RETIE.<\/li>\n<\/ol>\n<h4>Aplicaciones en Diversos Sectores: Esta potente soluci\u00f3n encuentra su lugar en diversas industrias y negocios, como:<\/h4>\n<ul>\n<li>\ud83d\udcde <strong>Call Centers:<\/strong> Mant\u00e9n las comunicaciones ininterrumpidas y los datos protegidos durante cortes de energ\u00eda.<\/li>\n<li>\ud83d\udda5\ufe0f <strong>Servidores:<\/strong> Protege tus servidores y equipos de red para evitar p\u00e9rdidas de datos y tiempos de inactividad.<\/li>\n<li>\ud83c\udfe5 <strong>Sector M\u00e9dico:<\/strong> Asegura el funcionamiento continuo de equipos m\u00e9dicos y odontol\u00f3gicos cr\u00edticos para la atenci\u00f3n de pacientes.<\/li>\n<li>\ud83c\udfed <strong>Industria:<\/strong> Protege tus equipos industriales sensibles y evita da\u00f1os costosos debido a interrupciones de energ\u00eda.<\/li>\n<li>\ud83d\udc65 <strong>Empresas Medianas y Peque\u00f1as:<\/strong> Brinda tranquilidad a tu negocio sin importar su tama\u00f1o, asegurando la continuidad de operaciones esenciales.<\/li>\n<\/ul>\n<p><strong>Recuerda que tambi\u00e9n contamos con el servicio de venta de equipos a nivel nacional:<\/strong><\/p>\n<p>Venta UPS tipo torre, venta UPS interactiva, venta de UPS tipo rack, venta UPS Smart APC, venta UPS modular, venta UPS escalable, venta UPS online, UPS paralelo, UPS hibrida, UPS solar, Inversor Solar, UPS en serie, UPS contingencia, bater\u00edas secas, tarjetas de control <a href=\"https:\/\/upscomunicaciones.com\/categoria-producto\/ups-online\/tarjetas-snmp\/\">SNMP<\/a>, inversores y <a href=\"https:\/\/es.wikipedia.org\/wiki\/Panel_solar\">paneles solares<\/a>.<\/p>\n","protected":false},"excerpt":{"rendered":"<p><b>UPS TITAN 3 KVA 220 VAC<\/b><span style=\"font-weight: 400;\"> On-line con control DSP. doble conversi\u00f3n en l\u00ednea, ofreciendo a la carga una mejor calidad de energ\u00eda. regulaci\u00f3n de voltaje de salida &lt;2%, con un alto rango de tensi\u00f3n de entrada. Ofrece una alta confiabilidad y eficiencia en su modo de operaci\u00f3n ECO hasta de un 95%, m\u00faltiples puertos de comunicaci\u00f3n USB y tarjetas opcionales SNMP.<\/span><\/p>\n","protected":false},"featured_media":890,"template":"","meta":[],"product_brand":[158],"product_cat":[157],"product_tag":[159],"class_list":{"0":"post-856","1":"product","2":"type-product","3":"status-publish","4":"has-post-thumbnail","6":"product_brand-powest","7":"product_cat-ups-powest-ups-online","8":"product_tag-powest","10":"first","11":"instock","12":"shipping-taxable","13":"product-type-simple"},"aioseo_notices":[],"_links":{"self":[{"href":"https:\/\/marketingads.co\/ups\/wp-json\/wp\/v2\/product\/856","targetHints":{"allow":["GET"]}}],"collection":[{"href":"https:\/\/marketingads.co\/ups\/wp-json\/wp\/v2\/product"}],"about":[{"href":"https:\/\/marketingads.co\/ups\/wp-json\/wp\/v2\/types\/product"}],"wp:featuredmedia":[{"embeddable":true,"href":"https:\/\/marketingads.co\/ups\/wp-json\/wp\/v2\/media\/890"}],"wp:attachment":[{"href":"https:\/\/marketingads.co\/ups\/wp-json\/wp\/v2\/media?parent=856"}],"wp:term":[{"taxonomy":"product_brand","embeddable":true,"href":"https:\/\/marketingads.co\/ups\/wp-json\/wp\/v2\/product_brand?post=856"},{"taxonomy":"product_cat","embeddable":true,"href":"https:\/\/marketingads.co\/ups\/wp-json\/wp\/v2\/product_cat?post=856"},{"taxonomy":"product_tag","embeddable":true,"href":"https:\/\/marketingads.co\/ups\/wp-json\/wp\/v2\/product_tag?post=856"}],"curies":[{"name":"wp","href":"https:\/\/api.w.org\/{rel}","templated":true}]}}