{"id":857,"date":"2025-07-04T15:50:45","date_gmt":"2025-07-04T20:50:45","guid":{"rendered":"https:\/\/marketingads.com.co\/ups\/?post_type=product&#038;p=857"},"modified":"2025-12-17T01:42:57","modified_gmt":"2025-12-17T01:42:57","slug":"ups-powest-titan-6-kva-online-bifasica","status":"publish","type":"product","link":"https:\/\/marketingads.co\/ups\/producto\/ups-powest-titan-6-kva-online-bifasica\/","title":{"rendered":"Ups POWEST TITAN 6 kVA Online Bifasica"},"content":{"rendered":"<p><span style=\"font-weight: 400;\">Su dise\u00f1o compacto y de f\u00e1cil instalaci\u00f3n hace del Ups POWEST TITAN 6 kVA Online Bifasica, la soluci\u00f3n ideal para centros de datos peque\u00f1os, centros comerciales, bancos, oficinas y aplicaciones que requieren alta densidad de potencia; equipadas con tecnolog\u00eda On-line de doble conversi\u00f3n, control DSP, <\/span><b>transformador de aislamiento a la salida<\/b><span style=\"font-weight: 400;\"> de f\u00e1brica y alto factor de potencia a la entrada y salida, en un \u00fanico armario.<\/span><\/p>\n<h4>Aspectos relevantes de la Ups POWEST TITAN 6 kVA Online Bifasica:<\/h4>\n<ol>\n<li>Tecnolog\u00eda On-line de doble conversi\u00f3n.<\/li>\n<li>Tecnolog\u00eda del inversor: Tecnolog\u00eda PWM de alta frecuencia con IGBT.<\/li>\n<li>Tipo de Control: Micro-procesado por DSP.<\/li>\n<li>Factor de potencia de Salida: 0,9..<\/li>\n<li>Tipo de onda de salida Senoidal pura.<\/li>\n<li>THD&lt;2% Full carga l\u00edneal.<\/li>\n<li>Display todos los par\u00e1metros.<\/li>\n<li>Switch EPO apagado de emergencia \/ Breaker.<\/li>\n<li>Bypass manual para mantenimiento sin des-conexi\u00f3n de la carga.<\/li>\n<li>Conexi\u00f3n en paralelo hasta 6 unidades (Opcional).<\/li>\n<\/ol>\n<h4>Aplicaciones en Diversos Sectores: Esta potente soluci\u00f3n encuentra su lugar en diversas industrias y negocios, como:<\/h4>\n<ul>\n<li>\ud83d\udcde <strong>Call Centers:<\/strong> Mant\u00e9n las comunicaciones ininterrumpidas y los datos protegidos durante cortes de energ\u00eda.<\/li>\n<li>\ud83d\udda5\ufe0f <strong>Servidores:<\/strong> Protege tus servidores y equipos de red para evitar p\u00e9rdidas de datos y tiempos de inactividad.<\/li>\n<li>\ud83c\udfe5 <strong>Sector M\u00e9dico:<\/strong> Asegura el funcionamiento continuo de equipos m\u00e9dicos y odontol\u00f3gicos cr\u00edticos para la atenci\u00f3n de pacientes.<\/li>\n<li>\ud83c\udfed <strong>Industria:<\/strong> Protege tus equipos industriales sensibles y evita da\u00f1os costosos debido a interrupciones de energ\u00eda.<\/li>\n<li>\ud83d\udc65 <strong>Empresas Medianas y Peque\u00f1as:<\/strong> Brinda tranquilidad a tu negocio sin importar su tama\u00f1o, asegurando la continuidad de operaciones esenciales.<\/li>\n<\/ul>\n<p>&nbsp;<\/p>\n<p><strong>Recuerda que tambi\u00e9n contamos con el servicio de venta de equipos a nivel nacional:<\/strong><\/p>\n<p>Venta UPS tipo torre, venta UPS interactiva, venta de UPS tipo rack, venta UPS Smart APC, venta UPS modular, venta UPS escalable, venta UPS online, UPS paralelo, UPS hibrida, UPS solar, Inversor Solar, UPS en serie, UPS contingencia, bater\u00edas secas, tarjetas de control <a href=\"https:\/\/upscomunicaciones.com\/categoria-producto\/ups-online\/tarjetas-snmp\/\">SNMP<\/a>, inversores y <a href=\"https:\/\/es.wikipedia.org\/wiki\/Panel_solar\">paneles solares<\/a>.<\/p>\n","protected":false},"excerpt":{"rendered":"<p>Fue dise\u00f1ada con un excelente rendimiento en cada condici\u00f3n de funcionamiento (incluso a carga parcial) proporcionando grandes beneficios al usuario. Gracias a todas las caracter\u00edsticas mencionadas hacen que dentro de su categor\u00eda POWEST sea el sistema UPS m\u00e1s sencillo de implementar, administrar y mantener. Si se necesita capacidad adicional o redundancia, es posible instalar hasta 6 equipos en paralelo.<\/p>\n","protected":false},"featured_media":892,"template":"","meta":[],"product_brand":[158],"product_cat":[157],"product_tag":[159],"class_list":{"0":"post-857","1":"product","2":"type-product","3":"status-publish","4":"has-post-thumbnail","6":"product_brand-powest","7":"product_cat-ups-powest-ups-online","8":"product_tag-powest","10":"first","11":"instock","12":"shipping-taxable","13":"product-type-simple"},"aioseo_notices":[],"_links":{"self":[{"href":"https:\/\/marketingads.co\/ups\/wp-json\/wp\/v2\/product\/857","targetHints":{"allow":["GET"]}}],"collection":[{"href":"https:\/\/marketingads.co\/ups\/wp-json\/wp\/v2\/product"}],"about":[{"href":"https:\/\/marketingads.co\/ups\/wp-json\/wp\/v2\/types\/product"}],"wp:featuredmedia":[{"embeddable":true,"href":"https:\/\/marketingads.co\/ups\/wp-json\/wp\/v2\/media\/892"}],"wp:attachment":[{"href":"https:\/\/marketingads.co\/ups\/wp-json\/wp\/v2\/media?parent=857"}],"wp:term":[{"taxonomy":"product_brand","embeddable":true,"href":"https:\/\/marketingads.co\/ups\/wp-json\/wp\/v2\/product_brand?post=857"},{"taxonomy":"product_cat","embeddable":true,"href":"https:\/\/marketingads.co\/ups\/wp-json\/wp\/v2\/product_cat?post=857"},{"taxonomy":"product_tag","embeddable":true,"href":"https:\/\/marketingads.co\/ups\/wp-json\/wp\/v2\/product_tag?post=857"}],"curies":[{"name":"wp","href":"https:\/\/api.w.org\/{rel}","templated":true}]}}