{"id":860,"date":"2025-07-04T15:50:47","date_gmt":"2025-07-04T20:50:47","guid":{"rendered":"https:\/\/marketingads.com.co\/ups\/?post_type=product&#038;p=860"},"modified":"2025-12-17T01:28:06","modified_gmt":"2025-12-17T01:28:06","slug":"ups-powest-titan-15kva-online-trifasica-ea","status":"publish","type":"product","link":"https:\/\/marketingads.co\/ups\/producto\/ups-powest-titan-15kva-online-trifasica-ea\/","title":{"rendered":"Ups POWEST TITAN 15kVA Online Trifasica EA"},"content":{"rendered":"<p>La Ups POWEST TITAN 15kVA Online Trifasica EA Soporta hasta 4 unidades en paralelo (Opcional), gracias a su tecnolog\u00eda de control digital de circulaci\u00f3n de corriente, garantizando la fiabilidad y capacidad del sistema. Su tama\u00f1o compacto y acceso frontal facilita la instalaci\u00f3n, transporte y mantenimiento incluso en lugares de dif\u00edcil acceso y con espacio reducido, como centros de datos y salas de cirug\u00eda.<\/p>\n<h4>Aspectos mas importantes de la Ups POWEST TITAN 15kVA Online Trifasica EA:<\/h4>\n<ol>\n<li>Alto factor de potencia de entrada 0.99 y salida de 1.<\/li>\n<li>Banco de bater\u00eda interno.<\/li>\n<li>Software de monitoreo local.<\/li>\n<li>Acceso frontal para administraci\u00f3n.<\/li>\n<li>Transformador de aislamiento (Opcional).<\/li>\n<li>Certificaci\u00f3n RETIE \/ CE \/ UL.<\/li>\n<li>Tarjeta de comunicaci\u00f3n Modbus.<\/li>\n<li>Pantalla touchscreen de 7\u201d a color.<\/li>\n<li>Idioma Espa\u00f1ol.<\/li>\n<\/ol>\n<p>Otra caracter\u00edstica a tener en cuenta es la capacidad de la UPS de conectarse a la red remotamente a trav\u00e9s de una tarjeta <a href=\"https:\/\/upscomunicaciones.com\/categoria-producto\/ups-online\/tarjetas-snmp\/?swcfpc=1\">SNMP<\/a> (Opcional), que brinde la informaci\u00f3n completa del estado<br \/>\nde funcionamiento del equipo y advertir posibles fallas con un alto grado de anticipaci\u00f3n.<\/p>\n<h4>Aplicaciones en Diversos Sectores: Esta potente soluci\u00f3n encuentra su lugar en diversas industrias y negocios, como:<\/h4>\n<ul>\n<li>\ud83d\udcde <strong>Call Centers:<\/strong> Mant\u00e9n las comunicaciones ininterrumpidas y los datos protegidos durante cortes de energ\u00eda.<\/li>\n<li>\ud83d\udda5\ufe0f <strong>Servidores:<\/strong> Protege tus servidores y equipos de red para evitar p\u00e9rdidas de datos y tiempos de inactividad.<\/li>\n<li>\ud83c\udfe5 <strong>Sector M\u00e9dico:<\/strong> Asegura el funcionamiento continuo de equipos m\u00e9dicos y odontol\u00f3gicos cr\u00edticos para la atenci\u00f3n de pacientes.<\/li>\n<li>\ud83c\udfed <strong>Industria:<\/strong> Protege tus equipos industriales sensibles y evita da\u00f1os costosos debido a interrupciones de energ\u00eda.<\/li>\n<li>\ud83d\udc65 <strong>Empresas Medianas y Peque\u00f1as:<\/strong> Brinda tranquilidad a tu negocio sin importar su tama\u00f1o, asegurando la continuidad de operaciones esenciales.<\/li>\n<\/ul>\n<p><strong>Recuerda que tambi\u00e9n contamos con el servicio de venta de equipos a nivel nacional:<\/strong><\/p>\n<p>Venta UPS tipo torre, venta UPS interactiva, venta de UPS tipo rack, venta UPS Smart APC, venta UPS modular, venta UPS escalable, venta UPS online, UPS paralelo, UPS hibrida, UPS solar, Inversor Solar, UPS en serie, UPS contingencia, bater\u00edas secas, tarjetas de control SNMP, inversores y <a href=\"https:\/\/es.wikipedia.org\/wiki\/Panel_solar\">paneles solares<\/a>.<\/p>\n","protected":false},"excerpt":{"rendered":"<p>La serie EA ofrece la combinaci\u00f3n perfecta de confiabilidad, rendimiento y rentabilidad, equipadas con sistema de doble conversi\u00f3n en l\u00ednea y DSP de alta velocidad con control digital; ofrecen a la carga una mejor calidad de energ\u00eda, alto factor de potencia a la entrada y salida, su funci\u00f3n inteligente de auto diagn\u00f3stico permite obtener informaci\u00f3n completa del estado y funcionamiento del equipo, advirtiendo posibles fallas con un alto grado de anticipaci\u00f3n.<\/p>\n","protected":false},"featured_media":901,"template":"","meta":[],"product_brand":[158],"product_cat":[157],"product_tag":[159],"class_list":{"0":"post-860","1":"product","2":"type-product","3":"status-publish","4":"has-post-thumbnail","6":"product_brand-powest","7":"product_cat-ups-powest-ups-online","8":"product_tag-powest","10":"first","11":"instock","12":"shipping-taxable","13":"product-type-simple"},"aioseo_notices":[],"_links":{"self":[{"href":"https:\/\/marketingads.co\/ups\/wp-json\/wp\/v2\/product\/860","targetHints":{"allow":["GET"]}}],"collection":[{"href":"https:\/\/marketingads.co\/ups\/wp-json\/wp\/v2\/product"}],"about":[{"href":"https:\/\/marketingads.co\/ups\/wp-json\/wp\/v2\/types\/product"}],"wp:featuredmedia":[{"embeddable":true,"href":"https:\/\/marketingads.co\/ups\/wp-json\/wp\/v2\/media\/901"}],"wp:attachment":[{"href":"https:\/\/marketingads.co\/ups\/wp-json\/wp\/v2\/media?parent=860"}],"wp:term":[{"taxonomy":"product_brand","embeddable":true,"href":"https:\/\/marketingads.co\/ups\/wp-json\/wp\/v2\/product_brand?post=860"},{"taxonomy":"product_cat","embeddable":true,"href":"https:\/\/marketingads.co\/ups\/wp-json\/wp\/v2\/product_cat?post=860"},{"taxonomy":"product_tag","embeddable":true,"href":"https:\/\/marketingads.co\/ups\/wp-json\/wp\/v2\/product_tag?post=860"}],"curies":[{"name":"wp","href":"https:\/\/api.w.org\/{rel}","templated":true}]}}