{"id":863,"date":"2025-07-04T15:50:50","date_gmt":"2025-07-04T20:50:50","guid":{"rendered":"https:\/\/marketingads.com.co\/ups\/?post_type=product&#038;p=863"},"modified":"2025-12-17T01:17:15","modified_gmt":"2025-12-17T01:17:15","slug":"ups-powest-titan-st-20kva-con-transformador-de-aislamiento","status":"publish","type":"product","link":"https:\/\/marketingads.co\/ups\/producto\/ups-powest-titan-st-20kva-con-transformador-de-aislamiento\/","title":{"rendered":"Ups POWEST TITAN ST 20kVA con transformador de aislamiento"},"content":{"rendered":"<p><span style=\"font-weight: 400;\">La Ups POWEST TITAN ST 20kVA con transformador de aislamiento <\/span><span style=\"font-weight: 400;\">ha sido dise\u00f1ada para soportar las condiciones m\u00e1s exigentes en los sistemas cr\u00edticos de empresas e industrias con demandas de tiempo de ejecuci\u00f3n agresivas, garantizando un rendimiento confiable y eficiente. Con tecnolog\u00eda de doble conversi\u00f3n en l\u00ednea, tecnolog\u00eda IGBT en el inversor, transformador de aislamiento a la salida incorporado, amplio rango de tensi\u00f3n de entrada, ventilador inteligente con control de velocidad, y cero tiempos de transferencia.<\/span><\/p>\n<h4><strong>Caracteristicas Ups POWEST TITAN ST 20kVA con transformador de aislamiento:<\/strong><\/h4>\n<ol>\n<li>Permite 100% de desequilibrio entre fases.<\/li>\n<li>Transformador de aislamiento a la salida (incorporado).<\/li>\n<li>Pantalla LCD con informaci\u00f3n detallada del sistema.<\/li>\n<li>Acceso frontal para administraci\u00f3n.<\/li>\n<li>Hasta 6 unidades en paralelo.<\/li>\n<li>Software de monitoreo local.<\/li>\n<li>Certificaci\u00f3n RETIE \/ CE.<\/li>\n<li>Protecci\u00f3n con DPS a la entrada.<\/li>\n<\/ol>\n<h4>APLICACIONES EN DIVERSOS SECTORES: ESTA POTENTE SOLUCI\u00d3N ENCUENTRA SU LUGAR EN DIVERSAS INDUSTRIAS Y NEGOCIOS, COMO:<\/h4>\n<ul>\n<li><img decoding=\"async\" class=\"emoji\" role=\"img\" draggable=\"false\" src=\"https:\/\/s.w.org\/images\/core\/emoji\/14.0.0\/svg\/1f4de.svg\" alt=\"\ud83d\udcde\" \/>\u00a0<strong>Call Centers:<\/strong>\u00a0Mant\u00e9n las comunicaciones ininterrumpidas y los datos protegidos durante cortes de energ\u00eda.<\/li>\n<li><img decoding=\"async\" class=\"emoji\" role=\"img\" draggable=\"false\" src=\"https:\/\/s.w.org\/images\/core\/emoji\/14.0.0\/svg\/1f5a5.svg\" alt=\"\ud83d\udda5\ufe0f\" \/>\u00a0<strong>Servidores:<\/strong>\u00a0Protege tus servidores y equipos de red para evitar p\u00e9rdidas de datos y tiempos de inactividad.<\/li>\n<li><img decoding=\"async\" class=\"emoji\" role=\"img\" draggable=\"false\" src=\"https:\/\/s.w.org\/images\/core\/emoji\/14.0.0\/svg\/1f3e5.svg\" alt=\"\ud83c\udfe5\" \/>\u00a0<strong>Sector M\u00e9dico:<\/strong>\u00a0Asegura el funcionamiento continuo de equipos m\u00e9dicos y odontol\u00f3gicos cr\u00edticos para la atenci\u00f3n de pacientes.<\/li>\n<li><img decoding=\"async\" class=\"emoji\" role=\"img\" draggable=\"false\" src=\"https:\/\/s.w.org\/images\/core\/emoji\/14.0.0\/svg\/1f3ed.svg\" alt=\"\ud83c\udfed\" \/>\u00a0<strong>Industria:<\/strong>\u00a0Protege tus equipos industriales sensibles y evita da\u00f1os costosos debido a interrupciones de energ\u00eda.<\/li>\n<li><img decoding=\"async\" class=\"emoji\" role=\"img\" draggable=\"false\" src=\"https:\/\/s.w.org\/images\/core\/emoji\/14.0.0\/svg\/1f465.svg\" alt=\"\ud83d\udc65\" \/>\u00a0<strong>Empresas Medianas y Peque\u00f1as:<\/strong>\u00a0Brinda tranquilidad a tu negocio sin importar su tama\u00f1o, asegurando la continuidad de operaciones esenciales.<\/li>\n<\/ul>\n<p><strong>Recuerda que tambi\u00e9n contamos con el servicio de venta de equipos a nivel nacional:<\/strong><\/p>\n<p>Venta UPS tipo torre, venta UPS interactiva, venta de UPS tipo rack, venta UPS Smart APC, venta UPS modular, venta UPS escalable, venta UPS online, UPS paralelo, UPS hibrida, UPS solar, Inversor Solar, UPS en serie, UPS contingencia, bater\u00edas secas, tarjetas de control\u00a0<a href=\"https:\/\/upscomunicaciones.com\/categoria-producto\/ups-online\/tarjetas-snmp\/?swcfpc=1\">SNMP<\/a>, inversores y paneles solares.<\/p>\n","protected":false},"excerpt":{"rendered":"<p>La incorporaci\u00f3n de un transformador de aislamiento en la salida asegura la m\u00e1xima protecci\u00f3n contra perturbaciones el\u00e9ctricas, salvaguardando tus equipos cr\u00edticos y la pantalla LCD proporciona informaci\u00f3n exhaustiva y en tiempo real sobre el estado de tu sistema, permiti\u00e9ndote tomar decisiones informadas y eficaces.<\/p>\n","protected":false},"featured_media":910,"template":"","meta":[],"product_brand":[158],"product_cat":[157],"product_tag":[159],"class_list":{"0":"post-863","1":"product","2":"type-product","3":"status-publish","4":"has-post-thumbnail","6":"product_brand-powest","7":"product_cat-ups-powest-ups-online","8":"product_tag-powest","10":"first","11":"instock","12":"shipping-taxable","13":"product-type-simple"},"aioseo_notices":[],"_links":{"self":[{"href":"https:\/\/marketingads.co\/ups\/wp-json\/wp\/v2\/product\/863","targetHints":{"allow":["GET"]}}],"collection":[{"href":"https:\/\/marketingads.co\/ups\/wp-json\/wp\/v2\/product"}],"about":[{"href":"https:\/\/marketingads.co\/ups\/wp-json\/wp\/v2\/types\/product"}],"wp:featuredmedia":[{"embeddable":true,"href":"https:\/\/marketingads.co\/ups\/wp-json\/wp\/v2\/media\/910"}],"wp:attachment":[{"href":"https:\/\/marketingads.co\/ups\/wp-json\/wp\/v2\/media?parent=863"}],"wp:term":[{"taxonomy":"product_brand","embeddable":true,"href":"https:\/\/marketingads.co\/ups\/wp-json\/wp\/v2\/product_brand?post=863"},{"taxonomy":"product_cat","embeddable":true,"href":"https:\/\/marketingads.co\/ups\/wp-json\/wp\/v2\/product_cat?post=863"},{"taxonomy":"product_tag","embeddable":true,"href":"https:\/\/marketingads.co\/ups\/wp-json\/wp\/v2\/product_tag?post=863"}],"curies":[{"name":"wp","href":"https:\/\/api.w.org\/{rel}","templated":true}]}}