{"id":868,"date":"2025-07-04T15:50:55","date_gmt":"2025-07-04T20:50:55","guid":{"rendered":"https:\/\/marketingads.com.co\/ups\/?post_type=product&#038;p=868"},"modified":"2025-12-17T00:50:12","modified_gmt":"2025-12-17T00:50:12","slug":"ups-powest-titan-st-80kva-con-transformador-de-aislamiento","status":"publish","type":"product","link":"https:\/\/marketingads.co\/ups\/producto\/ups-powest-titan-st-80kva-con-transformador-de-aislamiento\/","title":{"rendered":"Ups POWEST TITAN ST 80kVA con transformador de aislamiento"},"content":{"rendered":"<p><strong>Ups POWEST TITAN ST 80kVA con transformador de aislamiento<\/strong> <span style=\"font-weight: 400;\">ha sido dise\u00f1ada para soportar las condiciones m\u00e1s exigentes en los sistemas cr\u00edticos de empresas e industrias con demandas de tiempo de ejecuci\u00f3n agresivas, garantizando un rendimiento confiable y eficiente. Con tecnolog\u00eda de doble conversi\u00f3n en l\u00ednea, <a href=\"https:\/\/es.wikipedia.org\/wiki\/Transistor_IGBT\">tecnolog\u00eda IGBT<\/a> en el inversor, transformador de aislamiento a la salida incorporado, amplio rango de tensi\u00f3n de entrada, ventilador inteligente con control de velocidad, y cero tiempos de transferencia.<\/span><\/p>\n<p><span style=\"font-weight: 400;\">Una pantalla de cristal l\u00edquido (LCD) complementa los controles del UPS, suministrando informaci\u00f3n vital en tiempo real del estado y funcionamiento del sistema, almacenamiento de alarmas y eventos entre otra informaci\u00f3n. La simplicidad de la interfaz gr\u00e1fica ayuda a una correcta comprensi\u00f3n de todos los estados de funcionamiento del UPS con una sola mirada, limitando as\u00ed los errores de operaci\u00f3n, sin importar en nivel de conocimientos que pueda tener el operador.<\/span><\/p>\n<h4><strong>Caracter\u00edsticas Principales:<\/strong><\/h4>\n<ol>\n<li><span style=\"font-weight: 400;\">Permite 100% de desequilibrio entre fases.<\/span><\/li>\n<li>Transformador de aislamiento a la salida (incorporado).<\/li>\n<li>Pantalla LCD con informaci\u00f3n detallada del sistema.<\/li>\n<li>Acceso frontal para administraci\u00f3n.<\/li>\n<li>Hasta 6 unidades en paralelo.<\/li>\n<li>Software de monitoreo local.<\/li>\n<li>Certificaci\u00f3n RETIE \/ CE.<\/li>\n<li>Protecci\u00f3n con DPS a la entrada.<\/li>\n<\/ol>\n<h5>Aplicaciones Ups POWEST TITAN ST 80kVA con transformador de aislamiento en Diversos Sectores: Esta potente soluci\u00f3n encuentra su lugar en diversas industrias y negocios, como:<\/h5>\n<ul>\n<li>\ud83d\udcde <strong>Call Centers:<\/strong> Mant\u00e9n las comunicaciones ininterrumpidas y los datos protegidos durante cortes de energ\u00eda.<\/li>\n<li>\ud83d\udda5\ufe0f <strong>Servidores:<\/strong> Protege tus servidores y equipos de red para evitar p\u00e9rdidas de datos y tiempos de inactividad.<\/li>\n<li>\ud83c\udfe5 <strong>Sector M\u00e9dico:<\/strong> Asegura el funcionamiento continuo de equipos m\u00e9dicos y odontol\u00f3gicos cr\u00edticos para la atenci\u00f3n de pacientes.<\/li>\n<li>\ud83c\udfed <strong>Industria:<\/strong> Protege tus equipos industriales sensibles y evita da\u00f1os costosos debido a interrupciones de energ\u00eda.<\/li>\n<li>\ud83d\udc65 <strong>Empresas Medianas y Peque\u00f1as:<\/strong> Brinda tranquilidad a tu negocio sin importar su tama\u00f1o, asegurando la continuidad de operaciones esenciales.<\/li>\n<\/ul>\n<p><strong>Recuerda que tambi\u00e9n contamos con el servicio de venta de equipos a nivel nacional:<\/strong><\/p>\n<p>Venta UPS tipo torre, venta UPS interactiva, venta de UPS tipo rack, venta UPS Smart APC, venta UPS modular, venta UPS escalable, venta UPS online, UPS paralelo, UPS hibrida, UPS solar, Inversor Solar, UPS en serie, UPS contingencia, bater\u00edas secas, tarjetas de control <a href=\"https:\/\/upscomunicaciones.com\/categoria-producto\/ups-online\/tarjetas-snmp\/?swcfpc=1\">SNMP<\/a>, inversores y paneles solares.<\/p>\n","protected":false},"excerpt":{"rendered":"<p>La UPS POWEST TITAN ST 80kVA con transformador de aislamiento ofrece rendimiento confiable en sistemas cr\u00edticos empresariales e industriales. Con tecnolog\u00eda de doble conversi\u00f3n en l\u00ednea, transformador de aislamiento, amplio rango de tensi\u00f3n de entrada y cero tiempos de transferencia. Una pantalla LCD proporciona informaci\u00f3n en tiempo real y control intuitivo, asegurando una operaci\u00f3n precisa y eficiente, sin importar el nivel de experiencia del operado.<\/p>\n","protected":false},"featured_media":922,"template":"","meta":[],"product_brand":[158],"product_cat":[157],"product_tag":[159],"class_list":{"0":"post-868","1":"product","2":"type-product","3":"status-publish","4":"has-post-thumbnail","6":"product_brand-powest","7":"product_cat-ups-powest-ups-online","8":"product_tag-powest","10":"first","11":"instock","12":"shipping-taxable","13":"product-type-simple"},"aioseo_notices":[],"_links":{"self":[{"href":"https:\/\/marketingads.co\/ups\/wp-json\/wp\/v2\/product\/868","targetHints":{"allow":["GET"]}}],"collection":[{"href":"https:\/\/marketingads.co\/ups\/wp-json\/wp\/v2\/product"}],"about":[{"href":"https:\/\/marketingads.co\/ups\/wp-json\/wp\/v2\/types\/product"}],"wp:featuredmedia":[{"embeddable":true,"href":"https:\/\/marketingads.co\/ups\/wp-json\/wp\/v2\/media\/922"}],"wp:attachment":[{"href":"https:\/\/marketingads.co\/ups\/wp-json\/wp\/v2\/media?parent=868"}],"wp:term":[{"taxonomy":"product_brand","embeddable":true,"href":"https:\/\/marketingads.co\/ups\/wp-json\/wp\/v2\/product_brand?post=868"},{"taxonomy":"product_cat","embeddable":true,"href":"https:\/\/marketingads.co\/ups\/wp-json\/wp\/v2\/product_cat?post=868"},{"taxonomy":"product_tag","embeddable":true,"href":"https:\/\/marketingads.co\/ups\/wp-json\/wp\/v2\/product_tag?post=868"}],"curies":[{"name":"wp","href":"https:\/\/api.w.org\/{rel}","templated":true}]}}