{"id":931,"date":"2025-07-04T15:57:42","date_gmt":"2025-07-04T20:57:42","guid":{"rendered":"https:\/\/marketingads.com.co\/ups\/?post_type=product&#038;p=931"},"modified":"2025-12-26T22:27:55","modified_gmt":"2025-12-26T22:27:55","slug":"tarjeta-snmp-para-ups-netion","status":"publish","type":"product","link":"https:\/\/marketingads.co\/ups\/producto\/tarjeta-snmp-para-ups-netion\/","title":{"rendered":"Tarjeta SNMP para Ups NETION"},"content":{"rendered":"<p>La UPS ofrece un manejo integral y f\u00e1cil de configurar mediante cualquier navegador web, con acceso r\u00e1pido y sencillo. Garantiza la seguridad de la informaci\u00f3n con encriptaci\u00f3n avanzada, incluyendo HTTPS, SSL, SSH y SNMPV3, adem\u00e1s de control de acceso mediante usuario y contrase\u00f1a. Adem\u00e1s, cuenta con una aplicaci\u00f3n que permite al administrador de red apagar todos los computadores de manera segura en caso de bater\u00eda baja, asegurando la protecci\u00f3n y continuidad de los sistemas conectados.<\/p>\n<h4>BENEFICIOS<\/h4>\n<ol>\n<li>Manejo comprensivo y sencillo de la UPS, se configura r\u00e1pidamente a trav\u00e9s de cualquier navegador web.<\/li>\n<li>Soporta encriptaci\u00f3n avanzada: HTTPS, SSL, SSH y SNMPV3.<\/li>\n<li>El acceso a la informaci\u00f3n de la UPS monitoreada es controlado con usuario y contrase\u00f1a para mayor seguridad.<\/li>\n<li>Incluye una aplicaci\u00f3n que le permite al administrador de red apagar todos los computadores de manera segura cuando la UPS esta en bater\u00eda baja.<\/li>\n<\/ol>\n<h4>Aplicaciones en Diversos Sectores, Esta potente soluci\u00f3n encuentra su lugar en diversas industrias y negocios, como:<\/h4>\n<ul>\n<li>\ud83d\udcde <strong>Call Centers:<\/strong> Mant\u00e9n las comunicaciones ininterrumpidas y los datos protegidos durante cortes de energ\u00eda.<\/li>\n<li>\ud83d\udda5\ufe0f <strong>Servidores:<\/strong> Protege tus servidores y equipos de red para evitar p\u00e9rdidas de datos y tiempos de inactividad.<\/li>\n<li>\ud83c\udfe5 <strong>Sector M\u00e9dico:<\/strong> Asegura el funcionamiento continuo de equipos m\u00e9dicos y odontol\u00f3gicos cr\u00edticos para la atenci\u00f3n de pacientes.<\/li>\n<li>\ud83c\udfed <strong>Industria:<\/strong> Protege tus equipos industriales sensibles y evita da\u00f1os costosos debido a interrupciones de energ\u00eda.<\/li>\n<li>\ud83d\udc65 <strong>Empresas Medianas y Peque\u00f1as:<\/strong> Brinda tranquilidad a tu negocio sin importar su tama\u00f1o, asegurando la continuidad de operaciones esenciales.<\/li>\n<\/ul>\n<h4><strong>Recuerda que tambi\u00e9n contamos con el servicio de venta de equipos a nivel nacional:<\/strong><\/h4>\n<p>Venta UPS tipo torre, venta UPS interactiva, venta de UPS tipo rack, venta UPS Smart APC, venta UPS modular, venta UPS escalable, venta UPS online, UPS paralelo, UPS hibrida, UPS solar, Inversor Solar, UPS en serie, UPS contingencia, <a href=\"https:\/\/es.wikipedia.org\/wiki\/Bater%C3%ADa_AGM\">bater\u00edas<\/a> secas, tarjetas de control <a href=\"https:\/\/upscomunicaciones.com\/categoria-producto\/ups-online\/tarjetas-snmp\/?swcfpc=1\">SNMP<\/a>, inversores y paneles solares.<\/p>\n","protected":false},"excerpt":{"rendered":"<p>La UPS ofrece un manejo integral y f\u00e1cil a trav\u00e9s de cualquier navegador web, permitiendo una configuraci\u00f3n r\u00e1pida. Soporta encriptaci\u00f3n avanzada con HTTPS, SSL, SSH y SNMPV3 para garantizar la seguridad de la informaci\u00f3n monitoreada.<\/p>\n","protected":false},"featured_media":946,"template":"","meta":[],"product_brand":[166],"product_cat":[141,121],"product_tag":[168],"class_list":{"0":"post-931","1":"product","2":"type-product","3":"status-publish","4":"has-post-thumbnail","6":"product_brand-netion","7":"product_cat-tarjetas-snmp","8":"product_cat-ups-online","9":"product_tag-netion","11":"first","12":"instock","13":"shipping-taxable","14":"product-type-simple"},"aioseo_notices":[],"_links":{"self":[{"href":"https:\/\/marketingads.co\/ups\/wp-json\/wp\/v2\/product\/931","targetHints":{"allow":["GET"]}}],"collection":[{"href":"https:\/\/marketingads.co\/ups\/wp-json\/wp\/v2\/product"}],"about":[{"href":"https:\/\/marketingads.co\/ups\/wp-json\/wp\/v2\/types\/product"}],"wp:featuredmedia":[{"embeddable":true,"href":"https:\/\/marketingads.co\/ups\/wp-json\/wp\/v2\/media\/946"}],"wp:attachment":[{"href":"https:\/\/marketingads.co\/ups\/wp-json\/wp\/v2\/media?parent=931"}],"wp:term":[{"taxonomy":"product_brand","embeddable":true,"href":"https:\/\/marketingads.co\/ups\/wp-json\/wp\/v2\/product_brand?post=931"},{"taxonomy":"product_cat","embeddable":true,"href":"https:\/\/marketingads.co\/ups\/wp-json\/wp\/v2\/product_cat?post=931"},{"taxonomy":"product_tag","embeddable":true,"href":"https:\/\/marketingads.co\/ups\/wp-json\/wp\/v2\/product_tag?post=931"}],"curies":[{"name":"wp","href":"https:\/\/api.w.org\/{rel}","templated":true}]}}