{"id":932,"date":"2025-07-04T15:57:43","date_gmt":"2025-07-04T20:57:43","guid":{"rendered":"https:\/\/marketingads.com.co\/ups\/?post_type=product&#038;p=932"},"modified":"2025-12-26T17:21:48","modified_gmt":"2025-12-26T22:21:48","slug":"tarjeta-snmp-para-ups-powest-ea","status":"publish","type":"product","link":"https:\/\/marketingads.co\/ups\/producto\/tarjeta-snmp-para-ups-powest-ea\/","title":{"rendered":"Tarjeta SNMP para Ups POWEST EA"},"content":{"rendered":"<p>La tarjeta SNMP POWEST para UPS online TITAN EA ofrece una gesti\u00f3n avanzada y remota de los modelos POWEST EA. Con un puerto SNMP integrado, permite el monitoreo y la configuraci\u00f3n del UPS desde cualquier estaci\u00f3n de trabajo a trav\u00e9s de Internet o Intranet. Esta interfaz proporciona una conexi\u00f3n s\u00f3lida entre el UPS y la red, garantizando una administraci\u00f3n eficiente y conveniente para mantener la continuidad del suministro el\u00e9ctrico en todo momento.<\/p>\n<h4>Caracteristicas Tarjeta SNMP para Ups POWEST EA:<\/h4>\n<ul>\n<li>Puerto SNMP para monitoreo y configuraci\u00f3n v\u00eda red para ups on-line POWEST TITAN EA<\/li>\n<li>Compatible con los modelos POWEST EA<\/li>\n<li>Las tarjetas SNMP POWEST le permiten establecer una interface entre el UPS y la red. Permiti\u00e9ndole la administraci\u00f3n remota del UPS desde cualquier estaci\u00f3n de trabajo a trav\u00e9s de Internet o Intranet.<\/li>\n<\/ul>\n<h4>Aplicaciones en Diversos Sectores, Esta potente soluci\u00f3n encuentra su lugar en diversas industrias y negocios, como:<\/h4>\n<ul>\n<li>\ud83d\udcde <strong>Call Centers:<\/strong> Mant\u00e9n las comunicaciones ininterrumpidas y los datos protegidos durante cortes de energ\u00eda.<\/li>\n<li>\ud83d\udda5\ufe0f <strong>Servidores:<\/strong> Protege tus servidores y equipos de red para evitar p\u00e9rdidas de datos y tiempos de inactividad.<\/li>\n<li>\ud83c\udfe5 <strong>Sector M\u00e9dico:<\/strong> Asegura el funcionamiento continuo de equipos m\u00e9dicos y odontol\u00f3gicos cr\u00edticos para la atenci\u00f3n de pacientes.<\/li>\n<li>\ud83c\udfed <strong>Industria:<\/strong> Protege tus equipos industriales sensibles y evita da\u00f1os costosos debido a interrupciones de energ\u00eda.<\/li>\n<li>\ud83d\udc65 <strong>Empresas Medianas y Peque\u00f1as:<\/strong> Brinda tranquilidad a tu negocio sin importar su tama\u00f1o, asegurando la continuidad de operaciones esenciales.<\/li>\n<\/ul>\n<h4><strong>Recuerda que tambi\u00e9n contamos con el servicio de venta de equipos a nivel nacional:<\/strong><\/h4>\n<p>Venta UPS tipo torre, venta UPS interactiva, venta de UPS tipo rack, venta UPS Smart APC, venta UPS modular, venta UPS escalable, venta UPS online, UPS paralelo, UPS hibrida, UPS solar, Inversor Solar, UPS en serie, UPS contingencia, <a href=\"https:\/\/es.wikipedia.org\/wiki\/Bater%C3%ADa_AGM\">bater\u00edas<\/a> secas, tarjetas de control <a href=\"https:\/\/upscomunicaciones.com\/categoria-producto\/ups-online\/tarjetas-snmp\/\">SNMP<\/a>, inversores y paneles solares.<\/p>\n","protected":false},"excerpt":{"rendered":"<ul>\n<li>Puerto SNMP para monitoreo y configuraci\u00f3n v\u00eda red para ups on-line POWEST TITAN EA<\/li>\n<li>Compatible con los modelos POWEST EA<\/li>\n<li>Las tarjetas SNMP POWEST le permiten establecer una interface entre el UPS y la red. Permiti\u00e9ndole la administraci\u00f3n remota del UPS desde cualquier estaci\u00f3n de trabajo a trav\u00e9s de Internet o Intranet.<\/li>\n<\/ul>\n","protected":false},"featured_media":949,"template":"","meta":[],"product_brand":[158],"product_cat":[141,121],"product_tag":[159],"class_list":{"0":"post-932","1":"product","2":"type-product","3":"status-publish","4":"has-post-thumbnail","6":"product_brand-powest","7":"product_cat-tarjetas-snmp","8":"product_cat-ups-online","9":"product_tag-powest","11":"first","12":"instock","13":"shipping-taxable","14":"product-type-simple"},"aioseo_notices":[],"_links":{"self":[{"href":"https:\/\/marketingads.co\/ups\/wp-json\/wp\/v2\/product\/932","targetHints":{"allow":["GET"]}}],"collection":[{"href":"https:\/\/marketingads.co\/ups\/wp-json\/wp\/v2\/product"}],"about":[{"href":"https:\/\/marketingads.co\/ups\/wp-json\/wp\/v2\/types\/product"}],"wp:featuredmedia":[{"embeddable":true,"href":"https:\/\/marketingads.co\/ups\/wp-json\/wp\/v2\/media\/949"}],"wp:attachment":[{"href":"https:\/\/marketingads.co\/ups\/wp-json\/wp\/v2\/media?parent=932"}],"wp:term":[{"taxonomy":"product_brand","embeddable":true,"href":"https:\/\/marketingads.co\/ups\/wp-json\/wp\/v2\/product_brand?post=932"},{"taxonomy":"product_cat","embeddable":true,"href":"https:\/\/marketingads.co\/ups\/wp-json\/wp\/v2\/product_cat?post=932"},{"taxonomy":"product_tag","embeddable":true,"href":"https:\/\/marketingads.co\/ups\/wp-json\/wp\/v2\/product_tag?post=932"}],"curies":[{"name":"wp","href":"https:\/\/api.w.org\/{rel}","templated":true}]}}