{"id":933,"date":"2025-07-04T15:57:44","date_gmt":"2025-07-04T20:57:44","guid":{"rendered":"https:\/\/marketingads.com.co\/ups\/?post_type=product&#038;p=933"},"modified":"2025-12-26T22:13:50","modified_gmt":"2025-12-26T22:13:50","slug":"tarjeta-snmp-powest-ups-1-10kva","status":"publish","type":"product","link":"https:\/\/marketingads.co\/ups\/producto\/tarjeta-snmp-powest-ups-1-10kva\/","title":{"rendered":"Tarjeta SNMP POWEST UPS 1-10KVA"},"content":{"rendered":"<p>Tarjeta SNMP POWEST UPS 1-10KVA ofrece una gesti\u00f3n avanzada y flexible de su sistema de alimentaci\u00f3n ininterrumpida. Compatible con modelos de 1KVA a 10KVA, esta soluci\u00f3n permite el monitoreo y la configuraci\u00f3n remota a trav\u00e9s de Internet o Intranet.<\/p>\n<h4>Caracteristicas principales Tarjeta SNMP POWEST UPS 1-10KVA:<\/h4>\n<ul>\n<li>Puerto SNMP para monitoreo y configuraci\u00f3n v\u00eda red para ups on-line POWEST TITAN<\/li>\n<li>Compatible con los modelos de 1KVA a 10 KVA<\/li>\n<li>Las tarjetas SNMP POWEST le permiten establecer una interface entre el UPS y la red. Permiti\u00e9ndole la administraci\u00f3n remota del UPS desde cualquier estaci\u00f3n de trabajo a trav\u00e9s de Internet o Intranet.<\/li>\n<li>Esta soluci\u00f3n le permite monitorear y administrar su UPS con un navegador web est\u00e1ndar, al tiempo que proporciona de manera simult\u00e1nea reportes del estado funcional de la UPS basado en la estructura de gesti\u00f3n (MIB) a trav\u00e9s del protocolo SNMP.<\/li>\n<li>Gesti\u00f3n integral de UPS con una configuraci\u00f3n flexible a trav\u00e9s del navegador web, NMS, Telnet y SNMP<\/li>\n<li>Soporte de encriptaci\u00f3n avanzada, HTTPS, SSL, SSH, SNMPv3 Notificaci\u00f3n de eventos por correo electr\u00f3nico, SMS o de Trap<\/li>\n<li>Monitorizaci\u00f3n del entorno, presencia de agua, humo y sensor de temperatura y humedad en puerta \/ ventana.<\/li>\n<li>Soporte Wifi de ayuda USB 802.1b \/G disco flash USB \/ HDD externo USB, c\u00e1mara USB compatible.<\/li>\n<li>Soporte USB MIB, RFC1628, PPC MIB<\/li>\n<li>Monitoreo de UPS en tiempo real<\/li>\n<li>Programaci\u00f3n de auto prueba de la UPS<\/li>\n<li>Registro de datos y eventos<\/li>\n<li>Agradable apagado de m\u00faltiples servidores, (MULTI SEVER SHUTDOWN)<\/li>\n<li>Software para centralizaci\u00f3n y monitoreo de UPS POWEST VIEW<\/li>\n<\/ul>\n<h4>Aplicaciones en Diversos Sectores, Esta potente soluci\u00f3n encuentra su lugar en diversas industrias y negocios, como:<\/h4>\n<ul>\n<li>\ud83d\udcde <strong>Call Centers:<\/strong> Mant\u00e9n las comunicaciones ininterrumpidas y los datos protegidos durante cortes de energ\u00eda.<\/li>\n<li>\ud83d\udda5\ufe0f <strong>Servidores:<\/strong> Protege tus servidores y equipos de red para evitar p\u00e9rdidas de datos y tiempos de inactividad.<\/li>\n<li>\ud83c\udfe5 <strong>Sector M\u00e9dico:<\/strong> Asegura el funcionamiento continuo de equipos m\u00e9dicos y odontol\u00f3gicos cr\u00edticos para la atenci\u00f3n de pacientes.<\/li>\n<li>\ud83c\udfed <strong>Industria:<\/strong> Protege tus equipos industriales sensibles y evita da\u00f1os costosos debido a interrupciones de energ\u00eda.<\/li>\n<li>\ud83d\udc65 <strong>Empresas Medianas y Peque\u00f1as:<\/strong> Brinda tranquilidad a tu negocio sin importar su tama\u00f1o, asegurando la continuidad de operaciones esenciales.<\/li>\n<\/ul>\n<h4><strong>Recuerda que tambi\u00e9n contamos con el servicio de venta de equipos a nivel nacional:<\/strong><\/h4>\n<p>Venta UPS tipo torre, venta UPS interactiva, venta de UPS tipo rack, venta UPS Smart APC, venta UPS modular, venta UPS escalable, venta UPS online, UPS paralelo, UPS hibrida, UPS solar, Inversor Solar, UPS en serie, UPS contingencia, <a href=\"https:\/\/es.wikipedia.org\/wiki\/Bater%C3%ADa_AGM\">bater\u00edas<\/a> secas, tarjetas de control <a href=\"https:\/\/upscomunicaciones.com\/categoria-producto\/ups-online\/tarjetas-snmp\/?swcfpc=1\">SNMP<\/a>, inversores y paneles solares.<\/p>\n","protected":false},"excerpt":{"rendered":"<p>Con capacidades de encriptaci\u00f3n avanzada y notificaciones de eventos por correo electr\u00f3nico, SMS o Trap, garantiza la seguridad y la r\u00e1pida respuesta ante cualquier anomal\u00eda. Adem\u00e1s, brinda monitoreo del entorno con sensores de agua, humo, temperatura y humedad, junto con soporte para dispositivos USB y capacidad de programaci\u00f3n de auto prueba.<\/p>\n","protected":false},"featured_media":950,"template":"","meta":[],"product_brand":[158],"product_cat":[141,121],"product_tag":[159],"class_list":{"0":"post-933","1":"product","2":"type-product","3":"status-publish","4":"has-post-thumbnail","6":"product_brand-powest","7":"product_cat-tarjetas-snmp","8":"product_cat-ups-online","9":"product_tag-powest","11":"first","12":"instock","13":"shipping-taxable","14":"product-type-simple"},"aioseo_notices":[],"_links":{"self":[{"href":"https:\/\/marketingads.co\/ups\/wp-json\/wp\/v2\/product\/933","targetHints":{"allow":["GET"]}}],"collection":[{"href":"https:\/\/marketingads.co\/ups\/wp-json\/wp\/v2\/product"}],"about":[{"href":"https:\/\/marketingads.co\/ups\/wp-json\/wp\/v2\/types\/product"}],"wp:featuredmedia":[{"embeddable":true,"href":"https:\/\/marketingads.co\/ups\/wp-json\/wp\/v2\/media\/950"}],"wp:attachment":[{"href":"https:\/\/marketingads.co\/ups\/wp-json\/wp\/v2\/media?parent=933"}],"wp:term":[{"taxonomy":"product_brand","embeddable":true,"href":"https:\/\/marketingads.co\/ups\/wp-json\/wp\/v2\/product_brand?post=933"},{"taxonomy":"product_cat","embeddable":true,"href":"https:\/\/marketingads.co\/ups\/wp-json\/wp\/v2\/product_cat?post=933"},{"taxonomy":"product_tag","embeddable":true,"href":"https:\/\/marketingads.co\/ups\/wp-json\/wp\/v2\/product_tag?post=933"}],"curies":[{"name":"wp","href":"https:\/\/api.w.org\/{rel}","templated":true}]}}