{"id":934,"date":"2025-07-04T15:57:45","date_gmt":"2025-07-04T20:57:45","guid":{"rendered":"https:\/\/marketingads.com.co\/ups\/?post_type=product&#038;p=934"},"modified":"2025-12-26T22:06:17","modified_gmt":"2025-12-26T22:06:17","slug":"tarjeta-snmp-cdp-pllk-6-10-accesorio-de-redundancia-paralela","status":"publish","type":"product","link":"https:\/\/marketingads.co\/ups\/producto\/tarjeta-snmp-cdp-pllk-6-10-accesorio-de-redundancia-paralela\/","title":{"rendered":"TARJETA SNMP CDP PLLK 6 \/ 10 (Accesorio de redundancia paralela)"},"content":{"rendered":"<p>LA TARJETA SNMP CDP PLLK 6 \/ 10 (Accesorio de redundancia paralela) es un revolucionario accesorio de redundancia paralela ofrece una soluci\u00f3n incomparable para mantener su operaci\u00f3n en marcha. Con capacidad para sincronizar la salida de hasta cuatro UPS, y la posibilidad de aumentar hasta tres unidades adicionales en paralelo con un cuarto UPS como redundancia, este innovador dispositivo proporciona una seguridad el\u00e9ctrica sin igual. Kit de conexi\u00f3n paralelo UPO22RT PLLK 6 \/ 10 y UPO22RT PLLK 15 \/ 20<\/p>\n<h4>Caracteristicas principales\u00a0 de la tarjeta TARJETA SNMP CDP PLLK 6 \/ 10 (Accesorio de redundancia paralela):<\/h4>\n<p><strong>UPO22RT PLLK 6 \/ 10 <\/strong><\/p>\n<ul>\n<li>Accesorio de redundancia paralela.<\/li>\n<li>Cables de comunicaci\u00f3n, rel\u00e9 de placa de control.<\/li>\n<li>Sincronice la salida de hasta 4 UPS.<\/li>\n<li>Aumente hasta 3 UPS en paralelo y 4to UPS como redundancia.<\/li>\n<li>Ideal para aumentar la potencia.<\/li>\n<\/ul>\n<p><strong>UPO22RT PLLK 15 \/ 20<\/strong><\/p>\n<ul>\n<li>Accesorio de redundancia paralela.<\/li>\n<li>Cables de comunicaci\u00f3n, rel\u00e9 de placa de control.<\/li>\n<li>Sincronice la salida de hasta 4 UPS.<\/li>\n<li>Aumente hasta 3 UPS en paralelo y 4to UPS como redundancia.<\/li>\n<li>Ideal para aumentar la potencia.<\/li>\n<\/ul>\n<h4>Aplicaciones en Diversos Sectores, Esta potente soluci\u00f3n encuentra su lugar en diversas industrias y negocios, como:<\/h4>\n<ul>\n<li>\ud83d\udcde <strong>Call Centers:<\/strong> Mant\u00e9n las comunicaciones ininterrumpidas y los datos protegidos durante cortes de energ\u00eda.<\/li>\n<li>\ud83d\udda5\ufe0f <strong>Servidores:<\/strong> Protege tus servidores y equipos de red para evitar p\u00e9rdidas de datos y tiempos de inactividad.<\/li>\n<li>\ud83c\udfe5 <strong>Sector M\u00e9dico:<\/strong> Asegura el funcionamiento continuo de equipos m\u00e9dicos y odontol\u00f3gicos cr\u00edticos para la atenci\u00f3n de pacientes.<\/li>\n<li>\ud83c\udfed <strong>Industria:<\/strong> Protege tus equipos industriales sensibles y evita da\u00f1os costosos debido a interrupciones de energ\u00eda.<\/li>\n<li>\ud83d\udc65 <strong>Empresas Medianas y Peque\u00f1as:<\/strong> Brinda tranquilidad a tu negocio sin importar su tama\u00f1o, asegurando la continuidad de operaciones esenciales.<\/li>\n<\/ul>\n<h4><strong>Recuerda que tambi\u00e9n contamos con el servicio de venta de equipos a nivel nacional:<\/strong><\/h4>\n<p>Venta UPS tipo torre, venta UPS interactiva, venta de UPS tipo rack, venta UPS Smart APC, venta UPS modular, venta UPS escalable, venta UPS online, UPS paralelo, UPS hibrida, UPS solar, Inversor Solar, UPS en serie, UPS contingencia, <a href=\"https:\/\/es.wikipedia.org\/wiki\/Bater%C3%ADa_AGM\">bater\u00edas<\/a> secas, tarjetas de control <a href=\"https:\/\/upscomunicaciones.com\/categoria-producto\/ups-online\/tarjetas-snmp\/\">SNMP<\/a>, inversores y paneles solares.<\/p>\n","protected":false},"excerpt":{"rendered":"<p>El accesorio de redundancia paralela ofrece una soluci\u00f3n robusta para garantizar la continuidad del suministro el\u00e9ctrico al sincronizar la salida de hasta cuatro UPS, permitiendo la conexi\u00f3n en paralelo de hasta tres unidades adicionales para aumentar la potencia y proporcionar un cuarto UPS como redundancia. Incluye cables de comunicaci\u00f3n y un rel\u00e9 de placa de control para facilitar la gesti\u00f3n y coordinaci\u00f3n de los sistemas UPS, convirti\u00e9ndolo en una opci\u00f3n ideal para entornos donde se requiere una alta disponibilidad energ\u00e9tica.<\/p>\n","protected":false},"featured_media":951,"template":"","meta":[],"product_brand":[133],"product_cat":[141,121],"product_tag":[134],"class_list":{"0":"post-934","1":"product","2":"type-product","3":"status-publish","4":"has-post-thumbnail","6":"product_brand-cdp","7":"product_cat-tarjetas-snmp","8":"product_cat-ups-online","9":"product_tag-cdp","11":"first","12":"instock","13":"shipping-taxable","14":"product-type-simple"},"aioseo_notices":[],"_links":{"self":[{"href":"https:\/\/marketingads.co\/ups\/wp-json\/wp\/v2\/product\/934","targetHints":{"allow":["GET"]}}],"collection":[{"href":"https:\/\/marketingads.co\/ups\/wp-json\/wp\/v2\/product"}],"about":[{"href":"https:\/\/marketingads.co\/ups\/wp-json\/wp\/v2\/types\/product"}],"wp:featuredmedia":[{"embeddable":true,"href":"https:\/\/marketingads.co\/ups\/wp-json\/wp\/v2\/media\/951"}],"wp:attachment":[{"href":"https:\/\/marketingads.co\/ups\/wp-json\/wp\/v2\/media?parent=934"}],"wp:term":[{"taxonomy":"product_brand","embeddable":true,"href":"https:\/\/marketingads.co\/ups\/wp-json\/wp\/v2\/product_brand?post=934"},{"taxonomy":"product_cat","embeddable":true,"href":"https:\/\/marketingads.co\/ups\/wp-json\/wp\/v2\/product_cat?post=934"},{"taxonomy":"product_tag","embeddable":true,"href":"https:\/\/marketingads.co\/ups\/wp-json\/wp\/v2\/product_tag?post=934"}],"curies":[{"name":"wp","href":"https:\/\/api.w.org\/{rel}","templated":true}]}}