{"id":935,"date":"2025-07-04T15:57:45","date_gmt":"2025-07-04T20:57:45","guid":{"rendered":"https:\/\/marketingads.com.co\/ups\/?post_type=product&#038;p=935"},"modified":"2025-12-26T22:10:55","modified_gmt":"2025-12-26T22:10:55","slug":"tarjeta-snmp-cdp-upo","status":"publish","type":"product","link":"https:\/\/marketingads.co\/ups\/producto\/tarjeta-snmp-cdp-upo\/","title":{"rendered":"Tarjeta SNMP CDP UPO"},"content":{"rendered":"<p>Integrado con el software ViewPower, SNMP Manager funciona como una soluci\u00f3n de comunicaci\u00f3n mejorada para la supervisi\u00f3n y gesti\u00f3n de UPS. Esta tarjeta de administrador SNMP permite monitorear y administrar de manera remota m\u00faltiples UPS desde cualquier lugar con acceso a internet. El software ViewPower aprovechar\u00e1 la capacidad de internet del administrador SNMP para programar o apagar UPS de forma remota.<\/p>\n<h4>Caracteristicas Tarjeta SNMP CDP UPO:<\/h4>\n<ol>\n<li>Permite el control y monitoreo de m\u00faltiples UPS a trav\u00e9s de la conexi\u00f3n de red RJ-45.<\/li>\n<li>Gr\u00e1ficos din\u00e1micos en tiempo real de datos del UPS (voltaje, frecuencia, nivel de carga, nivel de bater\u00eda).<\/li>\n<li>Notificaciones de advertencia v\u00eda alarma audible, transmisi\u00f3n, mensajer\u00eda m\u00f3vil, correo electr\u00f3nico y trampas SNMP.<\/li>\n<li>Registro de datos hist\u00f3ricos almacenados en una base de datos de PC centralizada.<\/li>\n<li>Actualizaci\u00f3n de firmware simple con un clic.<\/li>\n<li>Protecci\u00f3n de seguridad con contrase\u00f1a y gesti\u00f3n de acceso remoto.<\/li>\n<li>Admite un detector de monitoreo ambiental opcional para temperatura, humedad y humo.<\/li>\n<\/ol>\n<h4>Aplicaciones en Diversos Sectores, Esta potente soluci\u00f3n encuentra su lugar en diversas industrias y negocios, como:<\/h4>\n<ul>\n<li>\ud83d\udcde <strong>Call Centers:<\/strong> Mant\u00e9n las comunicaciones ininterrumpidas y los datos protegidos durante cortes de energ\u00eda.<\/li>\n<li>\ud83d\udda5\ufe0f <strong>Servidores:<\/strong> Protege tus servidores y equipos de red para evitar p\u00e9rdidas de datos y tiempos de inactividad.<\/li>\n<li>\ud83c\udfe5 <strong>Sector M\u00e9dico:<\/strong> Asegura el funcionamiento continuo de equipos m\u00e9dicos y odontol\u00f3gicos cr\u00edticos para la atenci\u00f3n de pacientes.<\/li>\n<li>\ud83c\udfed <strong>Industria:<\/strong> Protege tus equipos industriales sensibles y evita da\u00f1os costosos debido a interrupciones de energ\u00eda.<\/li>\n<li>\ud83d\udc65 <strong>Empresas Medianas y Peque\u00f1as:<\/strong> Brinda tranquilidad a tu negocio sin importar su tama\u00f1o, asegurando la continuidad de operaciones esenciales.<\/li>\n<\/ul>\n<h4><strong>Recuerda que tambi\u00e9n contamos con el servicio de venta de equipos a nivel nacional:<\/strong><\/h4>\n<p>Venta <a href=\"https:\/\/upscomunicaciones.com\/categoria-producto\/ups-online\/ups-vme-ups-online\/\">UPS<\/a> tipo torre, venta UPS interactiva, venta de UPS tipo rack, venta UPS Smart APC, venta UPS modular, venta UPS escalable, venta UPS online, UPS paralelo, UPS hibrida, UPS solar, Inversor Solar, UPS en serie, UPS contingencia, bater\u00edas secas, tarjetas de control <a href=\"https:\/\/es.wikipedia.org\/wiki\/Protocolo_simple_de_administraci%C3%B3n_de_red\">SNMP<\/a>, inversores y \u00a0paneles solares.<\/p>\n","protected":false},"excerpt":{"rendered":"<p>Esta tarjeta de administrador SNMP permite monitorear y administrar de manera remota m\u00faltiples UPS desde cualquier lugar con acceso a internet. El software ViewPower aprovechar\u00e1 la capacidad de internet del administrador SNMP para programar o apagar UPS de forma remota.<\/p>\n","protected":false},"featured_media":952,"template":"","meta":[],"product_brand":[133],"product_cat":[141,121],"product_tag":[134],"class_list":{"0":"post-935","1":"product","2":"type-product","3":"status-publish","4":"has-post-thumbnail","6":"product_brand-cdp","7":"product_cat-tarjetas-snmp","8":"product_cat-ups-online","9":"product_tag-cdp","11":"first","12":"instock","13":"shipping-taxable","14":"product-type-simple"},"aioseo_notices":[],"_links":{"self":[{"href":"https:\/\/marketingads.co\/ups\/wp-json\/wp\/v2\/product\/935","targetHints":{"allow":["GET"]}}],"collection":[{"href":"https:\/\/marketingads.co\/ups\/wp-json\/wp\/v2\/product"}],"about":[{"href":"https:\/\/marketingads.co\/ups\/wp-json\/wp\/v2\/types\/product"}],"wp:featuredmedia":[{"embeddable":true,"href":"https:\/\/marketingads.co\/ups\/wp-json\/wp\/v2\/media\/952"}],"wp:attachment":[{"href":"https:\/\/marketingads.co\/ups\/wp-json\/wp\/v2\/media?parent=935"}],"wp:term":[{"taxonomy":"product_brand","embeddable":true,"href":"https:\/\/marketingads.co\/ups\/wp-json\/wp\/v2\/product_brand?post=935"},{"taxonomy":"product_cat","embeddable":true,"href":"https:\/\/marketingads.co\/ups\/wp-json\/wp\/v2\/product_cat?post=935"},{"taxonomy":"product_tag","embeddable":true,"href":"https:\/\/marketingads.co\/ups\/wp-json\/wp\/v2\/product_tag?post=935"}],"curies":[{"name":"wp","href":"https:\/\/api.w.org\/{rel}","templated":true}]}}