{"id":938,"date":"2025-07-04T15:57:49","date_gmt":"2025-07-04T20:57:49","guid":{"rendered":"https:\/\/marketingads.com.co\/ups\/?post_type=product&#038;p=938"},"modified":"2025-12-26T16:59:45","modified_gmt":"2025-12-26T21:59:45","slug":"tarjeta-snmp-apc-ap-9640","status":"publish","type":"product","link":"https:\/\/marketingads.co\/ups\/producto\/tarjeta-snmp-apc-ap-9640\/","title":{"rendered":"Tarjeta SNMP APC AP 9640"},"content":{"rendered":"<h4>CARACTERISTICAS tarjeta SNMP APC AP 9640:<\/h4>\n<ol>\n<li>La tarjeta SNMP APC AP 9640 es compatible con el env\u00edo de informaci\u00f3n del SAI a sistemas de gesti\u00f3n de edificios u otros sistemas de gesti\u00f3n de terceros mediante BACnet\/IP (certificaci\u00f3n del BTL) (solo unidades SAI monof\u00e1sicas Smart-UPS).<\/li>\n<li>Monitorizaci\u00f3n remota y control de un SAI individual al conectarlo directamente a la red.<\/li>\n<li>Permite la gesti\u00f3n remota a trav\u00e9s de Telnet o SSH.<\/li>\n<li>Compatible con Smart-UPS.<\/li>\n<li>Admite hasta cuatro niveles de acceso (Administrador, Usuario del dispositivo, Usuario de solo lectura y Usuario de solo red) con requisitos de nombre de usuario y contrase\u00f1a.<\/li>\n<\/ol>\n<h4>Aplicaciones en Diversos Sectores, Esta potente soluci\u00f3n encuentra su lugar en diversas industrias y negocios, como:<\/h4>\n<ul>\n<li>\ud83d\udcde <strong>Call Centers:<\/strong> Mant\u00e9n las comunicaciones ininterrumpidas y los datos protegidos durante cortes de energ\u00eda.<\/li>\n<li>\ud83d\udda5\ufe0f <strong>Servidores:<\/strong> Protege tus servidores y equipos de red para evitar p\u00e9rdidas de datos y tiempos de inactividad.<\/li>\n<li>\ud83c\udfe5 <strong>Sector M\u00e9dico:<\/strong> Asegura el funcionamiento continuo de equipos m\u00e9dicos y odontol\u00f3gicos cr\u00edticos para la atenci\u00f3n de pacientes.<\/li>\n<li>\ud83c\udfed <strong>Industria:<\/strong> Protege tus equipos industriales sensibles y evita da\u00f1os costosos debido a interrupciones de energ\u00eda.<\/li>\n<li>\ud83d\udc65 <strong>Empresas Medianas y Peque\u00f1as:<\/strong> Brinda tranquilidad a tu negocio sin importar su tama\u00f1o, asegurando la continuidad de operaciones esenciales.<\/li>\n<\/ul>\n<h4><strong>Recuerda que tambi\u00e9n contamos con el servicio de venta de equipos a nivel nacional:<\/strong><\/h4>\n<p>Venta <a href=\"https:\/\/upscomunicaciones.com\/categoria-producto\/ups-online\/ups-vme-ups-online\/\">UPS<\/a> tipo torre, venta UPS interactiva, venta de UPS tipo rack, venta UPS Smart APC, venta UPS modular, venta UPS escalable, venta UPS online, UPS paralelo, UPS hibrida, UPS solar, Inversor Solar, UPS en serie, UPS contingencia, bater\u00edas secas, tarjetas de control <a href=\"https:\/\/es.wikipedia.org\/wiki\/Protocolo_simple_de_administraci%C3%B3n_de_red\">SNMP<\/a>, inversores y \u00a0paneles solares.<\/p>\n","protected":false},"excerpt":{"rendered":"<p>La tarjeta SNMP APC AP 9640 es una soluci\u00f3n vers\u00e1til que brinda la capacidad de enviar informaci\u00f3n desde sistemas de alimentaci\u00f3n ininterrumpida (SAI) a sistemas de gesti\u00f3n de edificios y otros sistemas de terceros mediante BACnet\/IP (con certificaci\u00f3n del BTL), especialmente dise\u00f1ada para unidades SAI monof\u00e1sicas Smart-UPS. Adem\u00e1s, permite la monitorizaci\u00f3n remota y el control de un SAI individual mediante su conexi\u00f3n directa a la red.<\/p>\n","protected":false},"featured_media":959,"template":"","meta":[],"product_brand":[],"product_cat":[141,121],"product_tag":[],"class_list":{"0":"post-938","1":"product","2":"type-product","3":"status-publish","4":"has-post-thumbnail","6":"product_cat-tarjetas-snmp","7":"product_cat-ups-online","9":"first","10":"instock","11":"shipping-taxable","12":"product-type-simple"},"aioseo_notices":[],"_links":{"self":[{"href":"https:\/\/marketingads.co\/ups\/wp-json\/wp\/v2\/product\/938","targetHints":{"allow":["GET"]}}],"collection":[{"href":"https:\/\/marketingads.co\/ups\/wp-json\/wp\/v2\/product"}],"about":[{"href":"https:\/\/marketingads.co\/ups\/wp-json\/wp\/v2\/types\/product"}],"wp:featuredmedia":[{"embeddable":true,"href":"https:\/\/marketingads.co\/ups\/wp-json\/wp\/v2\/media\/959"}],"wp:attachment":[{"href":"https:\/\/marketingads.co\/ups\/wp-json\/wp\/v2\/media?parent=938"}],"wp:term":[{"taxonomy":"product_brand","embeddable":true,"href":"https:\/\/marketingads.co\/ups\/wp-json\/wp\/v2\/product_brand?post=938"},{"taxonomy":"product_cat","embeddable":true,"href":"https:\/\/marketingads.co\/ups\/wp-json\/wp\/v2\/product_cat?post=938"},{"taxonomy":"product_tag","embeddable":true,"href":"https:\/\/marketingads.co\/ups\/wp-json\/wp\/v2\/product_tag?post=938"}],"curies":[{"name":"wp","href":"https:\/\/api.w.org\/{rel}","templated":true}]}}