{"id":939,"date":"2025-07-04T15:57:50","date_gmt":"2025-07-04T20:57:50","guid":{"rendered":"https:\/\/marketingads.com.co\/ups\/?post_type=product&#038;p=939"},"modified":"2025-12-26T18:16:27","modified_gmt":"2025-12-26T18:16:27","slug":"tarjeta-snmp-apc-ap-9619","status":"publish","type":"product","link":"https:\/\/marketingads.co\/ups\/producto\/tarjeta-snmp-apc-ap-9619\/","title":{"rendered":"Tarjeta SNMP APC AP 9619"},"content":{"rendered":"<h4>Caracteristicas principales Tarjeta SNMP APC AP 9619:<\/h4>\n<ol>\n<li>Proporciona la capacidad de exportar un archivo de configuraci\u00f3n de usuario (.ini) desde una tarjeta configurada a una o m\u00e1s tarjetas no configuradas sin convertir el archivo en un archivo binario.<\/li>\n<li>Admite el uso del Protocolo de Configuraci\u00f3n Din\u00e1mica de Host (DHCP) o un servidor para proporcionar los valores de red (TCP\/IP) de la Tarjeta de Administraci\u00f3n.<\/li>\n<li>Admite el uso del Servicio de Monitoreo Remoto (RMS) de APC.<\/li>\n<li>Proporciona registros de datos y eventos.<\/li>\n<li>Ofrece caracter\u00edsticas de programaci\u00f3n para apagado y autoevaluaci\u00f3n de UPS.<\/li>\n<li>Proporciona soporte para la utilidad de Apagado de Red APC PowerChute\u00ae.<\/li>\n<li>Te permite configurar notificaciones a trav\u00e9s del registro de eventos (mediante la Tarjeta de Administraci\u00f3n y Syslog), correo electr\u00f3nico y trampas SNMP. Puedes configurar notificaciones para eventos individuales o grupos de eventos, seg\u00fan el nivel de gravedad o categor\u00eda de los eventos.<\/li>\n<li>Ofrece una selecci\u00f3n de protocolos de seguridad para autenticaci\u00f3n y cifrado.<\/li>\n<\/ol>\n<h4>Aplicaciones en Diversos Sectores, Esta potente soluci\u00f3n encuentra su lugar en diversas industrias y negocios, como:<\/h4>\n<ul>\n<li>\ud83d\udcde <strong>Call Centers:<\/strong> Mant\u00e9n las comunicaciones ininterrumpidas y los datos protegidos durante cortes de energ\u00eda.<\/li>\n<li>\ud83d\udda5\ufe0f <strong>Servidores:<\/strong> Protege tus servidores y equipos de red para evitar p\u00e9rdidas de datos y tiempos de inactividad.<\/li>\n<li>\ud83c\udfe5 <strong>Sector M\u00e9dico:<\/strong> Asegura el funcionamiento continuo de equipos m\u00e9dicos y odontol\u00f3gicos cr\u00edticos para la atenci\u00f3n de pacientes.<\/li>\n<li>\ud83c\udfed <strong>Industria:<\/strong> Protege tus equipos industriales sensibles y evita da\u00f1os costosos debido a interrupciones de energ\u00eda.<\/li>\n<li>\ud83d\udc65 <strong>Empresas Medianas y Peque\u00f1as:<\/strong> Brinda tranquilidad a tu negocio sin importar su tama\u00f1o, asegurando la continuidad de operaciones esenciales.<\/li>\n<\/ul>\n<h4><strong>Recuerda que tambi\u00e9n contamos con el servicio de venta de equipos a nivel nacional:<\/strong><\/h4>\n<p>Venta UPS tipo torre, venta UPS interactiva, venta de UPS tipo rack, venta UPS Smart APC, venta UPS modular, venta UPS escalable, venta UPS online, UPS paralelo, UPS hibrida, UPS solar, Inversor Solar, UPS en serie, UPS contingencia, <a href=\"https:\/\/upscomunicaciones.com\/categoria-producto\/baterias-secas\/?swcfpc=1\">bater\u00edas secas<\/a>, tarjetas de control SNMP, inversores y <a href=\"https:\/\/es.wikipedia.org\/wiki\/Panel_solar\">paneles solares<\/a>.<\/p>\n","protected":false},"excerpt":{"rendered":"<p>La tarjeta ofrece la capacidad de exportar configuraciones de usuario entre tarjetas, soporte para DHCP o servidores para configuraciones de red, integraci\u00f3n con el Servicio de Monitoreo Remoto de APC, registros de datos y eventos, programaci\u00f3n de apagado y autoevaluaci\u00f3n de UPS, soporte para Apagado de Red APC PowerChute\u00ae, configuraci\u00f3n de notificaciones a trav\u00e9s de eventos, correo electr\u00f3nico y SNMP, y una variedad de protocolos de seguridad para autenticaci\u00f3n y cifrado.<\/p>\n","protected":false},"featured_media":962,"template":"","meta":[],"product_brand":[],"product_cat":[141,121],"product_tag":[],"class_list":{"0":"post-939","1":"product","2":"type-product","3":"status-publish","4":"has-post-thumbnail","6":"product_cat-tarjetas-snmp","7":"product_cat-ups-online","9":"first","10":"instock","11":"shipping-taxable","12":"product-type-simple"},"aioseo_notices":[],"_links":{"self":[{"href":"https:\/\/marketingads.co\/ups\/wp-json\/wp\/v2\/product\/939","targetHints":{"allow":["GET"]}}],"collection":[{"href":"https:\/\/marketingads.co\/ups\/wp-json\/wp\/v2\/product"}],"about":[{"href":"https:\/\/marketingads.co\/ups\/wp-json\/wp\/v2\/types\/product"}],"wp:featuredmedia":[{"embeddable":true,"href":"https:\/\/marketingads.co\/ups\/wp-json\/wp\/v2\/media\/962"}],"wp:attachment":[{"href":"https:\/\/marketingads.co\/ups\/wp-json\/wp\/v2\/media?parent=939"}],"wp:term":[{"taxonomy":"product_brand","embeddable":true,"href":"https:\/\/marketingads.co\/ups\/wp-json\/wp\/v2\/product_brand?post=939"},{"taxonomy":"product_cat","embeddable":true,"href":"https:\/\/marketingads.co\/ups\/wp-json\/wp\/v2\/product_cat?post=939"},{"taxonomy":"product_tag","embeddable":true,"href":"https:\/\/marketingads.co\/ups\/wp-json\/wp\/v2\/product_tag?post=939"}],"curies":[{"name":"wp","href":"https:\/\/api.w.org\/{rel}","templated":true}]}}